{"id":5224,"date":"2019-07-25T10:30:43","date_gmt":"2019-07-25T10:30:43","guid":{"rendered":"https:\/\/pego.it\/home\/"},"modified":"2025-11-05T10:12:23","modified_gmt":"2025-11-05T10:12:23","slug":"home","status":"publish","type":"page","link":"https:\/\/www.pego.it\/fr\/","title":{"rendered":"Home"},"content":{"rendered":"<ul>\n<li>\n<p>        <video src=\"\/wp-content\/uploads\/2025\/11\/VIDEO_SPOT_SITO.mp4\"><\/video><\/p>\n<h3>APE GLD<\/h3>\n<p>PEGO SRL<\/p>\n<div>\n<p>S\u00e9curit\u00e9 totale en chambre froide : APE GLD d\u00e9tecte les fuites de gaz et signale les personnes bloqu\u00e9es. Protection intelligente et fiable, conforme \u00e0 la norme UNI EN 378.<\/p>\n<\/div>\n<p><a href=\"\/fr\/produits\/accessoires\/ape-gld\/\">Voir le produit<\/a><\/p>\n<\/li>\n<li>\n<p>        <img decoding=\"async\" src=\"\/wp-content\/uploads\/2024\/10\/HOMEPAGE-PRODOTTI-STANDARD.png\" alt=\"Home\"><\/p>\n<h3>Tableaux standard <\/h3>\n<p>PEGO SRL<\/p>\n<div>PEGO est sp\u00e9cialis\u00e9e dans le domaine de la r\u00e9frig\u00e9ration et de la climatisation et propose une large gamme de produits, adapt\u00e9e \u00e0 tout type d&rsquo;application.<\/div>\n<\/li>\n<li>\n<p>        <img decoding=\"async\" src=\"\/wp-content\/uploads\/2024\/10\/HOMEPAGE-QUADRI-SPECIALI-3.png\" alt=\"Home\"><\/p>\n<h3>Tableaux sp\u00e9ciaux <\/h3>\n<p>PEGO SRL<\/p>\n<div>PEGO est disponible pour la conception et la production de tableaux \u00e9lectriques sp\u00e9ciaux, m\u00eame uniques, cr\u00e9\u00e9s pour r\u00e9pondre \u00e0 chaque demande sp\u00e9cifique du client et satisfaire les besoins d&rsquo;ing\u00e9nierie des installations.<\/div>\n<\/li>\n<li>\n<p>        <img decoding=\"async\" src=\"\/wp-content\/uploads\/2024\/10\/HOMEPAGE-HUMIDIFIERS-1.png\" alt=\"Home\"><\/p>\n<h3>Humidificateurs <\/h3>\n<p>PEGO SRL<\/p>\n<div>Les humidificateurs PEGO utilisent la technologie des \u00e9lectrodes immerg\u00e9es pour produire de la vapeur.<\/div>\n<\/li>\n<\/ul>\n<p><img decoding=\"async\" src=\"\/wp-content\/uploads\/2024\/10\/foto_entrata.jpg\" alt=\"Home\"><\/p>\n<div>L&rsquo;enterprise<\/div>\n<div>Tableaux \u00e9lectriques pour <br \/>installations frigorifiques<\/div>\n<div><strong>Conception et production de tableaux \u00e9lectriques et de commandes \u00e9lectroniques pour la r\u00e9frig\u00e9ration commerciale et industrielle et pour la climatisation.<br \/>\nProduction d\u2019HUMIDIFICATEURS \u00e0 \u00e9lectrodes immerg\u00e9es.<\/strong><\/div>\n<p><p>\n        <a href=\"https:\/\/www.pego.it\/fr\/enterprise\/\">En savoir plus<\/a>\n    <\/p>\n<\/p>\n<div>PEGO SRL<\/div>\n<div>Explorez les cat\u00e9gories de produits <\/div>\n<div>\n<p style=\"max-width: 90%;\"><strong>PEGO est sp\u00e9cialis\u00e9e dans le domaine de la r\u00e9frig\u00e9ration et de la climatisation<\/strong> et propose une large gamme de produits, adapt\u00e9e \u00e0 tout type d&rsquo;application. La production de tableaux standard et personnalis\u00e9s permet de r\u00e9pondre \u00e0 tous les besoins sp\u00e9cifiques du client. La large gamme d&rsquo;\u00e9lectronique de contr\u00f4le d\u00e9di\u00e9e au contr\u00f4le de la cellule r\u00e9frig\u00e9r\u00e9e, \u00e0 l&rsquo;affinage, au refroidissement, \u00e0 l&rsquo;arr\u00eat du levage, aux refroidisseurs et au syst\u00e8me de surveillance TeleNET vous permet de contr\u00f4ler toutes vos unit\u00e9s.<\/p>\n<\/div>\n<ul>\n<li>\n<p>        <img decoding=\"async\" src=\"\/wp-content\/uploads\/2024\/08\/termostati-1.png\" alt=\"Home\"><\/p>\n<h3>Thermostats<\/h3>\n<p><a href=\"\/fr\/produits\/thermostats\/\"><\/a><\/p>\n<\/li>\n<li>\n<p>        <img decoding=\"async\" src=\"\/wp-content\/uploads\/2024\/08\/elettronica-modulare-8.png\" alt=\"Home\"><\/p>\n<h3>Electronique Modulaire<\/h3>\n<p><a href=\"\/fr\/produits\/electronique-modulaire\/\"><\/a><\/p>\n<\/li>\n<li>\n<p>        <img decoding=\"async\" src=\"\/wp-content\/uploads\/2024\/10\/quadri.png\" alt=\"Home\"><\/p>\n<h3>Tableaux Electriques<\/h3>\n<p><a href=\"\/fr\/produits\/tableaux-electriques\/\"><\/a><\/p>\n<\/li>\n<li>\n<p>        <img decoding=\"async\" src=\"\/wp-content\/uploads\/2024\/08\/home-nector.png\" alt=\"Home\"><\/p>\n<h3>Nector<\/h3>\n<p><a href=\"\/fr\/produits\/panneaux-de-controle\/\"><\/a><\/p>\n<\/li>\n<li>\n<p>        <img decoding=\"async\" src=\"\/wp-content\/uploads\/2024\/10\/telenet.png\" alt=\"Home\"><\/p>\n<h3>Supervision<\/h3>\n<p><a href=\"\/fr\/produits\/supervision\/\"><\/a><\/p>\n<\/li>\n<li>\n<p>        <img decoding=\"async\" src=\"\/wp-content\/uploads\/2024\/08\/accessori.png\" alt=\"Home\"><\/p>\n<h3>Accessories<\/h3>\n<p><a href=\"\/fr\/produits\/accessoires\/\"><\/a><\/p>\n<\/li>\n<li>\n<p>        <img decoding=\"async\" src=\"\/wp-content\/uploads\/2024\/08\/illuminazione.png\" alt=\"Home\"><\/p>\n<h3>\u00c9clairage<\/h3>\n<p><a href=\"\/fr\/produits\/eclairage\/\"><\/a><\/p>\n<\/li>\n<li>\n<p>        <img decoding=\"async\" src=\"\/wp-content\/uploads\/2024\/10\/umidificatori.png\" alt=\"Home\"><\/p>\n<h3>Humidificateurs<\/h3>\n<p><a href=\"\/fr\/produits\/humidificateurs\/\"><\/a><\/p>\n<\/li>\n<\/ul>\n<p><img decoding=\"async\" src=\"\/wp-content\/uploads\/2024\/08\/nector-7.png\" alt=\"Home\"><\/p>\n<div>Nector<\/div>\n<div>\n<div >D\u00e9couvrez un nouveau <\/div>\n<div>type de contr\u00f4le<\/div>\n<div class=\"uk-flex uk-flex-middle\">\n\t<span>avec<\/span> <img decoding=\"async\" src=\"\/wp-content\/uploads\/2024\/05\/nector.png\" style=\"width:300px; padding-left:10px;padding-top:10px\" alt=\"Home\" \/>\n<\/div>\n<\/div>\n<div>Panneau de commande pour la gestion compl\u00e8te des cellules r\u00e9frig\u00e9r\u00e9es avec compresseur monophas\u00e9 jusqu&rsquo;\u00e0 2 HP avec fonction Datalogger et connectivit\u00e9 int\u00e9gr\u00e9e.<\/div>\n<p><p>\n        <a href=\"https:\/\/nector.pego.it\/?lang=fr\">D\u00e9couvrez le site de Nector<\/a>\n    <\/p>\n<\/p>\n<p><!--more--><br \/>\n<!-- {\"type\":\"layout\",\"children\":[{\"type\":\"section\",\"props\":{\"class\":\"newslider\",\"header_transparent\":true,\"header_transparent_noplaceholder\":true,\"header_transparent_text_color\":\"light\",\"height\":\"viewport\",\"height_viewport\":96,\"image_position\":\"center-center\",\"padding_remove_bottom\":true,\"padding_remove_top\":true,\"style\":\"default\",\"title_breakpoint\":\"xl\",\"title_position\":\"top-left\",\"title_rotation\":\"left\",\"vertical_align\":\"middle\",\"width\":\"\"},\"children\":[{\"type\":\"row\",\"children\":[{\"type\":\"column\",\"props\":{\"image_position\":\"center-center\",\"position_sticky_breakpoint\":\"m\"},\"children\":[{\"type\":\"panel-slider\",\"props\":{\"content_align\":true,\"content_column_breakpoint\":\"m\",\"css\":\"@media screen and (min-width:768px){\\n    .el-image{\\n        max-width:95%;\\n        margin-top: 10%;\\n    }\\n    video.el-image{\\n        max-width:100%\\n    }\\n}\",\"icon_width\":80,\"image_align\":\"left\",\"image_grid_breakpoint\":\"m\",\"image_grid_width\":\"3-5\",\"image_svg_color\":\"emphasis\",\"image_vertical_align\":true,\"link_style\":\"default\",\"link_text\":\"Read more\",\"margin\":\"default\",\"meta_align\":\"above-title\",\"meta_element\":\"div\",\"meta_style\":\"text-lead\",\"nav\":\"dotnav\",\"nav_align\":\"center\",\"nav_breakpoint\":\"s\",\"panel_match\":true,\"show_content\":true,\"show_hover_image\":true,\"show_hover_video\":true,\"show_image\":true,\"show_link\":true,\"show_meta\":true,\"show_title\":true,\"show_video\":true,\"slidenav\":\"outside\",\"slidenav_breakpoint\":\"xl\",\"slidenav_margin\":\"medium\",\"slidenav_outside_breakpoint\":\"xl\",\"slider_autoplay\":true,\"slider_autoplay_interval\":\"20\",\"slider_autoplay_pause\":false,\"slider_gap\":\"default\",\"slider_width\":\"fixed\",\"slider_width_default\":\"1-1\",\"slider_width_medium\":\"1-1\",\"title_align\":\"top\",\"title_element\":\"h3\",\"title_grid_breakpoint\":\"m\",\"title_grid_width\":\"1-2\",\"title_hover_style\":\"reset\",\"title_style\":\"heading-small\"},\"children\":[{\"type\":\"panel-slider_item\",\"props\":{\"content\":\"\n\n<p>S\\u00e9curit\\u00e9 totale en chambre froide : APE GLD d\\u00e9tecte les fuites de gaz et signale les personnes bloqu\\u00e9es. Protection intelligente et fiable, conforme \\u00e0 la norme UNI EN 378.<\\\/p>\",\"image\":\"\",\"link\":\"\\\/fr\\\/produits\\\/accessoires\\\/ape-gld\\\/\",\"link_text\":\"Voir le produit\",\"meta\":\"PEGO SRL\",\"title\":\"APE GLD\",\"video\":\"\\\/wp-content\\\/uploads\\\/2025\\\/11\\\/VIDEO_SPOT_SITO.mp4\"}},{\"type\":\"panel-slider_item\",\"props\":{\"content\":\"PEGO est sp\\u00e9cialis\\u00e9e dans le domaine de la r\\u00e9frig\\u00e9ration et de la climatisation et propose une large gamme de produits, adapt\\u00e9e \\u00e0 tout type d'application.\",\"image\":\"wp-content\\\/uploads\\\/2024\\\/10\\\/HOMEPAGE-PRODOTTI-STANDARD.png\",\"meta\":\"PEGO SRL\",\"title\":\"Tableaux standard \"}},{\"type\":\"panel-slider_item\",\"props\":{\"content\":\"PEGO est disponible pour la conception et la production de tableaux \\u00e9lectriques sp\\u00e9ciaux, m\\u00eame uniques, cr\\u00e9\\u00e9s pour r\\u00e9pondre \\u00e0 chaque demande sp\\u00e9cifique du client et satisfaire les besoins d'ing\\u00e9nierie des installations.\",\"image\":\"wp-content\\\/uploads\\\/2024\\\/10\\\/HOMEPAGE-QUADRI-SPECIALI-3.png\",\"meta\":\"PEGO SRL\",\"title\":\"Tableaux sp\\u00e9ciaux \"}},{\"type\":\"panel-slider_item\",\"props\":{\"content\":\"Les humidificateurs PEGO utilisent la technologie des \\u00e9lectrodes immerg\\u00e9es pour produire de la vapeur.\",\"image\":\"wp-content\\\/uploads\\\/2024\\\/10\\\/HOMEPAGE-HUMIDIFIERS-1.png\",\"meta\":\"PEGO SRL\",\"title\":\"Humidificateurs \"}}]}]}]}],\"name\":\"Panel Slider\"},{\"type\":\"section\",\"props\":{\"class\":\"position-relative padding-top-mobile\",\"image_position\":\"center-center\",\"padding\":\"large\",\"style\":\"muted\",\"title_breakpoint\":\"xl\",\"title_position\":\"top-left\",\"title_rotation\":\"left\",\"vertical_align\":\"middle\",\"width\":\"large\"},\"children\":[{\"type\":\"row\",\"props\":{\"layout\":\"1-3,2-3\"},\"children\":[{\"type\":\"column\",\"props\":{\"image_position\":\"center-center\",\"position_sticky_breakpoint\":\"m\",\"width_medium\":\"1-3\"},\"children\":[{\"type\":\"image\",\"props\":{\"class\":\"electrical-boards\",\"image\":\"wp-content\\\/uploads\\\/2024\\\/10\\\/foto_entrata.jpg\",\"image_svg_color\":\"emphasis\",\"margin\":\"default\"}}]},{\"type\":\"column\",\"props\":{\"image_position\":\"center-center\",\"position_sticky_breakpoint\":\"m\",\"vertical_align\":\"middle\",\"width_medium\":\"2-3\"},\"children\":[{\"type\":\"headline\",\"props\":{\"content\":\"L'enterprise\",\"position\":\"relative\",\"title_element\":\"div\",\"title_style\":\"text-lead\"}},{\"type\":\"headline\",\"props\":{\"content\":\"Tableaux \\u00e9lectriques pour <br \\\/>installations frigorifiques\",\"margin_remove_top\":true,\"position\":\"relative\",\"title_element\":\"div\",\"title_style\":\"heading-small\"}},{\"type\":\"text\",\"props\":{\"column_breakpoint\":\"m\",\"content\":\"<strong>Conception et production de tableaux \\u00e9lectriques et de commandes \\u00e9lectroniques pour la r\\u00e9frig\\u00e9ration commerciale et industrielle et pour la climatisation.<br\\\/>\\nProduction d\\u2019HUMIDIFICATEURS \\u00e0 \\u00e9lectrodes immerg\\u00e9es.<\\\/strong>\",\"margin\":\"default\",\"text_align\":\"justify\"}},{\"type\":\"button\",\"props\":{\"grid_column_gap\":\"small\",\"grid_row_gap\":\"small\",\"margin\":\"default\",\"position\":\"relative\"},\"children\":[{\"type\":\"button_item\",\"props\":{\"button_style\":\"primary\",\"content\":\"En savoir plus\",\"dialog_layout\":\"modal\",\"dialog_offcanvas_flip\":true,\"icon_align\":\"left\",\"link\":\"\\\/fr\\\/enterprise\\\/\"}}]}]}]}]},{\"type\":\"section\",\"props\":{\"image_position\":\"center-center\",\"style\":\"default\",\"title_breakpoint\":\"xl\",\"title_position\":\"top-left\",\"title_rotation\":\"left\",\"vertical_align\":\"middle\",\"width\":\"large\"},\"children\":[{\"type\":\"row\",\"props\":{\"column_gap\":\"large\",\"layout\":\"1-3,2-3\"},\"children\":[{\"type\":\"column\",\"props\":{\"image_position\":\"center-center\",\"position_sticky_breakpoint\":\"m\",\"width_medium\":\"1-3\"},\"children\":[{\"type\":\"headline\",\"props\":{\"content\":\"PEGO SRL\",\"margin_remove_bottom\":true,\"title_element\":\"div\",\"title_style\":\"text-lead\"}},{\"type\":\"headline\",\"props\":{\"content\":\"Explorez les cat\\u00e9gories de produits \",\"margin_remove_top\":true,\"title_element\":\"div\",\"title_style\":\"h1\"}},{\"type\":\"text\",\"props\":{\"column_breakpoint\":\"m\",\"content\":\"\n\n<p style=\\\"max-width: 90%;\\\"><strong>PEGO est sp\\u00e9cialis\\u00e9e dans le domaine de la r\\u00e9frig\\u00e9ration et de la climatisation<\\\/strong> et propose une large gamme de produits, adapt\\u00e9e \\u00e0 tout type d'application. La production de tableaux standard et personnalis\\u00e9s permet de r\\u00e9pondre \\u00e0 tous les besoins sp\\u00e9cifiques du client. La large gamme d'\\u00e9lectronique de contr\\u00f4le d\\u00e9di\\u00e9e au contr\\u00f4le de la cellule r\\u00e9frig\\u00e9r\\u00e9e, \\u00e0 l'affinage, au refroidissement, \\u00e0 l'arr\\u00eat du levage, aux refroidisseurs et au syst\\u00e8me de surveillance TeleNET vous permet de contr\\u00f4ler toutes vos unit\\u00e9s.<\\\/p>\",\"margin\":\"default\",\"text_align\":\"justify\"}}]},{\"type\":\"column\",\"props\":{\"image_position\":\"center-center\",\"position_sticky_breakpoint\":\"m\",\"vertical_align\":\"middle\",\"width_medium\":\"2-3\"},\"children\":[{\"type\":\"panel-slider\",\"props\":{\"class\":\"homeslideprod\",\"content_column_breakpoint\":\"m\",\"icon_width\":80,\"image_align\":\"top\",\"image_grid_breakpoint\":\"m\",\"image_grid_width\":\"1-2\",\"image_link\":true,\"image_svg_color\":\"emphasis\",\"link_style\":\"text\",\"link_text\":\"\",\"margin\":\"default\",\"meta_align\":\"below-title\",\"meta_element\":\"div\",\"meta_style\":\"text-meta\",\"nav\":\"\",\"nav_align\":\"center\",\"nav_breakpoint\":\"s\",\"panel_match\":true,\"show_content\":true,\"show_hover_image\":true,\"show_hover_video\":true,\"show_image\":true,\"show_link\":true,\"show_meta\":true,\"show_title\":true,\"show_video\":true,\"slidenav\":\"outside\",\"slidenav_breakpoint\":\"xl\",\"slidenav_margin\":\"medium\",\"slidenav_outside_breakpoint\":\"xl\",\"slider_autoplay\":true,\"slider_autoplay_interval\":\"4\",\"slider_autoplay_pause\":false,\"slider_gap\":\"small\",\"slider_width\":\"fixed\",\"slider_width_default\":\"1-1\",\"slider_width_medium\":\"4-5\",\"slider_width_small\":\"1-2\",\"title_align\":\"top\",\"title_element\":\"h3\",\"title_grid_breakpoint\":\"m\",\"title_grid_width\":\"1-2\",\"title_hover_style\":\"reset\",\"title_link\":true},\"children\":[{\"type\":\"panel-slider_item\",\"props\":{\"image\":\"wp-content\\\/uploads\\\/2024\\\/08\\\/termostati-1.png\",\"link\":\"\\\/fr\\\/produits\\\/thermostats\\\/\",\"title\":\"Thermostats\"}},{\"type\":\"panel-slider_item\",\"props\":{\"image\":\"wp-content\\\/uploads\\\/2024\\\/08\\\/elettronica-modulare-8.png\",\"link\":\"\\\/fr\\\/produits\\\/electronique-modulaire\\\/\",\"title\":\"Electronique Modulaire\"}},{\"type\":\"panel-slider_item\",\"props\":{\"image\":\"wp-content\\\/uploads\\\/2024\\\/10\\\/quadri.png\",\"link\":\"\\\/fr\\\/produits\\\/tableaux-electriques\\\/\",\"title\":\"Tableaux Electriques\"}},{\"type\":\"panel-slider_item\",\"props\":{\"image\":\"wp-content\\\/uploads\\\/2024\\\/08\\\/home-nector.png\",\"link\":\"\\\/fr\\\/produits\\\/panneaux-de-controle\\\/\",\"title\":\"Nector\"}},{\"type\":\"panel-slider_item\",\"props\":{\"image\":\"wp-content\\\/uploads\\\/2024\\\/10\\\/telenet.png\",\"link\":\"\\\/fr\\\/produits\\\/supervision\\\/\",\"title\":\"Supervision\"}},{\"type\":\"panel-slider_item\",\"props\":{\"image\":\"wp-content\\\/uploads\\\/2024\\\/08\\\/accessori.png\",\"link\":\"\\\/fr\\\/produits\\\/accessoires\\\/\",\"title\":\"Accessories\"}},{\"type\":\"panel-slider_item\",\"props\":{\"image\":\"wp-content\\\/uploads\\\/2024\\\/08\\\/illuminazione.png\",\"link\":\"\\\/fr\\\/produits\\\/eclairage\\\/\",\"title\":\"\\u00c9clairage\"}},{\"type\":\"panel-slider_item\",\"props\":{\"image\":\"wp-content\\\/uploads\\\/2024\\\/10\\\/umidificatori.png\",\"link\":\"\\\/fr\\\/produits\\\/humidificateurs\\\/\",\"title\":\"Humidificateurs\"}}]}]}]}],\"name\":\"Prodotti\"},{\"type\":\"section\",\"props\":{\"class\":\"homeconfig\",\"css\":\".uk-text-large{\\n\\tfont-weight:100;\\n}\",\"image_position\":\"center-center\",\"style\":\"primary\",\"title_breakpoint\":\"xl\",\"title_position\":\"top-left\",\"title_rotation\":\"left\",\"vertical_align\":\"middle\",\"width\":\"default\"},\"children\":[{\"type\":\"row\",\"children\":[{\"type\":\"column\",\"props\":{\"image_position\":\"center-center\",\"position_sticky_breakpoint\":\"m\"},\"children\":[{\"type\":\"module_position\",\"props\":{\"breakpoint\":\"m\",\"content\":\"pego-configurator\",\"layout\":\"stack\"}}]}]}]},{\"type\":\"section\",\"props\":{\"class\":\"uk-tek-muted\",\"image_position\":\"center-center\",\"style\":\"muted\",\"title_breakpoint\":\"xl\",\"title_position\":\"top-left\",\"title_rotation\":\"left\",\"vertical_align\":\"middle\",\"width\":\"large\"},\"children\":[{\"type\":\"row\",\"props\":{\"layout\":\"2-5,3-5\"},\"children\":[{\"type\":\"column\",\"props\":{\"class\":\"nector-home\",\"image_position\":\"center-center\",\"position_sticky_breakpoint\":\"m\",\"width_medium\":\"2-5\",\"width_small\":\"1-2\"},\"children\":[{\"type\":\"image\",\"props\":{\"css\":\".el-image{\\n\\twidth:80%;\\n}\\n\",\"image\":\"wp-content\\\/uploads\\\/2024\\\/08\\\/nector-7.png\",\"image_svg_color\":\"emphasis\",\"margin\":\"default\"}}]},{\"type\":\"column\",\"props\":{\"class\":\"margin-top-mobile-120\",\"image_position\":\"center-center\",\"position_sticky_breakpoint\":\"m\",\"width_medium\":\"3-5\",\"width_small\":\"1-2\"},\"children\":[{\"type\":\"headline\",\"props\":{\"content\":\"Nector\",\"position\":\"relative\",\"title_element\":\"div\",\"title_style\":\"text-lead\"}},{\"type\":\"headline\",\"props\":{\"content\":\"\n\n<div >D\\u00e9couvrez un nouveau <\\\/div>\\n\n\n<div>type de contr\\u00f4le<\\\/div>\\n\n\n<div class=\\\"uk-flex uk-flex-middle\\\">\\n\\t<span>avec<\\\/span> <img src=\\\"\\\/wp-content\\\/uploads\\\/2024\\\/05\\\/nector.png\\\" style=\\\"width:300px; padding-left:10px;padding-top:10px\\\" alt=\\\"\\\" \\\/>\\n<\\\/div>\",\"margin_remove_top\":true,\"position\":\"relative\",\"text_align\":\"left\",\"title_element\":\"div\",\"title_style\":\"heading-small\"}},{\"type\":\"text\",\"props\":{\"column_breakpoint\":\"m\",\"content\":\"Panneau de commande pour la gestion compl\\u00e8te des cellules r\\u00e9frig\\u00e9r\\u00e9es avec compresseur monophas\\u00e9 jusqu'\\u00e0 2 HP avec fonction Datalogger et connectivit\\u00e9 int\\u00e9gr\\u00e9e.\",\"margin\":\"default\"}},{\"type\":\"button\",\"props\":{\"grid_column_gap\":\"small\",\"grid_row_gap\":\"small\",\"margin\":\"large\",\"margin_remove_top\":true,\"position\":\"relative\",\"text_align\":\"left\"},\"children\":[{\"type\":\"button_item\",\"props\":{\"button_style\":\"primary\",\"content\":\"D\\u00e9couvrez le site de Nector\",\"dialog_layout\":\"modal\",\"dialog_offcanvas_flip\":true,\"icon_align\":\"left\",\"link\":\"https:\\\/\\\/nector.pego.it\\\/?lang=fr\",\"link_target\":\"blank\"}}]}]}]}]}],\"version\":\"1.0.0\"} --><\/p>\n","protected":false},"excerpt":{"rendered":"<p>APE GLD PEGO SRL S\u00e9curit\u00e9 totale en chambre froide : APE GLD d\u00e9tecte les fuites de gaz et signale les personnes bloqu\u00e9es. Protection intelligente et fiable, conforme \u00e0 la norme UNI EN 378. Voir le produit Tableaux standard PEGO SRL PEGO est sp\u00e9cialis\u00e9e dans le domaine de la r\u00e9frig\u00e9ration et de la climatisation et propose [&hellip;]<\/p>\n","protected":false},"author":1,"featured_media":0,"parent":0,"menu_order":3,"comment_status":"open","ping_status":"open","template":"","meta":{"_acf_changed":false,"footnotes":""},"class_list":["post-5224","page","type-page","status-publish","hentry"],"acf":[],"_links":{"self":[{"href":"https:\/\/www.pego.it\/fr\/wp-json\/wp\/v2\/pages\/5224","targetHints":{"allow":["GET"]}}],"collection":[{"href":"https:\/\/www.pego.it\/fr\/wp-json\/wp\/v2\/pages"}],"about":[{"href":"https:\/\/www.pego.it\/fr\/wp-json\/wp\/v2\/types\/page"}],"author":[{"embeddable":true,"href":"https:\/\/www.pego.it\/fr\/wp-json\/wp\/v2\/users\/1"}],"replies":[{"embeddable":true,"href":"https:\/\/www.pego.it\/fr\/wp-json\/wp\/v2\/comments?post=5224"}],"version-history":[{"count":31,"href":"https:\/\/www.pego.it\/fr\/wp-json\/wp\/v2\/pages\/5224\/revisions"}],"predecessor-version":[{"id":18587,"href":"https:\/\/www.pego.it\/fr\/wp-json\/wp\/v2\/pages\/5224\/revisions\/18587"}],"wp:attachment":[{"href":"https:\/\/www.pego.it\/fr\/wp-json\/wp\/v2\/media?parent=5224"}],"curies":[{"name":"wp","href":"https:\/\/api.w.org\/{rel}","templated":true}]}}