{"id":18920,"date":"2026-04-20T07:06:37","date_gmt":"2026-04-20T07:06:37","guid":{"rendered":"https:\/\/www.pego.it\/reindustrialisation-du-processus-de-fabrication-de-la-gamme-de-tableaux-electriques-expert\/"},"modified":"2026-04-20T09:49:21","modified_gmt":"2026-04-20T09:49:21","slug":"reindustrialisation-du-processus-de-fabrication-de-la-gamme-de-tableaux-electriques-expert","status":"publish","type":"page","link":"https:\/\/www.pego.it\/fr\/reindustrialisation-du-processus-de-fabrication-de-la-gamme-de-tableaux-electriques-expert\/","title":{"rendered":"R\u00e9industrialisation du processus de fabrication de la gamme de tableaux \u00e9lectriques \u00ab Expert \u00bb"},"content":{"rendered":"<div>PEGO SRL<\/div>\n<div>Projet PNRR<\/div>\n<div>\n<p style=\"text-align: right;\"><strong>R\u00e9industrialisation du processus de production de la gamme de tableaux \u00e9lectriques \u00ab Expert \u00bb <\/strong> <br \/>Projet cofinanc\u00e9 par le Plan national de relance et de r\u00e9silience (PNRR) \u2013 Mission 4, Composante 2, Investissement 2.3<\/p>\n<\/div>\n<div>LE PROJET<\/div>\n<div>R\u00e9industrialisation du processus de fabrication de la gamme de tableaux \u00e9lectriques \u00ab Expert \u00bb<\/div>\n<div>Pego Srl a lanc\u00e9 un projet strat\u00e9gique d&rsquo;innovation et de d\u00e9veloppement exp\u00e9rimental visant \u00e0 r\u00e9industrialiser enti\u00e8rement son processus de production pour la gamme de tableaux \u00e9lectriques de la s\u00e9rie <strong>Expert<\/strong>. Cette initiative int\u00e8gre des technologies de pointe en mati\u00e8re d&rsquo;automatisation, de num\u00e9risation et d&rsquo;intelligence industrielle afin d&rsquo;am\u00e9liorer la qualit\u00e9, l&rsquo;efficacit\u00e9 et la comp\u00e9titivit\u00e9 du produit sur les march\u00e9s nationaux et internationaux.<\/div>\n<div>OBJECTIFS DU PROJET<\/div>\n<ul>\n<li>\n<div><strong>Automatisation et num\u00e9risation du cycle de production<\/strong><br \/>\nMise en place de syst\u00e8mes automatis\u00e9s et de solutions de fabrication num\u00e9rique pour la production de la gamme Expert, permettant de r\u00e9duire les temps de cycle et d&rsquo;am\u00e9liorer la reproductibilit\u00e9 de la qualit\u00e9.<\/div>\n<\/li>\n<li>\n<div><strong>Recherche industrielle et d\u00e9veloppement exp\u00e9rimental<\/strong><br \/>\nMener des activit\u00e9s de recherche appliqu\u00e9e en collaboration avec le syst\u00e8me de la connaissance, afin de d\u00e9velopper de nouvelles solutions technologiques int\u00e9gr\u00e9es au produit et au processus.<\/div>\n<\/li>\n<li>\n<div><strong>Renforcement de la comp\u00e9titivit\u00e9 de l&rsquo;entreprise<br \/>\n<\/strong><br \/>\nRenforcement de la capacit\u00e9 de production et de la qualit\u00e9 du produit fini, afin de r\u00e9pondre \u00e0 la demande croissante d&rsquo;armoires \u00e9lectriques haute performance dans le secteur industriel.<\/div>\n<\/li>\n<li>\n<div><strong>Durabilit\u00e9 et r\u00e9duction de l&rsquo;impact environnemental<\/strong><br \/>\nOptimisation de l&rsquo;utilisation des ressources \u00e9nerg\u00e9tiques et des mat\u00e9riaux dans le processus de production, conform\u00e9ment aux objectifs \u00e9cologiques du PNRR.\n<\/div>\n<\/li>\n<li>\n<div><strong>Valorisation du capital humain<br \/>\n<\/strong><br \/>\nFormation du personnel technique et op\u00e9rationnel \u00e0 l&rsquo;utilisation des nouvelles technologies mises en place, en favorisant le perfectionnement professionnel et le transfert de comp\u00e9tences avanc\u00e9es.<\/p>\n<\/div>\n<\/li>\n<\/ul>\n<div>R\u00c9F\u00c9RENCES \u00c0 L&rsquo;APPEL \u00c0 PROJETS ET AU PLAN NATIONAL<\/div>\n<ul>\n<li>\n<h3>Centre de comp\u00e9tences MADE \u2013 Appel \u00e0 projets<\/h3>\n<div>\n<p>Le projet a \u00e9t\u00e9 s\u00e9lectionn\u00e9 dans le cadre de l&rsquo;<span> <\/span><strong>appel \u00e0 projets pour la s\u00e9lection de projets d&rsquo;innovation, de recherche industrielle et de d\u00e9veloppement exp\u00e9rimental<\/strong><span> <\/span>g\u00e9r\u00e9 par<span> <\/span><strong>MADE \u2013 Centre de comp\u00e9tences pour l&rsquo;industrie 4.0<\/strong>, le centre de comp\u00e9tences national qui accompagne les entreprises dans leur transformation num\u00e9rique et technologique.<\/p>\n<\/div>\n<\/li>\n<li>\n<h3>PNRR \u2013 Mission 4 \u00b7 Volet 2 \u00b7 Investissement 2.3<\/h3>\n<div>\n<p>Le financement est octroy\u00e9 dans le cadre de la<span> <\/span><strong>Mission 4 \u2013 \u00c9ducation et recherche<\/strong>,<span> <\/span><strong>Volet 2 \u2013 De la recherche \u00e0 l&rsquo;entreprise<\/strong>,<span> <\/span><strong>Investissement 2.3<\/strong><span> <\/span>du Plan national de relance et de r\u00e9silience (PNRR), financ\u00e9 par l&rsquo;Union europ\u00e9enne \u2013 NextGenerationEU. Cet investissement soutient des projets d&rsquo;innovation technologique et de recherche industrielle men\u00e9s en collaboration avec les centres de comp\u00e9tence nationaux.<\/p>\n<\/div>\n<\/li>\n<\/ul>\n<div>INFORMATIONS SUR LE PROJET<\/div>\n<table>\n<tbody>\n<tr>\n<td>Titre du projet<\/td>\n<td>R\u00e9industrialisation du processus de fabrication de la gamme de tableaux \u00e9lectriques \u00ab Expert \u00bb<\/td>\n<\/tr>\n<tr>\n<td>B\u00e9n\u00e9ficiaire<\/td>\n<td>Pego Srl<\/td>\n<\/tr>\n<tr>\n<td>Organisme gestionnaire<\/td>\n<td>MADE Competence Center<\/td>\n<\/tr>\n<tr>\n<td>Programme<\/td>\n<td>PNRR \u2013 M4C2 \u2013 Investissement 2.3<\/td>\n<\/tr>\n<tr>\n<td>CUP<\/td>\n<td>\n<p>H29J24000150008<\/p>\n<\/td>\n<\/tr>\n<tr>\n<td>Montant financ\u00e9<\/td>\n<td>\u20ac 35.164<\/td>\n<\/tr>\n<\/tbody>\n<\/table>\n<div>\n<h3>\u20ac 35.164<\/h3>\n<p>SUBVENTION<\/p>\n<div><span style=\"font-size:14px\">Financement public du PNRR<\/span>\n<\/div>\n<\/div>\n<div>\n<h3>H29J24000150008<\/h3>\n<p>CODE CUP<\/p>\n<\/div>\n<ul>\n<li>\n<h3>Programme<\/h3>\n<p>PNRR \u2013 NextGenerationEU<\/p>\n<div>Mission 4 \u2013 Enseignement et recherche<br \/>\nVolet 2 \u2013 De la recherche \u00e0 l&rsquo;entreprise<br \/>\nInvestissement 2.3<\/div>\n<\/li>\n<li>\n<h3>Organisme gestionnaire<\/h3>\n<p>MADE Competence Center<\/p>\n<div>Centre national de comp\u00e9tence pour l&rsquo;industrie 4.0<br \/>\n<b><a href=\"\/\/www.made-cc.eu\">www.made-cc.eu<\/a><\/b><\/div>\n<\/li>\n<li>\n<h3>Minist\u00e8re promoteur<\/h3>\n<p>MIMIT<\/p>\n<div>Minist\u00e8re des Entreprises<br \/>\net du Made in Italy<\/div>\n<\/li>\n<\/ul>\n<h4>PROGETTO COFINANZIATO DA<\/h4>\n<ul>\n<li>\n<p>        <img decoding=\"async\" src=\"\/wp-content\/uploads\/2026\/04\/mimit.webp\" alt=\"R\u00e9industrialisation du processus de fabrication de la gamme de tableaux \u00e9lectriques \u00ab Expert \u00bb\"><\/p>\n<h3>MIMIT Ministero delle Imprese<br \/> e del Made in Italy<\/h3>\n<\/li>\n<li>\n<p>        <img decoding=\"async\" src=\"\/wp-content\/uploads\/2026\/04\/Flag_of_Europe.webp\" alt=\"R\u00e9industrialisation du processus de fabrication de la gamme de tableaux \u00e9lectriques \u00ab Expert \u00bb\"><\/p>\n<h3>NextGenerationEU<\/h3>\n<\/li>\n<li>\n<h3>Piano Nazionale di<br \/> Ripresa e Resilienza<\/h3>\n<div>Finanziato dall&rsquo;Unione Europea nell&rsquo;ambito del programma NextGenerationEU\n<\/div>\n<\/li>\n<\/ul>\n<p><!--more--><br \/>\n<!-- {\"type\":\"layout\",\"children\":[{\"type\":\"section\",\"props\":{\"header_transparent\":true,\"header_transparent_text_color\":\"light\",\"height\":\"viewport\",\"height_viewport\":80,\"image\":\"wp-content\\\/uploads\\\/2026\\\/04\\\/pnrr-1.webp\",\"image_position\":\"center-center\",\"image_size\":\"cover\",\"style\":\"default\",\"title\":\"xz\",\"title_breakpoint\":\"xl\",\"title_position\":\"top-left\",\"title_rotation\":\"left\",\"vertical_align\":\"middle\",\"width\":\"default\"},\"children\":[{\"type\":\"row\",\"children\":[{\"type\":\"column\",\"props\":{\"image_position\":\"center-center\",\"position_sticky_breakpoint\":\"m\"}}]}]},{\"type\":\"section\",\"props\":{\"css\":\".el-section > .uk-container{\\n\\tmargin-top:-150px;\\n    background-color:#fff;\\n    padding-top:50px;\\n    padding-bottom:50px;\\n}\",\"image_position\":\"center-center\",\"padding\":\"none\",\"style\":\"muted\",\"title_breakpoint\":\"xl\",\"title_position\":\"top-left\",\"title_rotation\":\"left\",\"vertical_align\":\"middle\",\"width\":\"xlarge\"},\"children\":[{\"type\":\"row\",\"props\":{\"layout\":\"1-2,1-2\"},\"children\":[{\"type\":\"column\",\"props\":{\"image_position\":\"center-center\",\"position_sticky_breakpoint\":\"m\",\"width_medium\":\"1-2\"},\"children\":[{\"type\":\"headline\",\"props\":{\"content\":\"PEGO SRL\",\"margin_remove_bottom\":true,\"title_element\":\"div\",\"title_style\":\"text-lead\"}},{\"type\":\"headline\",\"props\":{\"content\":\"Projet PNRR\",\"margin_remove_top\":true,\"title_element\":\"div\",\"title_style\":\"heading-large\"}}]},{\"type\":\"column\",\"props\":{\"image_position\":\"center-center\",\"position_sticky_breakpoint\":\"m\",\"vertical_align\":\"middle\",\"width_medium\":\"1-2\"},\"children\":[{\"type\":\"text\",\"props\":{\"column_breakpoint\":\"m\",\"content\":\"\n\n<p style=\\\"text-align: right;\\\"><strong>R\\u00e9industrialisation du processus de production de la gamme de tableaux \\u00e9lectriques \\u00ab Expert \\u00bb <\\\/strong> <br \\\/>Projet cofinanc\\u00e9 par le Plan national de relance et de r\\u00e9silience (PNRR) \\u2013 Mission 4, Composante 2, Investissement 2.3<\\\/p>\",\"margin\":\"default\"}}]}]}]},{\"type\":\"section\",\"props\":{\"image_position\":\"center-center\",\"padding\":\"large\",\"style\":\"muted\",\"title_breakpoint\":\"xl\",\"title_position\":\"top-left\",\"title_rotation\":\"left\",\"vertical_align\":\"middle\",\"width\":\"xlarge\"},\"children\":[{\"type\":\"row\",\"props\":{\"layout\":\"2-3,1-3\"},\"children\":[{\"type\":\"column\",\"props\":{\"image_position\":\"center-center\",\"position_sticky_breakpoint\":\"m\",\"width_medium\":\"2-3\"},\"children\":[{\"type\":\"headline\",\"props\":{\"content\":\"LE PROJET\",\"margin_remove_bottom\":true,\"title_element\":\"div\",\"title_style\":\"text-lead\"}},{\"type\":\"headline\",\"props\":{\"content\":\"R\\u00e9industrialisation du processus de fabrication de la gamme de tableaux \\u00e9lectriques \\u00ab Expert \\u00bb\",\"margin_remove_top\":true,\"title_element\":\"div\",\"title_style\":\"h2\"}},{\"type\":\"text\",\"props\":{\"column_breakpoint\":\"m\",\"content\":\"Pego Srl a lanc\\u00e9 un projet strat\\u00e9gique d'innovation et de d\\u00e9veloppement exp\\u00e9rimental visant \\u00e0 r\\u00e9industrialiser enti\\u00e8rement son processus de production pour la gamme de tableaux \\u00e9lectriques de la s\\u00e9rie <strong>Expert<\\\/strong>. Cette initiative int\\u00e8gre des technologies de pointe en mati\\u00e8re d'automatisation, de num\\u00e9risation et d'intelligence industrielle afin d'am\\u00e9liorer la qualit\\u00e9, l'efficacit\\u00e9 et la comp\\u00e9titivit\\u00e9 du produit sur les march\\u00e9s nationaux et internationaux.\",\"margin\":\"default\"}},{\"type\":\"headline\",\"props\":{\"content\":\"OBJECTIFS DU PROJET\",\"margin\":\"medium\",\"margin_remove_bottom\":true,\"title_element\":\"div\",\"title_style\":\"text-lead\"}},{\"type\":\"list\",\"props\":{\"column_breakpoint\":\"m\",\"css\":\".el-image{\\n\\twidth:30px;\\n    height:30px;\\n    background-color:#2c2c2c;\\n    border-radius:50%;\\n    display:flex;\\n    align-items:center;\\n    justify-content:center;\\n    color:#fff;\\n    margin-top:5px;\\n}\\n.el-image svg{\\n    filter: brightness(0) invert(1);\\n}\",\"image_align\":\"left\",\"image_svg_color\":\"emphasis\",\"image_vertical_align\":false,\"list_element\":\"ul\",\"list_horizontal_separator\":\", \",\"list_type\":\"vertical\",\"show_image\":true,\"show_link\":true},\"children\":[{\"type\":\"list_item\",\"props\":{\"content\":\"<strong>Automatisation et num\\u00e9risation du cycle de production<\\\/strong><br\\\/>\\nMise en place de syst\\u00e8mes automatis\\u00e9s et de solutions de fabrication num\\u00e9rique pour la production de la gamme Expert, permettant de r\\u00e9duire les temps de cycle et d'am\\u00e9liorer la reproductibilit\\u00e9 de la qualit\\u00e9.\",\"icon\":\"check\"}},{\"type\":\"list_item\",\"props\":{\"content\":\"<strong>Recherche industrielle et d\\u00e9veloppement exp\\u00e9rimental<\\\/strong><br\\\/>\\nMener des activit\\u00e9s de recherche appliqu\\u00e9e en collaboration avec le syst\\u00e8me de la connaissance, afin de d\\u00e9velopper de nouvelles solutions technologiques int\\u00e9gr\\u00e9es au produit et au processus.\",\"icon\":\"check\"}},{\"type\":\"list_item\",\"props\":{\"content\":\"<strong>Renforcement de la comp\\u00e9titivit\\u00e9 de l'entreprise\\n<\\\/strong><br\\\/>\\nRenforcement de la capacit\\u00e9 de production et de la qualit\\u00e9 du produit fini, afin de r\\u00e9pondre \\u00e0 la demande croissante d'armoires \\u00e9lectriques haute performance dans le secteur industriel.\",\"icon\":\"check\"}},{\"type\":\"list_item\",\"props\":{\"content\":\"<strong>Durabilit\\u00e9 et r\\u00e9duction de l'impact environnemental<\\\/strong><br\\\/>\\nOptimisation de l'utilisation des ressources \\u00e9nerg\\u00e9tiques et des mat\\u00e9riaux dans le processus de production, conform\\u00e9ment aux objectifs \\u00e9cologiques du PNRR.\\n\",\"icon\":\"check\"}},{\"type\":\"list_item\",\"props\":{\"content\":\"<strong>Valorisation du capital humain\\n<\\\/strong><br\\\/>\\nFormation du personnel technique et op\\u00e9rationnel \\u00e0 l'utilisation des nouvelles technologies mises en place, en favorisant le perfectionnement professionnel et le transfert de comp\\u00e9tences avanc\\u00e9es.\\n\\n\",\"icon\":\"check\"}}]},{\"type\":\"headline\",\"props\":{\"content\":\"R\\u00c9F\\u00c9RENCES \\u00c0 L'APPEL \\u00c0 PROJETS ET AU PLAN NATIONAL\",\"margin\":\"medium\",\"margin_remove_bottom\":true,\"title_element\":\"div\",\"title_style\":\"text-lead\"}},{\"type\":\"grid\",\"props\":{\"content_column_breakpoint\":\"m\",\"css\":\".el-item{\\n\\tborder-left:4px solid #4e4b4b;\\n}\",\"filter_align\":\"left\",\"filter_all\":true,\"filter_grid_breakpoint\":\"m\",\"filter_grid_width\":\"auto\",\"filter_position\":\"top\",\"filter_style\":\"tab\",\"grid_default\":\"1\",\"grid_medium\":\"1\",\"icon_width\":80,\"image_align\":\"top\",\"image_grid_breakpoint\":\"m\",\"image_grid_width\":\"1-2\",\"image_svg_color\":\"emphasis\",\"item_animation\":true,\"lightbox_bg_close\":true,\"link_style\":\"default\",\"link_text\":\"Read more\",\"margin\":\"default\",\"meta_align\":\"below-title\",\"meta_element\":\"div\",\"meta_style\":\"h5\",\"panel_image_no_padding\":false,\"panel_padding\":\"default\",\"panel_style\":\"card-default\",\"show_content\":true,\"show_hover_image\":true,\"show_hover_video\":true,\"show_image\":true,\"show_link\":true,\"show_meta\":true,\"show_title\":true,\"show_video\":true,\"title_align\":\"top\",\"title_element\":\"h3\",\"title_grid_breakpoint\":\"m\",\"title_grid_width\":\"1-2\",\"title_hover_style\":\"reset\"},\"children\":[{\"type\":\"grid_item\",\"props\":{\"content\":\"\n\n<p>Le projet a \\u00e9t\\u00e9 s\\u00e9lectionn\\u00e9 dans le cadre de l'<span> <\\\/span><strong>appel \\u00e0 projets pour la s\\u00e9lection de projets d'innovation, de recherche industrielle et de d\\u00e9veloppement exp\\u00e9rimental<\\\/strong><span> <\\\/span>g\\u00e9r\\u00e9 par<span> <\\\/span><strong>MADE \\u2013 Centre de comp\\u00e9tences pour l'industrie 4.0<\\\/strong>, le centre de comp\\u00e9tences national qui accompagne les entreprises dans leur transformation num\\u00e9rique et technologique.<\\\/p>\",\"meta\":\"\",\"title\":\"Centre de comp\\u00e9tences MADE \\u2013 Appel \\u00e0 projets\"}},{\"type\":\"grid_item\",\"props\":{\"content\":\"\n\n<p>Le financement est octroy\\u00e9 dans le cadre de la<span> <\\\/span><strong>Mission 4 \\u2013 \\u00c9ducation et recherche<\\\/strong>,<span> <\\\/span><strong>Volet 2 \\u2013 De la recherche \\u00e0 l'entreprise<\\\/strong>,<span> <\\\/span><strong>Investissement 2.3<\\\/strong><span> <\\\/span>du Plan national de relance et de r\\u00e9silience (PNRR), financ\\u00e9 par l'Union europ\\u00e9enne \\u2013 NextGenerationEU. Cet investissement soutient des projets d'innovation technologique et de recherche industrielle men\\u00e9s en collaboration avec les centres de comp\\u00e9tence nationaux.<\\\/p>\",\"meta\":\"\",\"title\":\"PNRR \\u2013 Mission 4 \\u00b7 Volet 2 \\u00b7 Investissement 2.3\"}}]},{\"type\":\"headline\",\"props\":{\"content\":\"INFORMATIONS SUR LE PROJET\",\"margin\":\"medium\",\"margin_remove_bottom\":false,\"title_element\":\"div\",\"title_style\":\"text-lead\"}},{\"type\":\"table\",\"props\":{\"image_svg_color\":\"emphasis\",\"link_style\":\"default\",\"link_text\":\"Read more\",\"meta_style\":\"text-meta\",\"show_content\":true,\"show_image\":true,\"show_link\":true,\"show_meta\":true,\"show_title\":true,\"table_hover\":true,\"table_justify\":false,\"table_order\":\"1\",\"table_responsive\":\"overflow\",\"table_style\":\"striped\",\"table_width_meta\":\"shrink\",\"table_width_title\":\"shrink\"},\"children\":[{\"type\":\"table_item\",\"props\":{\"content\":\"R\\u00e9industrialisation du processus de fabrication de la gamme de tableaux \\u00e9lectriques \\u00ab Expert \\u00bb\",\"title\":\"Titre du projet\"}},{\"type\":\"table_item\",\"props\":{\"content\":\"Pego Srl\",\"title\":\"B\\u00e9n\\u00e9ficiaire\"}},{\"type\":\"table_item\",\"props\":{\"content\":\"MADE Competence Center\",\"title\":\"Organisme gestionnaire\"}},{\"type\":\"table_item\",\"props\":{\"content\":\"PNRR \\u2013 M4C2 \\u2013 Investissement 2.3\",\"title\":\"Programme\"}},{\"type\":\"table_item\",\"props\":{\"content\":\"\n\n<p>H29J24000150008<\\\/p>\",\"title\":\"CUP\"}},{\"type\":\"table_item\",\"props\":{\"content\":\"\\u20ac 35.164\",\"title\":\"Montant financ\\u00e9\"}}]}]},{\"type\":\"column\",\"props\":{\"image_position\":\"center-center\",\"position_sticky_breakpoint\":\"m\",\"width_medium\":\"1-3\"},\"children\":[{\"type\":\"grid\",\"props\":{\"content_column_breakpoint\":\"m\",\"filter_align\":\"left\",\"filter_all\":true,\"filter_grid_breakpoint\":\"m\",\"filter_grid_width\":\"auto\",\"filter_position\":\"top\",\"filter_style\":\"tab\",\"grid_default\":\"1\",\"grid_medium\":\"1\",\"icon_width\":80,\"image_align\":\"top\",\"image_grid_breakpoint\":\"m\",\"image_grid_width\":\"1-2\",\"image_svg_color\":\"emphasis\",\"item_animation\":true,\"lightbox_bg_close\":true,\"link_style\":\"default\",\"link_text\":\"Read more\",\"margin\":\"default\",\"meta_align\":\"above-title\",\"meta_element\":\"div\",\"meta_style\":\"h3\",\"panel_padding\":\"default\",\"panel_style\":\"card-primary\",\"show_content\":true,\"show_hover_image\":true,\"show_hover_video\":true,\"show_image\":true,\"show_link\":true,\"show_meta\":true,\"show_title\":true,\"show_video\":true,\"text_align\":\"center\",\"title_align\":\"top\",\"title_element\":\"h3\",\"title_grid_breakpoint\":\"m\",\"title_grid_width\":\"1-2\",\"title_hover_style\":\"reset\"},\"children\":[{\"type\":\"grid_item\",\"props\":{\"content\":\"<span style=\\\"font-size:14px\\\">Financement public du PNRR<\\\/span>\\n\",\"meta\":\"SUBVENTION\",\"title\":\"\\u20ac 35.164\"}}]},{\"type\":\"grid\",\"props\":{\"content_column_breakpoint\":\"m\",\"filter_align\":\"left\",\"filter_all\":true,\"filter_grid_breakpoint\":\"m\",\"filter_grid_width\":\"auto\",\"filter_position\":\"top\",\"filter_style\":\"tab\",\"grid_default\":\"1\",\"grid_medium\":\"1\",\"icon_width\":80,\"image_align\":\"top\",\"image_grid_breakpoint\":\"m\",\"image_grid_width\":\"1-2\",\"image_svg_color\":\"emphasis\",\"item_animation\":true,\"lightbox_bg_close\":true,\"link_style\":\"default\",\"link_text\":\"Read more\",\"margin\":\"default\",\"meta_align\":\"above-title\",\"meta_element\":\"div\",\"meta_style\":\"h3\",\"panel_padding\":\"default\",\"panel_style\":\"card-primary\",\"show_content\":true,\"show_hover_image\":true,\"show_hover_video\":true,\"show_image\":true,\"show_link\":true,\"show_meta\":true,\"show_title\":true,\"show_video\":true,\"text_align\":\"center\",\"title_align\":\"top\",\"title_element\":\"h3\",\"title_grid_breakpoint\":\"m\",\"title_grid_width\":\"1-2\",\"title_hover_style\":\"reset\"},\"children\":[{\"type\":\"grid_item\",\"props\":{\"content\":\"\",\"meta\":\"CODE CUP\",\"title\":\"H29J24000150008\"}}]},{\"type\":\"grid\",\"props\":{\"content_column_breakpoint\":\"m\",\"css\":\".el-content{\\n\\tfont-size:18px;\\n}\",\"filter_align\":\"left\",\"filter_all\":true,\"filter_grid_breakpoint\":\"m\",\"filter_grid_width\":\"auto\",\"filter_position\":\"top\",\"filter_style\":\"tab\",\"grid_default\":\"1\",\"grid_medium\":\"1\",\"icon_width\":80,\"image_align\":\"top\",\"image_grid_breakpoint\":\"m\",\"image_grid_width\":\"1-2\",\"image_svg_color\":\"emphasis\",\"item_animation\":true,\"lightbox_bg_close\":true,\"link_style\":\"default\",\"link_text\":\"Read more\",\"margin\":\"default\",\"meta_align\":\"below-title\",\"meta_element\":\"div\",\"meta_style\":\"h5\",\"panel_padding\":\"default\",\"panel_style\":\"card-default\",\"show_content\":true,\"show_hover_image\":true,\"show_hover_video\":true,\"show_image\":true,\"show_link\":true,\"show_meta\":true,\"show_title\":true,\"show_video\":true,\"title_align\":\"top\",\"title_element\":\"h3\",\"title_grid_breakpoint\":\"m\",\"title_grid_width\":\"1-2\",\"title_hover_style\":\"reset\"},\"children\":[{\"type\":\"grid_item\",\"props\":{\"content\":\"Mission 4 \\u2013 Enseignement et recherche<br\\\/>\\nVolet 2 \\u2013 De la recherche \\u00e0 l'entreprise<br\\\/>\\nInvestissement 2.3\",\"meta\":\"PNRR \\u2013 NextGenerationEU\",\"title\":\"Programme\"}},{\"type\":\"grid_item\",\"props\":{\"content\":\"Centre national de comp\\u00e9tence pour l'industrie 4.0<br\\\/>\\n<b><a href=\\\"\\\\\\\\www.made-cc.eu\\\">www.made-cc.eu<\\\/a><\\\/b>\",\"meta\":\"MADE Competence Center\",\"title\":\"Organisme gestionnaire\"}},{\"type\":\"grid_item\",\"props\":{\"content\":\"Minist\\u00e8re des Entreprises\\net du Made in Italy\",\"meta\":\"MIMIT\",\"title\":\"Minist\\u00e8re promoteur\"}}]}]}]}]},{\"type\":\"section\",\"props\":{\"height\":\"pixels\",\"height_viewport\":50,\"image_position\":\"center-center\",\"style\":\"primary\",\"title_breakpoint\":\"xl\",\"title_position\":\"top-left\",\"title_rotation\":\"left\",\"vertical_align\":\"middle\",\"width\":\"default\"},\"children\":[{\"type\":\"row\",\"children\":[{\"type\":\"column\",\"props\":{\"image_position\":\"center-center\",\"position_sticky_breakpoint\":\"m\"},\"children\":[{\"type\":\"headline\",\"props\":{\"content\":\"PROGETTO COFINANZIATO DA\",\"text_align\":\"center\",\"title_element\":\"h4\"}},{\"type\":\"grid\",\"props\":{\"content_column_breakpoint\":\"m\",\"filter_align\":\"left\",\"filter_all\":true,\"filter_grid_breakpoint\":\"m\",\"filter_grid_width\":\"auto\",\"filter_position\":\"top\",\"filter_style\":\"tab\",\"grid_column_align\":true,\"grid_default\":\"1\",\"grid_divider\":true,\"grid_medium\":\"3\",\"icon_width\":80,\"image_align\":\"top\",\"image_grid_breakpoint\":\"m\",\"image_grid_width\":\"1-2\",\"image_height\":100,\"image_loading\":true,\"image_svg_color\":\"emphasis\",\"item_animation\":true,\"lightbox_bg_close\":true,\"link_style\":\"default\",\"link_text\":\"Read more\",\"margin\":\"default\",\"meta_align\":\"below-title\",\"meta_element\":\"div\",\"meta_style\":\"text-meta\",\"show_content\":true,\"show_hover_image\":true,\"show_hover_video\":true,\"show_image\":true,\"show_link\":true,\"show_meta\":true,\"show_title\":true,\"show_video\":true,\"text_align\":\"center\",\"title_align\":\"top\",\"title_element\":\"h3\",\"title_grid_breakpoint\":\"m\",\"title_grid_width\":\"1-2\",\"title_hover_style\":\"reset\",\"title_style\":\"text-lead\"},\"children\":[{\"type\":\"grid_item\",\"props\":{\"image\":\"wp-content\\\/uploads\\\/2026\\\/04\\\/mimit.webp\",\"title\":\"MIMIT Ministero delle Imprese<br\\\/> e del Made in Italy\"}},{\"type\":\"grid_item\",\"props\":{\"image\":\"wp-content\\\/uploads\\\/2026\\\/04\\\/Flag_of_Europe.webp\",\"title\":\"NextGenerationEU\"}},{\"type\":\"grid_item\",\"props\":{\"content\":\"Finanziato dall'Unione Europea nell'ambito del programma NextGenerationEU\\n\",\"image\":\"\",\"title\":\"Piano Nazionale di<br\\\/> Ripresa e Resilienza\"}}]}]}]}]}],\"version\":\"1.0.0\"} --><\/p>\n","protected":false},"excerpt":{"rendered":"<p>PEGO SRL Projet PNRR R\u00e9industrialisation du processus de production de la gamme de tableaux \u00e9lectriques \u00ab Expert \u00bb Projet cofinanc\u00e9 par le Plan national de relance et de r\u00e9silience (PNRR) \u2013 Mission 4, Composante 2, Investissement 2.3 LE PROJET R\u00e9industrialisation du processus de fabrication de la gamme de tableaux \u00e9lectriques \u00ab Expert \u00bb Pego Srl [&hellip;]<\/p>\n","protected":false},"author":1,"featured_media":0,"parent":0,"menu_order":0,"comment_status":"closed","ping_status":"closed","template":"","meta":{"_acf_changed":false,"footnotes":""},"class_list":["post-18920","page","type-page","status-publish","hentry"],"acf":[],"_links":{"self":[{"href":"https:\/\/www.pego.it\/fr\/wp-json\/wp\/v2\/pages\/18920","targetHints":{"allow":["GET"]}}],"collection":[{"href":"https:\/\/www.pego.it\/fr\/wp-json\/wp\/v2\/pages"}],"about":[{"href":"https:\/\/www.pego.it\/fr\/wp-json\/wp\/v2\/types\/page"}],"author":[{"embeddable":true,"href":"https:\/\/www.pego.it\/fr\/wp-json\/wp\/v2\/users\/1"}],"replies":[{"embeddable":true,"href":"https:\/\/www.pego.it\/fr\/wp-json\/wp\/v2\/comments?post=18920"}],"version-history":[{"count":13,"href":"https:\/\/www.pego.it\/fr\/wp-json\/wp\/v2\/pages\/18920\/revisions"}],"predecessor-version":[{"id":18933,"href":"https:\/\/www.pego.it\/fr\/wp-json\/wp\/v2\/pages\/18920\/revisions\/18933"}],"wp:attachment":[{"href":"https:\/\/www.pego.it\/fr\/wp-json\/wp\/v2\/media?parent=18920"}],"curies":[{"name":"wp","href":"https:\/\/api.w.org\/{rel}","templated":true}]}}