{"id":13930,"date":"2024-08-21T06:22:13","date_gmt":"2024-08-21T06:22:13","guid":{"rendered":"https:\/\/pego.it\/contacter\/"},"modified":"2025-01-13T10:45:27","modified_gmt":"2025-01-13T10:45:27","slug":"contacter","status":"publish","type":"page","link":"https:\/\/www.pego.it\/fr\/contacter\/","title":{"rendered":"Contacter"},"content":{"rendered":"<div>PEGO SRL<\/div>\n<div>Contacts<\/div>\n<div>PEGO Srl<\/div>\n<div>Castel Refrigeration (Shanghai) Co., Ltd (APAC area)<\/div>\n<ul>\n<li>\n<h3>Adresse:<\/h3>\n<div><span>Via Piacentina, 6\/b | 45030, Occhiobello (RO), Italia<\/span><\/div>\n<\/li>\n<li>\n<h3>Direction Commerciale pour l\u2019Italie:<\/h3>\n<div><span><a href=\"mailto:commerciale@pego.it\">commerciale@pego.it<\/a><\/span><\/div>\n<\/li>\n<li>\n<h3>Direction Commerciale pour l\u2019Etranger:<\/h3>\n<div><span><a href=\"mailto:export@pego.it\">export@pego.it<\/a><\/span><\/div>\n<\/li>\n<li>\n<h3>D\u00e9partement Technique et Conception: <\/h3>\n<div><span><a href=\"mailto:tecnico@pego.it\">tecnico@pego.it<\/a><\/span><\/div>\n<\/li>\n<li>\n<h3>Administration:<\/h3>\n<div><span><a href=\"mailto:amministrazione@pego.it\">amministrazione@pego.it<\/a><\/span><\/div>\n<\/li>\n<li>\n<h3>Bureau des Achats:<\/h3>\n<div><span><a href=\"mailto:acquisti@pego.it\">acquisti@pego.it<\/a><\/span><\/div>\n<\/li>\n<li>\n<h3>T\u00e9l\u00e9phone:<\/h3>\n<div><span>(+39) 0425 762906<\/span><\/div>\n<\/li>\n<li>\n<h3>Whatsapp:<\/h3>\n<div><span>(+39) 335 7461774 (solo messaggi testo\/foto)<\/span><\/div>\n<\/li>\n<\/ul>\n<ul>\n<li>\n<h3>Adresse:<\/h3>\n<div><span>E-811 Wanda Plaza Shijingshan 100043 Beijing PRC<\/span><\/div>\n<\/li>\n<li>\n<h3>Mail:<\/h3>\n<div><span><a href=\"mailto:apac@pego.it\">apac@pego.it<\/a><\/span><\/div>\n<\/li>\n<li>\n<h3>T\u00e9l\u00e9phone:<\/h3>\n<div><span>(+86) 10-88696628<\/span><\/div>\n<\/li>\n<\/ul>\n<p><img decoding=\"async\" src=\"\/wp-content\/uploads\/2024\/08\/contatti.png\" alt=\"Assistance apr\u00e8s-vente et Help-desk&lt;br \/&gt;\"><\/p>\n<div>Assistance<\/div>\n<h1>Assistance apr\u00e8s-vente et Help-desk<br \/>\n<\/h1>\n<div><b>PEGO s.r.l. met \u00e0 disposition un service d\u2019assistance de haute qualit\u00e9 pendant tout le cycle de vie de ses produits.<\/b><br \/>\nNos techniciens de la ligne t\u00e9l\u00e9phonique de soutien, dot\u00e9s d\u2019une haute formation technique et tr\u00e8s qualifi\u00e9s, aident les clients \u00e0 r\u00e9soudre leurs probl\u00e8mes. <br \/>\nDe plus, dans nos tableaux avec \u00e9lectronique de contr\u00f4le PEGO et syst\u00e8me de monitorage Telenet, nous pouvons offrir un service d\u2019assistance par contr\u00f4le \u00e0 distance.<\/div>\n<ul>\n<li>\n<h3>Mail:<\/h3>\n<div>\n<p><span><a href=\"mailto:tecnico@pego.it\">tecnico@pego.it<\/a><\/span><\/p>\n<\/div>\n<\/li>\n<li>\n<h3>T\u00e9l\u00e9phone:<\/h3>\n<div><span>(+39) 0425 762906<\/span><\/div>\n<\/li>\n<\/ul>\n<div>Distributeurs<\/div>\n<h1>Nos distributeurs.<\/h1>\n<div><b>Veuillez contacter notre bureau commercial pour plus d\u2019informations.<\/b><\/div>\n<ul>\n<li>\n<h3>T\u00e9l\u00e9phone:<\/h3>\n<div>\n<p><span>(+39) 0425 762906 &#8211; 3<\/span><\/p>\n<\/div>\n<\/li>\n<li>\n<h3>Direction Commerciale pour l\u2019Italie:<\/h3>\n<div>\n<p><a href=\"mailto:commerciale@pego.it\">commerciale@pego.it<\/a><\/p>\n<\/div>\n<\/li>\n<li>\n<h3>Direction Commerciale pour l\u2019Etranger:<\/h3>\n<div>\n<p><a href=\"mailto:export@pego.it\">export@pego.it<\/a><\/p>\n<\/div>\n<\/li>\n<\/ul>\n<p><img decoding=\"async\" src=\"\/wp-content\/uploads\/2024\/08\/contatti-1.png\" alt=\"Assistance apr\u00e8s-vente et Help-desk&lt;br \/&gt;\"><\/p>\n<p><!--more--><br \/>\n<!-- {\"type\":\"layout\",\"children\":[{\"type\":\"section\",\"props\":{\"header_transparent\":true,\"header_transparent_text_color\":\"light\",\"height\":\"viewport\",\"height_viewport\":80,\"image\":\"wp-content\\\/uploads\\\/2024\\\/10\\\/contatti-1.jpg\",\"image_position\":\"center-center\",\"image_size\":\"cover\",\"style\":\"default\",\"title_breakpoint\":\"xl\",\"title_position\":\"top-left\",\"title_rotation\":\"left\",\"vertical_align\":\"middle\",\"width\":\"default\"},\"children\":[{\"type\":\"row\",\"children\":[{\"type\":\"column\",\"props\":{\"image_position\":\"center-center\",\"position_sticky_breakpoint\":\"m\"}}]}]},{\"type\":\"section\",\"props\":{\"css\":\".el-section > .uk-container{\\n\\tmargin-top:-150px;\\n    background-color:#fff;\\n    padding-top:50px;\\n    padding-bottom:50px;\\n}\",\"image_position\":\"center-center\",\"padding\":\"none\",\"style\":\"muted\",\"title_breakpoint\":\"xl\",\"title_position\":\"top-left\",\"title_rotation\":\"left\",\"vertical_align\":\"middle\",\"width\":\"large\"},\"children\":[{\"type\":\"row\",\"props\":{\"layout\":\"1-2,1-2\"},\"children\":[{\"type\":\"column\",\"props\":{\"image_position\":\"center-center\",\"position_sticky_breakpoint\":\"m\",\"width_medium\":\"1-2\"},\"children\":[{\"type\":\"headline\",\"props\":{\"content\":\"PEGO SRL\",\"margin_remove_bottom\":true,\"title_element\":\"div\",\"title_style\":\"text-lead\"}},{\"type\":\"headline\",\"props\":{\"content\":\"Contacts\",\"margin_remove_top\":true,\"title_element\":\"div\",\"title_style\":\"heading-large\"}}]},{\"type\":\"column\",\"props\":{\"image_position\":\"center-center\",\"position_sticky_breakpoint\":\"m\",\"vertical_align\":\"middle\",\"width_medium\":\"1-2\"}}]}]},{\"type\":\"section\",\"props\":{\"class\":\"contactslists\",\"image_position\":\"center-center\",\"style\":\"default\",\"title_breakpoint\":\"xl\",\"title_position\":\"top-left\",\"title_rotation\":\"left\",\"vertical_align\":\"middle\",\"width\":\"large\"},\"children\":[{\"type\":\"row\",\"props\":{\"column_gap\":\"large\",\"layout\":\"1-2,1-2\"},\"children\":[{\"type\":\"column\",\"props\":{\"image_position\":\"center-center\",\"position_sticky_breakpoint\":\"m\",\"vertical_align\":\"bottom\",\"width_medium\":\"1-2\"},\"children\":[{\"type\":\"headline\",\"props\":{\"content\":\"PEGO Srl\",\"title_element\":\"div\",\"title_style\":\"h2\"}}]},{\"type\":\"column\",\"props\":{\"image_position\":\"center-center\",\"position_sticky_breakpoint\":\"m\",\"width_medium\":\"1-2\"},\"children\":[{\"type\":\"headline\",\"props\":{\"content\":\"Castel Refrigeration (Shanghai) Co., Ltd (APAC area)\",\"title_element\":\"div\",\"title_style\":\"h2\"}}]}]},{\"type\":\"row\",\"props\":{\"column_gap\":\"large\",\"layout\":\"1-2,1-2\"},\"children\":[{\"type\":\"column\",\"props\":{\"image_position\":\"center-center\",\"position_sticky_breakpoint\":\"m\",\"width_medium\":\"1-2\"},\"children\":[{\"type\":\"description_list\",\"props\":{\"column_breakpoint\":\"m\",\"css\":\".el-title{\\n\\tfont-weight:bold;\\n}\\n.el-content span{\\n    background-color: #f4f4f9;\\n    position: relative;\\n    height: 100%;\\n    display: table;\\n\\n}\\n@media screen and (min-width:768px)[\\n    .el-content::before {\\n        content: \\\"\\\";\\n        position: absolute;\\n        left: 0;\\n        bottom: 5px;\\n        transform: translateY(-50%);\\n        height: 1px;\\n        width:100%;\\n        background-color: #c7c6cb;\\n    }\\n\\t.el-content{\\n        text-align:right;\\n    }\\n    .el-content span{\\n    \\tpadding-left: 10px;\\n        float: right;\\n    }\\n}\\na{\\n    color:#5a5150;\\n}\",\"layout\":\"grid-2\",\"list_element\":\"ul\",\"meta_align\":\"below-content\",\"meta_style\":\"text-meta\",\"show_content\":true,\"show_link\":true,\"show_meta\":true,\"show_title\":true,\"title_element\":\"div\",\"title_grid_breakpoint\":\"s\",\"title_grid_column_gap\":\"small\",\"title_grid_row_gap\":\"small\",\"title_grid_width\":\"auto\"},\"children\":[{\"type\":\"description_list_item\",\"props\":{\"content\":\"<span>Via Piacentina, 6\\\/b | 45030, Occhiobello (RO), Italia<\\\/span>\",\"title\":\"Adresse:\"}},{\"type\":\"description_list_item\",\"props\":{\"content\":\"<span><a href=\\\"mailto:commerciale@pego.it\\\">commerciale@pego.it<\\\/a><\\\/span>\",\"title\":\"Direction Commerciale pour l\\u2019Italie:\"}},{\"type\":\"description_list_item\",\"props\":{\"content\":\"<span><a href=\\\"mailto:export@pego.it\\\">export@pego.it<\\\/a><\\\/span>\",\"title\":\"Direction Commerciale pour l\\u2019Etranger:\"}},{\"type\":\"description_list_item\",\"props\":{\"content\":\"<span><a href=\\\"mailto:tecnico@pego.it\\\">tecnico@pego.it<\\\/a><\\\/span>\",\"title\":\"D\\u00e9partement Technique et Conception: \"}},{\"type\":\"description_list_item\",\"props\":{\"content\":\"<span><a href=\\\"mailto:amministrazione@pego.it\\\">amministrazione@pego.it<\\\/a><\\\/span>\",\"title\":\"Administration:\"}},{\"type\":\"description_list_item\",\"props\":{\"content\":\"<span><a href=\\\"mailto:acquisti@pego.it\\\">acquisti@pego.it<\\\/a><\\\/span>\",\"title\":\"Bureau des Achats:\"}},{\"type\":\"description_list_item\",\"props\":{\"content\":\"<span>(+39) 0425 762906<\\\/span>\",\"title\":\"T\\u00e9l\\u00e9phone:\"}},{\"type\":\"description_list_item\",\"props\":{\"content\":\"<span>(+39) 335 7461774 (solo messaggi testo\\\/foto)<\\\/span>\",\"title\":\"Whatsapp:\"}}]}]},{\"type\":\"column\",\"props\":{\"image_position\":\"center-center\",\"position_sticky_breakpoint\":\"m\",\"width_medium\":\"1-2\"},\"children\":[{\"type\":\"description_list\",\"props\":{\"column_breakpoint\":\"m\",\"css\":\".el-title{\\n\\tfont-weight:bold;\\n}\\n.el-content span{\\n    background-color: #f4f4f9;\\n    position: relative;\\n    height: 100%;\\n    display: table;\\n\\n}\\n@media screen and (min-width:768px)[\\n    .el-content::before {\\n        content: \\\"\\\";\\n        position: absolute;\\n        left: 0;\\n        bottom: 5px;\\n        transform: translateY(-50%);\\n        height: 1px;\\n        width:100%;\\n        background-color: #c7c6cb;\\n    }\\n\\t.el-content{\\n        text-align:right;\\n    }\\n    .el-content span{\\n    \\tpadding-left: 10px;\\n        float: right;\\n    }\\n}\\na{\\n    color:#5a5150;\\n}\",\"layout\":\"grid-2\",\"list_element\":\"ul\",\"meta_align\":\"below-content\",\"meta_style\":\"text-meta\",\"show_content\":true,\"show_link\":true,\"show_meta\":true,\"show_title\":true,\"title_element\":\"div\",\"title_grid_breakpoint\":\"s\",\"title_grid_column_gap\":\"small\",\"title_grid_row_gap\":\"small\",\"title_grid_width\":\"auto\"},\"children\":[{\"type\":\"description_list_item\",\"props\":{\"content\":\"<span>E-811 Wanda Plaza Shijingshan 100043 Beijing PRC<\\\/span>\",\"title\":\"Adresse:\"}},{\"type\":\"description_list_item\",\"props\":{\"content\":\"<span><a href=\\\"mailto:apac@pego.it\\\">apac@pego.it<\\\/a><\\\/span>\",\"title\":\"Mail:\"}},{\"type\":\"description_list_item\",\"props\":{\"content\":\"<span>(+86) 10-88696628<\\\/span>\",\"title\":\"T\\u00e9l\\u00e9phone:\"}}]}]}]}]},{\"type\":\"section\",\"props\":{\"class\":\"beforewhite-assistenza\",\"image_position\":\"center-center\",\"style\":\"default\",\"title_breakpoint\":\"xl\",\"title_position\":\"top-left\",\"title_rotation\":\"left\",\"vertical_align\":\"middle\",\"width\":\"large\"},\"children\":[{\"type\":\"row\",\"props\":{\"column_gap\":\"large\",\"layout\":\"1-3,2-3\"},\"children\":[{\"type\":\"column\",\"props\":{\"image_position\":\"center-center\",\"position_sticky_breakpoint\":\"m\",\"width_medium\":\"1-3\"},\"children\":[{\"type\":\"image\",\"props\":{\"image\":\"wp-content\\\/uploads\\\/2024\\\/08\\\/contatti.png\",\"image_svg_color\":\"emphasis\",\"margin\":\"default\",\"visibility\":\"m\"}}]},{\"type\":\"column\",\"props\":{\"image_position\":\"center-center\",\"position_sticky_breakpoint\":\"m\",\"width_medium\":\"2-3\"},\"children\":[{\"type\":\"headline\",\"props\":{\"content\":\"Assistance\",\"margin_remove_bottom\":true,\"position\":\"relative\",\"title_element\":\"div\",\"title_style\":\"text-lead\"}},{\"type\":\"headline\",\"props\":{\"content\":\"Assistance apr\\u00e8s-vente et Help-desk\\n\",\"margin_remove_top\":true,\"position\":\"relative\",\"title_element\":\"h1\"}},{\"type\":\"text\",\"props\":{\"column_breakpoint\":\"m\",\"content\":\"<b>PEGO s.r.l. met \\u00e0 disposition un service d\\u2019assistance de haute qualit\\u00e9 pendant tout le cycle de vie de ses produits.<\\\/b><br\\\/>\\nNos techniciens de la ligne t\\u00e9l\\u00e9phonique de soutien, dot\\u00e9s d\\u2019une haute formation technique et tr\\u00e8s qualifi\\u00e9s, aident les clients \\u00e0 r\\u00e9soudre leurs probl\\u00e8mes. <br\\\/>\\nDe plus, dans nos tableaux avec \\u00e9lectronique de contr\\u00f4le PEGO et syst\\u00e8me de monitorage Telenet, nous pouvons offrir un service d\\u2019assistance par contr\\u00f4le \\u00e0 distance.\",\"margin\":\"default\",\"text_align\":\"justify\"}},{\"type\":\"description_list\",\"props\":{\"column_breakpoint\":\"m\",\"css\":\".el-title{\\n\\tfont-weight:bold;\\n}\\n.el-content span{\\n    background-color: #f4f4f9;\\n    position: relative;\\n    height: 100%;\\n    display: table;\\n\\n}\\n@media screen and (min-width:768px)[\\n    .el-content::before {\\n        content: \\\"\\\";\\n        position: absolute;\\n        left: 0;\\n        bottom: 5px;\\n        transform: translateY(-50%);\\n        height: 1px;\\n        width:100%;\\n        background-color: #c7c6cb;\\n    }\\n\\t.el-content{\\n        text-align:right;\\n    }\\n    .el-content span{\\n    \\tpadding-left: 10px;\\n        float: right;\\n    }\\n}\\na{\\n    color:#5a5150;\\n}\",\"layout\":\"grid-2\",\"list_element\":\"ul\",\"meta_align\":\"below-content\",\"meta_style\":\"text-meta\",\"position\":\"relative\",\"show_content\":true,\"show_link\":true,\"show_meta\":true,\"show_title\":true,\"title_element\":\"div\",\"title_grid_column_gap\":\"small\",\"title_grid_row_gap\":\"small\",\"title_grid_width\":\"auto\"},\"children\":[{\"type\":\"description_list_item\",\"props\":{\"content\":\"\n\n<p><span><a href=\\\"mailto:tecnico@pego.it\\\">tecnico@pego.it<\\\/a><\\\/span><\\\/p>\",\"title\":\"Mail:\"}},{\"type\":\"description_list_item\",\"props\":{\"content\":\"<span>(+39) 0425 762906<\\\/span>\",\"title\":\"T\\u00e9l\\u00e9phone:\"}}]}]}]}]},{\"type\":\"section\",\"props\":{\"class\":\"afterwhite-assistenza\",\"image_position\":\"center-center\",\"style\":\"default\",\"title_breakpoint\":\"xl\",\"title_position\":\"top-left\",\"title_rotation\":\"left\",\"vertical_align\":\"middle\",\"width\":\"large\"},\"children\":[{\"type\":\"row\",\"props\":{\"column_gap\":\"large\",\"layout\":\"2-3,1-3\"},\"children\":[{\"type\":\"column\",\"props\":{\"image_position\":\"center-center\",\"position_sticky_breakpoint\":\"m\",\"width_medium\":\"2-3\"},\"children\":[{\"type\":\"headline\",\"props\":{\"content\":\"Distributeurs\",\"margin_remove_bottom\":true,\"title_element\":\"div\",\"title_style\":\"text-lead\"}},{\"type\":\"headline\",\"props\":{\"content\":\"Nos distributeurs.\",\"margin_remove_top\":true,\"position\":\"relative\",\"position_z_index\":\"1\",\"title_element\":\"h1\"}},{\"type\":\"text\",\"props\":{\"column_breakpoint\":\"m\",\"content\":\"<b>Veuillez contacter notre bureau commercial pour plus d\\u2019informations.<\\\/b>\",\"margin\":\"default\",\"position\":\"relative\",\"text_align\":\"justify\"}},{\"type\":\"description_list\",\"props\":{\"column_breakpoint\":\"m\",\"css\":\".el-title{\\n\\tfont-weight:bold;\\n}\\n.el-content span{\\n    background-color: #f4f4f9;\\n    position: relative;\\n    height: 100%;\\n    display: table;\\n\\n}\\n@media screen and (min-width:768px)[\\n    .el-content::before {\\n        content: \\\"\\\";\\n        position: absolute;\\n        left: 0;\\n        bottom: 5px;\\n        transform: translateY(-50%);\\n        height: 1px;\\n        width:100%;\\n        background-color: #c7c6cb;\\n    }\\n\\t.el-content{\\n        text-align:right;\\n    }\\n    .el-content span{\\n    \\tpadding-left: 10px;\\n        float: right;\\n    }\\n}\\na{\\n    color:#5a5150;\\n}\",\"layout\":\"grid-2\",\"list_element\":\"ul\",\"meta_align\":\"below-content\",\"meta_style\":\"text-meta\",\"position\":\"relative\",\"position_z_index\":\"1\",\"show_content\":true,\"show_link\":true,\"show_meta\":true,\"show_title\":true,\"title_element\":\"div\",\"title_grid_column_gap\":\"small\",\"title_grid_row_gap\":\"small\",\"title_grid_width\":\"auto\"},\"children\":[{\"type\":\"description_list_item\",\"props\":{\"content\":\"\n\n<p><span>(+39) 0425 762906 - 3<\\\/span><\\\/p>\",\"title\":\"T\\u00e9l\\u00e9phone:\"}},{\"type\":\"description_list_item\",\"props\":{\"content\":\"\n\n<p><a href=\\\"mailto:commerciale@pego.it\\\">commerciale@pego.it<\\\/a><\\\/p>\",\"title\":\"Direction Commerciale pour l\\u2019Italie:\"}},{\"type\":\"description_list_item\",\"props\":{\"content\":\"\n\n<p><a href=\\\"mailto:export@pego.it\\\">export@pego.it<\\\/a><\\\/p>\",\"title\":\"Direction Commerciale pour l\\u2019Etranger:\"}}]}]},{\"type\":\"column\",\"props\":{\"image_position\":\"center-center\",\"position_sticky_breakpoint\":\"m\",\"width_medium\":\"1-3\"},\"children\":[{\"type\":\"image\",\"props\":{\"css\":\".el-image{\\n\\tmax-width:;\\n}\",\"image\":\"wp-content\\\/uploads\\\/2024\\\/08\\\/contatti-1.png\",\"image_svg_color\":\"emphasis\",\"margin\":\"default\"}}]}]}]}],\"version\":\"1.0.0\"} --><\/p>\n","protected":false},"excerpt":{"rendered":"<p>PEGO SRL Contacts PEGO Srl Castel Refrigeration (Shanghai) Co., Ltd (APAC area) Adresse: Via Piacentina, 6\/b | 45030, Occhiobello (RO), Italia Direction Commerciale pour l\u2019Italie: commerciale@pego.it Direction Commerciale pour l\u2019Etranger: export@pego.it D\u00e9partement Technique et Conception: tecnico@pego.it Administration: amministrazione@pego.it Bureau des Achats: acquisti@pego.it T\u00e9l\u00e9phone: (+39) 0425 762906 Whatsapp: (+39) 335 7461774 (solo messaggi testo\/foto) Adresse: E-811 [&hellip;]<\/p>\n","protected":false},"author":1,"featured_media":0,"parent":0,"menu_order":0,"comment_status":"closed","ping_status":"closed","template":"","meta":{"_acf_changed":false,"footnotes":""},"class_list":["post-13930","page","type-page","status-publish","hentry"],"acf":[],"_links":{"self":[{"href":"https:\/\/www.pego.it\/fr\/wp-json\/wp\/v2\/pages\/13930","targetHints":{"allow":["GET"]}}],"collection":[{"href":"https:\/\/www.pego.it\/fr\/wp-json\/wp\/v2\/pages"}],"about":[{"href":"https:\/\/www.pego.it\/fr\/wp-json\/wp\/v2\/types\/page"}],"author":[{"embeddable":true,"href":"https:\/\/www.pego.it\/fr\/wp-json\/wp\/v2\/users\/1"}],"replies":[{"embeddable":true,"href":"https:\/\/www.pego.it\/fr\/wp-json\/wp\/v2\/comments?post=13930"}],"version-history":[{"count":15,"href":"https:\/\/www.pego.it\/fr\/wp-json\/wp\/v2\/pages\/13930\/revisions"}],"predecessor-version":[{"id":17050,"href":"https:\/\/www.pego.it\/fr\/wp-json\/wp\/v2\/pages\/13930\/revisions\/17050"}],"wp:attachment":[{"href":"https:\/\/www.pego.it\/fr\/wp-json\/wp\/v2\/media?parent=13930"}],"curies":[{"name":"wp","href":"https:\/\/api.w.org\/{rel}","templated":true}]}}