{"id":13874,"date":"2024-08-28T13:28:48","date_gmt":"2024-08-28T13:28:48","guid":{"rendered":"https:\/\/pego.it\/applications\/supervision-et-alarmes\/"},"modified":"2024-09-27T09:29:19","modified_gmt":"2024-09-27T09:29:19","slug":"supervision-et-alarmes","status":"publish","type":"page","link":"https:\/\/www.pego.it\/fr\/applications\/supervision-et-alarmes\/","title":{"rendered":"Supervision et alarmes"},"content":{"rendered":"<div>PEGO SRL<\/div>\n<div>Supervision et alarmes\n<\/div>\n<div>\n<p style=\"text-align: right;\">PEGO propose diff\u00e9rents services pour la supervision et la gestion des alarmes de la chambre froide comme l\u2019ECP APE 03 qui permet \u00e0 une personne coinc\u00e9e \u00e0 l&rsquo;int\u00e9rieur de la cellule d&rsquo;activer un signal d&rsquo;alarme et le syst\u00e8me de supervision et de surveillance TeleNET<\/p>\n<\/div>\n<div><div class=\"pg_app_container\"><div class=\"pg_app_post_type uk-margin-large-bottom\"><span class=\"uk-h3\">Supervision<\/span><br\/><div class=\"uk-grid uk-margin-medium-bottom uk-margin-small-top\"><div class=\"uk-width-1-3@m uk-width-1-2@s uk-margin-bottom\"><a href=\"https:\/\/www.pego.it\/fr\/produits\/supervision\/expert-gsm\/\">\n                        <div class=\"pg_child_product_thumbnail\"><img loading=\"lazy\" decoding=\"async\" width=\"284\" height=\"300\" src=\"https:\/\/www.pego.it\/wp-content\/uploads\/2024\/07\/Pego-EXPERT-GSM-284x300.png\" class=\"attachment-medium size-medium wp-post-image\" alt=\"Supervision et alarmes\" srcset=\"https:\/\/www.pego.it\/wp-content\/uploads\/2024\/07\/Pego-EXPERT-GSM-284x300.png 284w, https:\/\/www.pego.it\/wp-content\/uploads\/2024\/07\/Pego-EXPERT-GSM-968x1024.png 968w, https:\/\/www.pego.it\/wp-content\/uploads\/2024\/07\/Pego-EXPERT-GSM-768x812.png 768w, https:\/\/www.pego.it\/wp-content\/uploads\/2024\/07\/Pego-EXPERT-GSM.png 1021w\" sizes=\"(max-width: 284px) 100vw, 284px\" \/><\/div>\n                    <\/a><a href=\"https:\/\/www.pego.it\/fr\/produits\/supervision\/expert-gsm\/\" class=\"pg_prod_title\">EXPERT GSM<\/a><p class=\"pg_child_product_intro\">EXPERT GSM est le module qui envoie un appel t\u00e9l\u00e9phonique d'alarme pour signaler l'anomalie de la chambre froide. Il est en mesure de comprendre toutes les alarmes de la cellule et aussi de signaler l'absence de tension.<\/p><a class=\"el-content uk-button uk-button-primary\" href=\"https:\/\/www.pego.it\/fr\/produits\/supervision\/expert-gsm\/\" uk-scroll=\"\">En savoir plus<\/a><\/div><div class=\"uk-width-1-3@m uk-width-1-2@s uk-margin-bottom\"><a href=\"https:\/\/www.pego.it\/fr\/produits\/supervision\/telenet-web\/\">\n                        <div class=\"pg_child_product_thumbnail\"><img loading=\"lazy\" decoding=\"async\" width=\"251\" height=\"300\" src=\"https:\/\/www.pego.it\/wp-content\/uploads\/2024\/06\/TELENET-BOX-251x300.png\" class=\"attachment-medium size-medium wp-post-image\" alt=\"Supervision et alarmes\" srcset=\"https:\/\/www.pego.it\/wp-content\/uploads\/2024\/06\/TELENET-BOX-251x300.png 251w, https:\/\/www.pego.it\/wp-content\/uploads\/2024\/06\/TELENET-BOX.png 539w\" sizes=\"(max-width: 251px) 100vw, 251px\" \/><\/div>\n                    <\/a><a href=\"https:\/\/www.pego.it\/fr\/produits\/supervision\/telenet-web\/\" class=\"pg_prod_title\">TeleNET WEB<\/a><p class=\"pg_child_product_intro\">TeleNET est une application pour le monitorage et la supervision des installations de r\u00e9frig\u00e9ration et conditionnement contr\u00f4l\u00e9es par des instruments \u00e9lectroniques Pego.<\/p><a class=\"el-content uk-button uk-button-primary\" href=\"https:\/\/www.pego.it\/fr\/produits\/supervision\/telenet-web\/\" uk-scroll=\"\">En savoir plus<\/a><\/div><div class=\"uk-width-1-3@m uk-width-1-2@s uk-margin-bottom\"><a href=\"https:\/\/www.pego.it\/fr\/produits\/supervision\/twm3-io\/\">\n                        <div class=\"pg_child_product_thumbnail\"><img loading=\"lazy\" decoding=\"async\" width=\"247\" height=\"300\" src=\"https:\/\/www.pego.it\/wp-content\/uploads\/2024\/07\/Pego-TWM3-IO-247x300.png\" class=\"attachment-medium size-medium wp-post-image\" alt=\"Supervision et alarmes\" srcset=\"https:\/\/www.pego.it\/wp-content\/uploads\/2024\/07\/Pego-TWM3-IO-247x300.png 247w, https:\/\/www.pego.it\/wp-content\/uploads\/2024\/07\/Pego-TWM3-IO-844x1024.png 844w, https:\/\/www.pego.it\/wp-content\/uploads\/2024\/07\/Pego-TWM3-IO-768x932.png 768w, https:\/\/www.pego.it\/wp-content\/uploads\/2024\/07\/Pego-TWM3-IO.png 890w\" sizes=\"(max-width: 247px) 100vw, 247px\" \/><\/div>\n                    <\/a><a href=\"https:\/\/www.pego.it\/fr\/produits\/supervision\/twm3-io\/\" class=\"pg_prod_title\">TWM3 IO<\/a><p class=\"pg_child_product_intro\">Module d'acquisition avec 3 entr\u00e9es num\u00e9riques et une sortie avec relais \u00e0 connecter \u00e0 un r\u00e9seau de supervision TeleNET ou avec un protocole Modbus-RTU.<\/p><a class=\"el-content uk-button uk-button-primary\" href=\"https:\/\/www.pego.it\/fr\/produits\/supervision\/twm3-io\/\" uk-scroll=\"\">En savoir plus<\/a><\/div><div class=\"uk-width-1-3@m uk-width-1-2@s uk-margin-bottom\"><a href=\"https:\/\/www.pego.it\/fr\/produits\/supervision\/twm3-t-p-ur\/\">\n                        <div class=\"pg_child_product_thumbnail\"><img loading=\"lazy\" decoding=\"async\" width=\"247\" height=\"300\" src=\"https:\/\/www.pego.it\/wp-content\/uploads\/2024\/07\/Pego-TWM3-T-P-UR-247x300.png\" class=\"attachment-medium size-medium wp-post-image\" alt=\"Supervision et alarmes\" srcset=\"https:\/\/www.pego.it\/wp-content\/uploads\/2024\/07\/Pego-TWM3-T-P-UR-247x300.png 247w, https:\/\/www.pego.it\/wp-content\/uploads\/2024\/07\/Pego-TWM3-T-P-UR-844x1024.png 844w, https:\/\/www.pego.it\/wp-content\/uploads\/2024\/07\/Pego-TWM3-T-P-UR-768x932.png 768w, https:\/\/www.pego.it\/wp-content\/uploads\/2024\/07\/Pego-TWM3-T-P-UR.png 890w\" sizes=\"(max-width: 247px) 100vw, 247px\" \/><\/div>\n                    <\/a><a href=\"https:\/\/www.pego.it\/fr\/produits\/supervision\/twm3-t-p-ur\/\" class=\"pg_prod_title\">TWM3 T P UR<\/a><p class=\"pg_child_product_intro\">Module d'acquisition \u00e0 3 canaux analogiques pour relever la temp\u00e9rature, la pression ou l'humidit\u00e9 relative, \u00e0 connecter \u00e0 un r\u00e9seau de supervision TeleNET ou avec le protocole Modbus-RTU.<\/p><a class=\"el-content uk-button uk-button-primary\" href=\"https:\/\/www.pego.it\/fr\/produits\/supervision\/twm3-t-p-ur\/\" uk-scroll=\"\">En savoir plus<\/a><\/div><\/div><\/div><div class=\"pg_app_post_type uk-margin-large-bottom\"><span class=\"uk-h3\">Accessoires<\/span><br\/><div class=\"uk-grid uk-margin-medium-bottom uk-margin-small-top\"><div class=\"uk-width-1-3@m uk-width-1-2@s uk-margin-bottom\"><a href=\"https:\/\/www.pego.it\/fr\/produits\/accessoires\/expert-gsm\/\">\n                        <div class=\"pg_child_product_thumbnail\"><img loading=\"lazy\" decoding=\"async\" width=\"284\" height=\"300\" src=\"https:\/\/www.pego.it\/wp-content\/uploads\/2024\/07\/Pego-EXPERT-GSM-284x300.png\" class=\"attachment-medium size-medium wp-post-image\" alt=\"Supervision et alarmes\" srcset=\"https:\/\/www.pego.it\/wp-content\/uploads\/2024\/07\/Pego-EXPERT-GSM-284x300.png 284w, https:\/\/www.pego.it\/wp-content\/uploads\/2024\/07\/Pego-EXPERT-GSM-968x1024.png 968w, https:\/\/www.pego.it\/wp-content\/uploads\/2024\/07\/Pego-EXPERT-GSM-768x812.png 768w, https:\/\/www.pego.it\/wp-content\/uploads\/2024\/07\/Pego-EXPERT-GSM.png 1021w\" sizes=\"(max-width: 284px) 100vw, 284px\" \/><\/div>\n                    <\/a><a href=\"https:\/\/www.pego.it\/fr\/produits\/accessoires\/expert-gsm\/\" class=\"pg_prod_title\">EXPERT GSM<\/a><p class=\"pg_child_product_intro\">EXPERT GSM est le module qui envoie un appel t\u00e9l\u00e9phonique d'alarme pour signaler l'anomalie de la chambre froide. Il est en mesure de comprendre toutes les alarmes de la cellule et aussi de signaler l'absence de tension.<\/p><a class=\"el-content uk-button uk-button-primary\" href=\"https:\/\/www.pego.it\/fr\/produits\/accessoires\/expert-gsm\/\" uk-scroll=\"\">En savoir plus<\/a><\/div><\/div><\/div><\/div><\/div>\n<p><!--more--><br \/>\n<!-- {\"type\":\"layout\",\"children\":[{\"type\":\"section\",\"props\":{\"header_transparent\":true,\"header_transparent_text_color\":\"light\",\"height\":\"viewport\",\"height_viewport\":80,\"image\":\"wp-content\\\/uploads\\\/2024\\\/08\\\/allarmi.jpg\",\"image_position\":\"center-center\",\"image_size\":\"cover\",\"style\":\"default\",\"title_breakpoint\":\"xl\",\"title_position\":\"top-left\",\"title_rotation\":\"left\",\"vertical_align\":\"middle\",\"width\":\"default\"},\"children\":[{\"type\":\"row\",\"children\":[{\"type\":\"column\",\"props\":{\"image_position\":\"center-center\",\"position_sticky_breakpoint\":\"m\"}}]}]},{\"type\":\"section\",\"props\":{\"css\":\".el-section > .uk-container{\\n\\tmargin-top:-150px;\\n    background-color:#fff;\\n    padding-top:50px;\\n    padding-bottom:50px;\\n}\",\"image_position\":\"center-center\",\"padding\":\"none\",\"style\":\"muted\",\"title_breakpoint\":\"xl\",\"title_position\":\"top-left\",\"title_rotation\":\"left\",\"vertical_align\":\"middle\",\"width\":\"xlarge\"},\"children\":[{\"type\":\"row\",\"props\":{\"layout\":\"1-2,1-2\"},\"children\":[{\"type\":\"column\",\"props\":{\"image_position\":\"center-center\",\"position_sticky_breakpoint\":\"m\",\"width_medium\":\"1-2\"},\"children\":[{\"type\":\"headline\",\"props\":{\"content\":\"PEGO SRL\",\"margin_remove_bottom\":true,\"title_element\":\"div\",\"title_style\":\"text-lead\"}},{\"type\":\"headline\",\"props\":{\"content\":\"Supervision et alarmes\\n\",\"margin_remove_top\":true,\"title_element\":\"div\",\"title_style\":\"heading-medium\"}}]},{\"type\":\"column\",\"props\":{\"image_position\":\"center-center\",\"position_sticky_breakpoint\":\"m\",\"vertical_align\":\"middle\",\"width_medium\":\"1-2\"},\"children\":[{\"type\":\"text\",\"props\":{\"column_breakpoint\":\"m\",\"content\":\"\n\n<p style=\\\"text-align: right;\\\">PEGO propose diff\\u00e9rents services pour la supervision et la gestion des alarmes de la chambre froide comme l\\u2019ECP APE 03 qui permet \\u00e0 une personne coinc\\u00e9e \\u00e0 l'int\\u00e9rieur de la cellule d'activer un signal d'alarme et le syst\\u00e8me de supervision et de surveillance TeleNET<\\\/p>\",\"margin\":\"default\"}}]}]}]},{\"type\":\"section\",\"props\":{\"image_position\":\"center-center\",\"style\":\"default\",\"title_breakpoint\":\"xl\",\"title_position\":\"top-left\",\"title_rotation\":\"left\",\"vertical_align\":\"middle\",\"width\":\"xlarge\"},\"children\":[{\"type\":\"row\",\"children\":[{\"type\":\"column\",\"props\":{\"image_position\":\"center-center\",\"position_sticky_breakpoint\":\"m\"},\"children\":[{\"type\":\"text\",\"props\":{\"column_breakpoint\":\"m\",\"content\":\"[pg_single_application]\",\"margin\":\"default\"}}]}]}]}],\"version\":\"1.0.0\"} --><\/p>\n","protected":false},"excerpt":{"rendered":"<p>PEGO SRL Supervision et alarmes PEGO propose diff\u00e9rents services pour la supervision et la gestion des alarmes de la chambre froide comme l\u2019ECP APE 03 qui permet \u00e0 une personne coinc\u00e9e \u00e0 l&rsquo;int\u00e9rieur de la cellule d&rsquo;activer un signal d&rsquo;alarme et le syst\u00e8me de supervision et de surveillance TeleNET<\/p>\n","protected":false},"author":1,"featured_media":9610,"parent":13701,"menu_order":0,"comment_status":"closed","ping_status":"closed","template":"","meta":{"_acf_changed":false,"footnotes":""},"class_list":["post-13874","page","type-page","status-publish","has-post-thumbnail","hentry"],"acf":[],"_links":{"self":[{"href":"https:\/\/www.pego.it\/fr\/wp-json\/wp\/v2\/pages\/13874","targetHints":{"allow":["GET"]}}],"collection":[{"href":"https:\/\/www.pego.it\/fr\/wp-json\/wp\/v2\/pages"}],"about":[{"href":"https:\/\/www.pego.it\/fr\/wp-json\/wp\/v2\/types\/page"}],"author":[{"embeddable":true,"href":"https:\/\/www.pego.it\/fr\/wp-json\/wp\/v2\/users\/1"}],"replies":[{"embeddable":true,"href":"https:\/\/www.pego.it\/fr\/wp-json\/wp\/v2\/comments?post=13874"}],"version-history":[{"count":2,"href":"https:\/\/www.pego.it\/fr\/wp-json\/wp\/v2\/pages\/13874\/revisions"}],"predecessor-version":[{"id":16528,"href":"https:\/\/www.pego.it\/fr\/wp-json\/wp\/v2\/pages\/13874\/revisions\/16528"}],"up":[{"embeddable":true,"href":"https:\/\/www.pego.it\/fr\/wp-json\/wp\/v2\/pages\/13701"}],"wp:featuredmedia":[{"embeddable":true,"href":"https:\/\/www.pego.it\/fr\/wp-json\/wp\/v2\/media\/9610"}],"wp:attachment":[{"href":"https:\/\/www.pego.it\/fr\/wp-json\/wp\/v2\/media?parent=13874"}],"curies":[{"name":"wp","href":"https:\/\/api.w.org\/{rel}","templated":true}]}}