{"id":13776,"date":"2024-08-28T13:42:37","date_gmt":"2024-08-28T13:42:37","guid":{"rendered":"https:\/\/pego.it\/applications\/centrale-frigorifique-et-chiller\/"},"modified":"2024-09-27T09:25:39","modified_gmt":"2024-09-27T09:25:39","slug":"centrale-frigorifique-et-chiller","status":"publish","type":"page","link":"https:\/\/www.pego.it\/fr\/applications\/centrale-frigorifique-et-chiller\/","title":{"rendered":"Centrale frigorifique et chiller"},"content":{"rendered":"<div>PEGO SRL<\/div>\n<div>Centrale frigorifique et chiller<\/div>\n<div>\n<p style=\"text-align: right;\">Produits pour la gestion de la centrale frigorifique et des syst\u00e8mes de refroidissement<\/p>\n<\/div>\n<div><div class=\"pg_app_container\"><div class=\"pg_app_post_type uk-margin-large-bottom\"><span class=\"uk-h3\">Electronique<\/span><br\/><span class=\"uk-heading-small uk-margin-bottom pg_app_parent\">S\u00e9rie DIN NANO<\/span><div class=\"uk-grid uk-margin-medium-bottom uk-margin-small-top\"><div class=\"uk-width-1-3@m uk-width-1-2@s uk-margin-bottom\"><a href=\"https:\/\/www.pego.it\/fr\/produits\/electronique-modulaire\/serie-din-nano\/din-nano-chiller\/\">\n                        <div class=\"pg_child_product_thumbnail\"><img loading=\"lazy\" decoding=\"async\" width=\"274\" height=\"300\" src=\"https:\/\/www.pego.it\/wp-content\/uploads\/2024\/07\/Pego-DIN-NANO-CHILLER-Perspective-274x300.png\" class=\"attachment-medium size-medium wp-post-image\" alt=\"Centrale frigorifique et chiller\" srcset=\"https:\/\/www.pego.it\/wp-content\/uploads\/2024\/07\/Pego-DIN-NANO-CHILLER-Perspective-274x300.png 274w, https:\/\/www.pego.it\/wp-content\/uploads\/2024\/07\/Pego-DIN-NANO-CHILLER-Perspective-934x1024.png 934w, https:\/\/www.pego.it\/wp-content\/uploads\/2024\/07\/Pego-DIN-NANO-CHILLER-Perspective-768x842.png 768w, https:\/\/www.pego.it\/wp-content\/uploads\/2024\/07\/Pego-DIN-NANO-CHILLER-Perspective.png 985w\" sizes=\"(max-width: 274px) 100vw, 274px\" \/><\/div>\n                    <\/a><a href=\"https:\/\/www.pego.it\/fr\/produits\/electronique-modulaire\/serie-din-nano\/din-nano-chiller\/\" class=\"pg_prod_title\">DIN NANO CHILLER<\/a><p class=\"pg_child_product_intro\">Le tableau \u00e9lectronique DIN NANO CHILLER permet le contr\u00f4le et la gestion compl\u00e8te d'unit\u00e9s Chiller air\/eau et eau\/eau, \u00e9quip\u00e9es de deux compresseurs maximum.<\/p><a class=\"el-content uk-button uk-button-primary\" href=\"https:\/\/www.pego.it\/fr\/produits\/electronique-modulaire\/serie-din-nano\/din-nano-chiller\/\" uk-scroll=\"\">En savoir plus<\/a><\/div><div class=\"uk-width-1-3@m uk-width-1-2@s uk-margin-bottom\"><a href=\"https:\/\/www.pego.it\/fr\/produits\/electronique-modulaire\/serie-din-nano\/din-nano-sc-500\/\">\n                        <div class=\"pg_child_product_thumbnail\"><img loading=\"lazy\" decoding=\"async\" width=\"274\" height=\"300\" src=\"https:\/\/www.pego.it\/wp-content\/uploads\/2024\/07\/Pego-DIN-NANO-SC500-Perspective-274x300.png\" class=\"attachment-medium size-medium wp-post-image\" alt=\"Centrale frigorifique et chiller\" srcset=\"https:\/\/www.pego.it\/wp-content\/uploads\/2024\/07\/Pego-DIN-NANO-SC500-Perspective-274x300.png 274w, https:\/\/www.pego.it\/wp-content\/uploads\/2024\/07\/Pego-DIN-NANO-SC500-Perspective-934x1024.png 934w, https:\/\/www.pego.it\/wp-content\/uploads\/2024\/07\/Pego-DIN-NANO-SC500-Perspective-768x842.png 768w, https:\/\/www.pego.it\/wp-content\/uploads\/2024\/07\/Pego-DIN-NANO-SC500-Perspective.png 985w\" sizes=\"(max-width: 274px) 100vw, 274px\" \/><\/div>\n                    <\/a><a href=\"https:\/\/www.pego.it\/fr\/produits\/electronique-modulaire\/serie-din-nano\/din-nano-sc-500\/\" class=\"pg_prod_title\">DIN\u00a0NANO SC 500<\/a><p class=\"pg_child_product_intro\">Le DIN NANO SC500 est un r\u00e9gulateur \u00e9lectronique \u00e0 5 relais sur rail DIN appropri\u00e9 pour la gestion de la centrale frigorifique...<\/p><a class=\"el-content uk-button uk-button-primary\" href=\"https:\/\/www.pego.it\/fr\/produits\/electronique-modulaire\/serie-din-nano\/din-nano-sc-500\/\" uk-scroll=\"\">En savoir plus<\/a><\/div><\/div><span class=\"uk-heading-small uk-margin-bottom pg_app_parent\">S\u00e9rie VISION<\/span><div class=\"uk-grid uk-margin-medium-bottom uk-margin-small-top\"><div class=\"uk-width-1-3@m uk-width-1-2@s uk-margin-bottom\"><a href=\"https:\/\/www.pego.it\/fr\/produits\/electronique-modulaire\/serie-vision\/vision-sc-600\/\">\n                        <div class=\"pg_child_product_thumbnail\"><img loading=\"lazy\" decoding=\"async\" width=\"300\" height=\"224\" src=\"https:\/\/www.pego.it\/wp-content\/uploads\/2024\/07\/Pego-VISION-SC600100N-Master-Perspective-300x224.png\" class=\"attachment-medium size-medium wp-post-image\" alt=\"Centrale frigorifique et chiller\" srcset=\"https:\/\/www.pego.it\/wp-content\/uploads\/2024\/07\/Pego-VISION-SC600100N-Master-Perspective-300x224.png 300w, https:\/\/www.pego.it\/wp-content\/uploads\/2024\/07\/Pego-VISION-SC600100N-Master-Perspective-1024x765.png 1024w, https:\/\/www.pego.it\/wp-content\/uploads\/2024\/07\/Pego-VISION-SC600100N-Master-Perspective-768x574.png 768w, https:\/\/www.pego.it\/wp-content\/uploads\/2024\/07\/Pego-VISION-SC600100N-Master-Perspective.png 1445w\" sizes=\"(max-width: 300px) 100vw, 300px\" \/><\/div>\n                    <\/a><a href=\"https:\/\/www.pego.it\/fr\/produits\/electronique-modulaire\/serie-vision\/vision-sc-600\/\" class=\"pg_prod_title\">VISION\u00a0SC 600<\/a><p class=\"pg_child_product_intro\">Contr\u00f4le \u00e9lectronique pour la gestion des centrales frigorifiques. Permet de g\u00e9rer les compresseurs et les ventilateurs du condenseur r\u00e9gl\u00e9 avec une sonde...<\/p><a class=\"el-content uk-button uk-button-primary\" href=\"https:\/\/www.pego.it\/fr\/produits\/electronique-modulaire\/serie-vision\/vision-sc-600\/\" uk-scroll=\"\">En savoir plus<\/a><\/div><\/div><\/div><\/div><\/div>\n<p><!--more--><br \/>\n<!-- {\"type\":\"layout\",\"children\":[{\"type\":\"section\",\"props\":{\"header_transparent\":true,\"header_transparent_text_color\":\"light\",\"height\":\"viewport\",\"height_viewport\":80,\"image\":\"wp-content\\\/uploads\\\/2024\\\/08\\\/centrale-frigorifera.jpg\",\"image_position\":\"center-center\",\"image_size\":\"cover\",\"style\":\"default\",\"title_breakpoint\":\"xl\",\"title_position\":\"top-left\",\"title_rotation\":\"left\",\"vertical_align\":\"middle\",\"width\":\"default\"},\"children\":[{\"type\":\"row\",\"children\":[{\"type\":\"column\",\"props\":{\"image_position\":\"center-center\",\"position_sticky_breakpoint\":\"m\"}}]}]},{\"type\":\"section\",\"props\":{\"css\":\".el-section > .uk-container{\\n\\tmargin-top:-150px;\\n    background-color:#fff;\\n    padding-top:50px;\\n    padding-bottom:50px;\\n}\",\"image_position\":\"center-center\",\"padding\":\"none\",\"style\":\"muted\",\"title_breakpoint\":\"xl\",\"title_position\":\"top-left\",\"title_rotation\":\"left\",\"vertical_align\":\"middle\",\"width\":\"xlarge\"},\"children\":[{\"type\":\"row\",\"props\":{\"layout\":\"1-2,1-2\"},\"children\":[{\"type\":\"column\",\"props\":{\"image_position\":\"center-center\",\"position_sticky_breakpoint\":\"m\",\"width_medium\":\"1-2\"},\"children\":[{\"type\":\"headline\",\"props\":{\"content\":\"PEGO SRL\",\"margin_remove_bottom\":true,\"title_element\":\"div\",\"title_style\":\"text-lead\"}},{\"type\":\"headline\",\"props\":{\"content\":\"Centrale frigorifique et chiller\",\"margin_remove_top\":true,\"title_element\":\"div\",\"title_style\":\"heading-medium\"}}]},{\"type\":\"column\",\"props\":{\"image_position\":\"center-center\",\"position_sticky_breakpoint\":\"m\",\"vertical_align\":\"middle\",\"width_medium\":\"1-2\"},\"children\":[{\"type\":\"text\",\"props\":{\"column_breakpoint\":\"m\",\"content\":\"\n\n<p style=\\\"text-align: right;\\\">Produits pour la gestion de la centrale frigorifique et des syst\\u00e8mes de refroidissement<\\\/p>\",\"margin\":\"default\"}}]}]}]},{\"type\":\"section\",\"props\":{\"image_position\":\"center-center\",\"style\":\"default\",\"title_breakpoint\":\"xl\",\"title_position\":\"top-left\",\"title_rotation\":\"left\",\"vertical_align\":\"middle\",\"width\":\"xlarge\"},\"children\":[{\"type\":\"row\",\"children\":[{\"type\":\"column\",\"props\":{\"image_position\":\"center-center\",\"position_sticky_breakpoint\":\"m\"},\"children\":[{\"type\":\"text\",\"props\":{\"column_breakpoint\":\"m\",\"content\":\"[pg_single_application]\",\"margin\":\"default\"}}]}]}]}],\"version\":\"1.0.0\"} --><\/p>\n","protected":false},"excerpt":{"rendered":"<p>PEGO SRL Centrale frigorifique et chiller Produits pour la gestion de la centrale frigorifique et des syst\u00e8mes de refroidissement<\/p>\n","protected":false},"author":1,"featured_media":9643,"parent":13701,"menu_order":0,"comment_status":"closed","ping_status":"closed","template":"","meta":{"_acf_changed":false,"footnotes":""},"class_list":["post-13776","page","type-page","status-publish","has-post-thumbnail","hentry"],"acf":[],"_links":{"self":[{"href":"https:\/\/www.pego.it\/fr\/wp-json\/wp\/v2\/pages\/13776","targetHints":{"allow":["GET"]}}],"collection":[{"href":"https:\/\/www.pego.it\/fr\/wp-json\/wp\/v2\/pages"}],"about":[{"href":"https:\/\/www.pego.it\/fr\/wp-json\/wp\/v2\/types\/page"}],"author":[{"embeddable":true,"href":"https:\/\/www.pego.it\/fr\/wp-json\/wp\/v2\/users\/1"}],"replies":[{"embeddable":true,"href":"https:\/\/www.pego.it\/fr\/wp-json\/wp\/v2\/comments?post=13776"}],"version-history":[{"count":2,"href":"https:\/\/www.pego.it\/fr\/wp-json\/wp\/v2\/pages\/13776\/revisions"}],"predecessor-version":[{"id":16521,"href":"https:\/\/www.pego.it\/fr\/wp-json\/wp\/v2\/pages\/13776\/revisions\/16521"}],"up":[{"embeddable":true,"href":"https:\/\/www.pego.it\/fr\/wp-json\/wp\/v2\/pages\/13701"}],"wp:featuredmedia":[{"embeddable":true,"href":"https:\/\/www.pego.it\/fr\/wp-json\/wp\/v2\/media\/9643"}],"wp:attachment":[{"href":"https:\/\/www.pego.it\/fr\/wp-json\/wp\/v2\/media?parent=13776"}],"curies":[{"name":"wp","href":"https:\/\/api.w.org\/{rel}","templated":true}]}}