{"id":18947,"date":"2026-04-20T07:06:37","date_gmt":"2026-04-20T07:06:37","guid":{"rendered":"https:\/\/www.pego.it\/reindustrializzazione-del-processo-produttivo-della-linea-di-quadri-elettrici-serie-expert\/"},"modified":"2026-04-20T10:07:22","modified_gmt":"2026-04-20T10:07:22","slug":"reindustrializacion-del-proceso-de-fabricacion-de-la-linea-de-cuadros-electricos-de-la-serie-expert","status":"publish","type":"page","link":"https:\/\/www.pego.it\/es\/reindustrializacion-del-proceso-de-fabricacion-de-la-linea-de-cuadros-electricos-de-la-serie-expert\/","title":{"rendered":"Reindustrializaci\u00f3n del proceso de fabricaci\u00f3n de la l\u00ednea de cuadros el\u00e9ctricos de la serie \u00abExpert\u00bb"},"content":{"rendered":"<div>PEGO SRL<\/div>\n<div>Proyecto PNRR<\/div>\n<div>\n<p style=\"text-align: right;\"><strong>Reindustrializaci\u00f3n del proceso de producci\u00f3n de la l\u00ednea de cuadros el\u00e9ctricos de la serie \u00abExpert\u00bb <\/strong> <br \/>Proyecto cofinanciado por el Plan Nacional de Recuperaci\u00f3n y Resiliencia (PNRR) \u2013 Misi\u00f3n 4, Componente 2, Inversi\u00f3n 2.3<\/p>\n<\/div>\n<div>EL PROYECTO<\/div>\n<div>Reindustrializaci\u00f3n del proceso de fabricaci\u00f3n de la l\u00ednea de cuadros el\u00e9ctricos de la serie \u00abExpert\u00bb<\/div>\n<div>Pego Srl ha puesto en marcha un proyecto estrat\u00e9gico de innovaci\u00f3n y desarrollo experimental destinado a la reindustrializaci\u00f3n completa de su proceso de producci\u00f3n para la l\u00ednea de cuadros el\u00e9ctricos de las series <strong>Expert<\/strong>. La iniciativa integra tecnolog\u00edas avanzadas de automatizaci\u00f3n, digitalizaci\u00f3n e inteligencia industrial para mejorar la calidad, la eficiencia y la competitividad del producto en los mercados nacionales e internacionales.<\/div>\n<div>OBJETIVOS DEL PROYECTO<\/div>\n<ul>\n<li>\n<div><strong>Automatizaci\u00f3n y digitalizaci\u00f3n del ciclo de producci\u00f3n<\/strong><br \/>\nIntroducci\u00f3n de sistemas automatizados y soluciones de fabricaci\u00f3n digital para la producci\u00f3n de la l\u00ednea Expert, lo que permite reducir los tiempos de ciclo y aumentar la repetibilidad de la calidad.<\/div>\n<\/li>\n<li>\n<div><strong>Investigaci\u00f3n industrial y desarrollo experimental<\/strong><br \/>\nRealizaci\u00f3n de actividades de investigaci\u00f3n aplicada en colaboraci\u00f3n con el sistema del conocimiento, con el fin de desarrollar nuevas soluciones tecnol\u00f3gicas integradas en el producto y en el proceso.<\/div>\n<\/li>\n<li>\n<div><strong>Aumento de la competitividad empresarial<br \/>\n<\/strong><br \/>\nPotenciaci\u00f3n de la capacidad productiva y de la calidad del producto final, en respuesta a la creciente demanda de cuadros el\u00e9ctricos de alto rendimiento en el sector industrial.<\/div>\n<\/li>\n<li>\n<div><strong>Sostenibilidad y reducci\u00f3n del impacto medioambiental<\/strong><br \/>\nOptimizaci\u00f3n del uso de los recursos energ\u00e9ticos y los materiales en el proceso de producci\u00f3n, en consonancia con los objetivos ecol\u00f3gicos del PNRR.\n<\/div>\n<\/li>\n<li>\n<div><strong>Valorizaci\u00f3n del capital humano<br \/>\n<\/strong><br \/>\nFormaci\u00f3n del personal t\u00e9cnico y operativo en la adopci\u00f3n de las nuevas tecnolog\u00edas introducidas, fomentando la mejora de las competencias y la transferencia de conocimientos avanzados.<\/div>\n<\/li>\n<\/ul>\n<div>REFERENCIAS A LA CONVOCATORIA Y AL PLAN NACIONAL<\/div>\n<ul>\n<li>\n<h3>Centro de Competencia MADE \u2013 Convocatoria para la selecci\u00f3n de proyectos<\/h3>\n<div>\n<p>El proyecto ha sido seleccionado en el marco de la<span> <\/span><strong>convocatoria para la selecci\u00f3n de proyectos de innovaci\u00f3n, investigaci\u00f3n industrial y desarrollo experimental<\/strong><span> <\/span>gestionada por<span> <\/span><strong>MADE \u2013 Centro de Competencia para la Industria 4.0<\/strong>, el centro de competencia nacional que apoya a las empresas en su proceso de transformaci\u00f3n digital y tecnol\u00f3gica.<\/p>\n<\/div>\n<\/li>\n<li>\n<h3>PNRR \u2013 Misi\u00f3n 4 \u00b7 Componente 2 \u00b7 Inversi\u00f3n 2.3<\/h3>\n<div>\n<p>La financiaci\u00f3n se concede en el marco de la<span> <\/span><strong>Misi\u00f3n 4 \u2013 Educaci\u00f3n e Investigaci\u00f3n<\/strong>,<span> <\/span><strong>Componente 2 \u2013 De la investigaci\u00f3n a la empresa<\/strong>,<span> <\/span><strong>Inversi\u00f3n 2.3<\/strong><span> <\/span>del Plan Nacional de Recuperaci\u00f3n y Resiliencia (PNRR), financiado por la Uni\u00f3n Europea \u2013 NextGenerationEU. La inversi\u00f3n apoya proyectos de innovaci\u00f3n tecnol\u00f3gica e investigaci\u00f3n industrial realizados en colaboraci\u00f3n con los Centros de Competencia nacionales.<\/p>\n<\/div>\n<\/li>\n<\/ul>\n<div>INFORMACI\u00d3N SOBRE EL PROYECTO<\/div>\n<table>\n<tbody>\n<tr>\n<td>T\u00edtulo del proyecto<\/td>\n<td>Reindustrializaci\u00f3n del proceso de fabricaci\u00f3n de la l\u00ednea de cuadros el\u00e9ctricos de la serie \u00abExpert\u00bb<\/td>\n<\/tr>\n<tr>\n<td>Beneficiario<\/td>\n<td>Pego Srl<\/td>\n<\/tr>\n<tr>\n<td>Organismo gestor<\/td>\n<td>MADE Competence Center<\/td>\n<\/tr>\n<tr>\n<td>Programa<\/td>\n<td>PNRR \u2013 M4C2 \u2013 Inversi\u00f3n 2.3<\/td>\n<\/tr>\n<tr>\n<td>CUP<\/td>\n<td>\n<p>H29J24000150008<\/p>\n<\/td>\n<\/tr>\n<tr>\n<td>Importe financiado<\/td>\n<td>\u20ac 35.164<\/td>\n<\/tr>\n<\/tbody>\n<\/table>\n<div>\n<h3>\u20ac 35.164<\/h3>\n<p>SUBVENCI\u00d3N FINANCIADA<\/p>\n<div><span style=\"font-size:14px\">Financiaci\u00f3n p\u00fablica del PNRR<\/span><\/div>\n<\/div>\n<div>\n<h3>H29J24000150008<\/h3>\n<p>C\u00d3DIGO CUP<\/p>\n<\/div>\n<ul>\n<li>\n<h3>Programa<\/h3>\n<p>PNRR \u2013 NextGenerationEU<\/p>\n<div>Misi\u00f3n 4 \u2013 Educaci\u00f3n e Investigaci\u00f3n<br \/>\nComponente 2 \u2013 De la investigaci\u00f3n a la empresa<br \/>\nInversi\u00f3n 2.3<\/div>\n<\/li>\n<li>\n<h3>Organismo gestor<\/h3>\n<p>MADE Competence Center<\/p>\n<div>Centro Nacional de Competencia para la Industria 4.0<br \/>\n<b><a href=\"\/\/www.made-cc.eu\">www.made-cc.eu<\/a><\/b><\/div>\n<\/li>\n<li>\n<h3>Ministerio promotor<\/h3>\n<p>MIMIT<\/p>\n<div>Ministerio de Empresas<br \/>\ny del \u00abMade in Italy\u00bb<\/div>\n<\/li>\n<\/ul>\n<h4>PROGETTO COFINANZIATO DA<\/h4>\n<ul>\n<li>\n<p>        <img decoding=\"async\" src=\"\/wp-content\/uploads\/2026\/04\/mimit.webp\" alt=\"Reindustrializaci\u00f3n del proceso de fabricaci\u00f3n de la l\u00ednea de cuadros el\u00e9ctricos de la serie \u00abExpert\u00bb\"><\/p>\n<h3>MIMIT Ministero delle Imprese<br \/> e del Made in Italy<\/h3>\n<\/li>\n<li>\n<p>        <img decoding=\"async\" src=\"\/wp-content\/uploads\/2026\/04\/Flag_of_Europe.webp\" alt=\"Reindustrializaci\u00f3n del proceso de fabricaci\u00f3n de la l\u00ednea de cuadros el\u00e9ctricos de la serie \u00abExpert\u00bb\"><\/p>\n<h3>NextGenerationEU<\/h3>\n<\/li>\n<li>\n<h3>Piano Nazionale di<br \/> Ripresa e Resilienza<\/h3>\n<div>Finanziato dall&#8217;Unione Europea nell&#8217;ambito del programma NextGenerationEU\n<\/div>\n<\/li>\n<\/ul>\n<p><!--more--><br \/>\n<!-- {\"type\":\"layout\",\"children\":[{\"type\":\"section\",\"props\":{\"header_transparent\":true,\"header_transparent_text_color\":\"light\",\"height\":\"viewport\",\"height_viewport\":80,\"image\":\"wp-content\\\/uploads\\\/2026\\\/04\\\/pnrr-1.webp\",\"image_position\":\"center-center\",\"image_size\":\"cover\",\"style\":\"default\",\"title\":\"xz\",\"title_breakpoint\":\"xl\",\"title_position\":\"top-left\",\"title_rotation\":\"left\",\"vertical_align\":\"middle\",\"width\":\"default\"},\"children\":[{\"type\":\"row\",\"children\":[{\"type\":\"column\",\"props\":{\"image_position\":\"center-center\",\"position_sticky_breakpoint\":\"m\"}}]}]},{\"type\":\"section\",\"props\":{\"css\":\".el-section > .uk-container{\\n\\tmargin-top:-150px;\\n    background-color:#fff;\\n    padding-top:50px;\\n    padding-bottom:50px;\\n}\",\"image_position\":\"center-center\",\"padding\":\"none\",\"style\":\"muted\",\"title_breakpoint\":\"xl\",\"title_position\":\"top-left\",\"title_rotation\":\"left\",\"vertical_align\":\"middle\",\"width\":\"xlarge\"},\"children\":[{\"type\":\"row\",\"props\":{\"layout\":\"1-2,1-2\"},\"children\":[{\"type\":\"column\",\"props\":{\"image_position\":\"center-center\",\"position_sticky_breakpoint\":\"m\",\"width_medium\":\"1-2\"},\"children\":[{\"type\":\"headline\",\"props\":{\"content\":\"PEGO SRL\",\"margin_remove_bottom\":true,\"title_element\":\"div\",\"title_style\":\"text-lead\"}},{\"type\":\"headline\",\"props\":{\"content\":\"Proyecto PNRR\",\"margin_remove_top\":true,\"title_element\":\"div\",\"title_style\":\"heading-large\"}}]},{\"type\":\"column\",\"props\":{\"image_position\":\"center-center\",\"position_sticky_breakpoint\":\"m\",\"vertical_align\":\"middle\",\"width_medium\":\"1-2\"},\"children\":[{\"type\":\"text\",\"props\":{\"column_breakpoint\":\"m\",\"content\":\"\n\n<p style=\\\"text-align: right;\\\"><strong>Reindustrializaci\\u00f3n del proceso de producci\\u00f3n de la l\\u00ednea de cuadros el\\u00e9ctricos de la serie \\u00abExpert\\u00bb <\\\/strong> <br \\\/>Proyecto cofinanciado por el Plan Nacional de Recuperaci\\u00f3n y Resiliencia (PNRR) \\u2013 Misi\\u00f3n 4, Componente 2, Inversi\\u00f3n 2.3<\\\/p>\",\"margin\":\"default\"}}]}]}]},{\"type\":\"section\",\"props\":{\"image_position\":\"center-center\",\"padding\":\"large\",\"style\":\"muted\",\"title_breakpoint\":\"xl\",\"title_position\":\"top-left\",\"title_rotation\":\"left\",\"vertical_align\":\"middle\",\"width\":\"xlarge\"},\"children\":[{\"type\":\"row\",\"props\":{\"layout\":\"2-3,1-3\"},\"children\":[{\"type\":\"column\",\"props\":{\"image_position\":\"center-center\",\"position_sticky_breakpoint\":\"m\",\"width_medium\":\"2-3\"},\"children\":[{\"type\":\"headline\",\"props\":{\"content\":\"EL PROYECTO\",\"margin_remove_bottom\":true,\"title_element\":\"div\",\"title_style\":\"text-lead\"}},{\"type\":\"headline\",\"props\":{\"content\":\"Reindustrializaci\\u00f3n del proceso de fabricaci\\u00f3n de la l\\u00ednea de cuadros el\\u00e9ctricos de la serie \\u00abExpert\\u00bb\",\"margin_remove_top\":true,\"title_element\":\"div\",\"title_style\":\"h2\"}},{\"type\":\"text\",\"props\":{\"column_breakpoint\":\"m\",\"content\":\"Pego Srl ha puesto en marcha un proyecto estrat\\u00e9gico de innovaci\\u00f3n y desarrollo experimental destinado a la reindustrializaci\\u00f3n completa de su proceso de producci\\u00f3n para la l\\u00ednea de cuadros el\\u00e9ctricos de las series <strong>Expert<\\\/strong>. La iniciativa integra tecnolog\\u00edas avanzadas de automatizaci\\u00f3n, digitalizaci\\u00f3n e inteligencia industrial para mejorar la calidad, la eficiencia y la competitividad del producto en los mercados nacionales e internacionales.\",\"margin\":\"default\"}},{\"type\":\"headline\",\"props\":{\"content\":\"OBJETIVOS DEL PROYECTO\",\"margin\":\"medium\",\"margin_remove_bottom\":true,\"title_element\":\"div\",\"title_style\":\"text-lead\"}},{\"type\":\"list\",\"props\":{\"column_breakpoint\":\"m\",\"css\":\".el-image{\\n\\twidth:30px;\\n    height:30px;\\n    background-color:#2c2c2c;\\n    border-radius:50%;\\n    display:flex;\\n    align-items:center;\\n    justify-content:center;\\n    color:#fff;\\n    margin-top:5px;\\n}\\n.el-image svg{\\n    filter: brightness(0) invert(1);\\n}\",\"image_align\":\"left\",\"image_svg_color\":\"emphasis\",\"image_vertical_align\":false,\"list_element\":\"ul\",\"list_horizontal_separator\":\", \",\"list_type\":\"vertical\",\"show_image\":true,\"show_link\":true},\"children\":[{\"type\":\"list_item\",\"props\":{\"content\":\"<strong>Automatizaci\\u00f3n y digitalizaci\\u00f3n del ciclo de producci\\u00f3n<\\\/strong><br\\\/>\\nIntroducci\\u00f3n de sistemas automatizados y soluciones de fabricaci\\u00f3n digital para la producci\\u00f3n de la l\\u00ednea Expert, lo que permite reducir los tiempos de ciclo y aumentar la repetibilidad de la calidad.\",\"icon\":\"check\"}},{\"type\":\"list_item\",\"props\":{\"content\":\"<strong>Investigaci\\u00f3n industrial y desarrollo experimental<\\\/strong><br\\\/>\\nRealizaci\\u00f3n de actividades de investigaci\\u00f3n aplicada en colaboraci\\u00f3n con el sistema del conocimiento, con el fin de desarrollar nuevas soluciones tecnol\\u00f3gicas integradas en el producto y en el proceso.\",\"icon\":\"check\"}},{\"type\":\"list_item\",\"props\":{\"content\":\"<strong>Aumento de la competitividad empresarial\\n<\\\/strong><br\\\/>\\nPotenciaci\\u00f3n de la capacidad productiva y de la calidad del producto final, en respuesta a la creciente demanda de cuadros el\\u00e9ctricos de alto rendimiento en el sector industrial.\",\"icon\":\"check\"}},{\"type\":\"list_item\",\"props\":{\"content\":\"<strong>Sostenibilidad y reducci\\u00f3n del impacto medioambiental<\\\/strong><br\\\/>\\nOptimizaci\\u00f3n del uso de los recursos energ\\u00e9ticos y los materiales en el proceso de producci\\u00f3n, en consonancia con los objetivos ecol\\u00f3gicos del PNRR.\\n\",\"icon\":\"check\"}},{\"type\":\"list_item\",\"props\":{\"content\":\"<strong>Valorizaci\\u00f3n del capital humano\\n<\\\/strong><br\\\/>\\nFormaci\\u00f3n del personal t\\u00e9cnico y operativo en la adopci\\u00f3n de las nuevas tecnolog\\u00edas introducidas, fomentando la mejora de las competencias y la transferencia de conocimientos avanzados.\",\"icon\":\"check\"}}]},{\"type\":\"headline\",\"props\":{\"content\":\"REFERENCIAS A LA CONVOCATORIA Y AL PLAN NACIONAL\",\"margin\":\"medium\",\"margin_remove_bottom\":true,\"title_element\":\"div\",\"title_style\":\"text-lead\"}},{\"type\":\"grid\",\"props\":{\"content_column_breakpoint\":\"m\",\"css\":\".el-item{\\n\\tborder-left:4px solid #4e4b4b;\\n}\",\"filter_align\":\"left\",\"filter_all\":true,\"filter_grid_breakpoint\":\"m\",\"filter_grid_width\":\"auto\",\"filter_position\":\"top\",\"filter_style\":\"tab\",\"grid_default\":\"1\",\"grid_medium\":\"1\",\"icon_width\":80,\"image_align\":\"top\",\"image_grid_breakpoint\":\"m\",\"image_grid_width\":\"1-2\",\"image_svg_color\":\"emphasis\",\"item_animation\":true,\"lightbox_bg_close\":true,\"link_style\":\"default\",\"link_text\":\"Read more\",\"margin\":\"default\",\"meta_align\":\"below-title\",\"meta_element\":\"div\",\"meta_style\":\"h5\",\"panel_image_no_padding\":false,\"panel_padding\":\"default\",\"panel_style\":\"card-default\",\"show_content\":true,\"show_hover_image\":true,\"show_hover_video\":true,\"show_image\":true,\"show_link\":true,\"show_meta\":true,\"show_title\":true,\"show_video\":true,\"title_align\":\"top\",\"title_element\":\"h3\",\"title_grid_breakpoint\":\"m\",\"title_grid_width\":\"1-2\",\"title_hover_style\":\"reset\"},\"children\":[{\"type\":\"grid_item\",\"props\":{\"content\":\"\n\n<p>El proyecto ha sido seleccionado en el marco de la<span> <\\\/span><strong>convocatoria para la selecci\\u00f3n de proyectos de innovaci\\u00f3n, investigaci\\u00f3n industrial y desarrollo experimental<\\\/strong><span> <\\\/span>gestionada por<span> <\\\/span><strong>MADE \\u2013 Centro de Competencia para la Industria 4.0<\\\/strong>, el centro de competencia nacional que apoya a las empresas en su proceso de transformaci\\u00f3n digital y tecnol\\u00f3gica.<\\\/p>\",\"meta\":\"\",\"title\":\"Centro de Competencia MADE \\u2013 Convocatoria para la selecci\\u00f3n de proyectos\"}},{\"type\":\"grid_item\",\"props\":{\"content\":\"\n\n<p>La financiaci\\u00f3n se concede en el marco de la<span> <\\\/span><strong>Misi\\u00f3n 4 \\u2013 Educaci\\u00f3n e Investigaci\\u00f3n<\\\/strong>,<span> <\\\/span><strong>Componente 2 \\u2013 De la investigaci\\u00f3n a la empresa<\\\/strong>,<span> <\\\/span><strong>Inversi\\u00f3n 2.3<\\\/strong><span> <\\\/span>del Plan Nacional de Recuperaci\\u00f3n y Resiliencia (PNRR), financiado por la Uni\\u00f3n Europea \\u2013 NextGenerationEU. La inversi\\u00f3n apoya proyectos de innovaci\\u00f3n tecnol\\u00f3gica e investigaci\\u00f3n industrial realizados en colaboraci\\u00f3n con los Centros de Competencia nacionales.<\\\/p>\",\"meta\":\"\",\"title\":\"PNRR \\u2013 Misi\\u00f3n 4 \\u00b7 Componente 2 \\u00b7 Inversi\\u00f3n 2.3\"}}]},{\"type\":\"headline\",\"props\":{\"content\":\"INFORMACI\\u00d3N SOBRE EL PROYECTO\",\"margin\":\"medium\",\"margin_remove_bottom\":false,\"title_element\":\"div\",\"title_style\":\"text-lead\"}},{\"type\":\"table\",\"props\":{\"image_svg_color\":\"emphasis\",\"link_style\":\"default\",\"link_text\":\"Read more\",\"meta_style\":\"text-meta\",\"show_content\":true,\"show_image\":true,\"show_link\":true,\"show_meta\":true,\"show_title\":true,\"table_hover\":true,\"table_justify\":false,\"table_order\":\"1\",\"table_responsive\":\"overflow\",\"table_style\":\"striped\",\"table_width_meta\":\"shrink\",\"table_width_title\":\"shrink\"},\"children\":[{\"type\":\"table_item\",\"props\":{\"content\":\"Reindustrializaci\\u00f3n del proceso de fabricaci\\u00f3n de la l\\u00ednea de cuadros el\\u00e9ctricos de la serie \\u00abExpert\\u00bb\",\"title\":\"T\\u00edtulo del proyecto\"}},{\"type\":\"table_item\",\"props\":{\"content\":\"Pego Srl\",\"title\":\"Beneficiario\"}},{\"type\":\"table_item\",\"props\":{\"content\":\"MADE Competence Center\",\"title\":\"Organismo gestor\"}},{\"type\":\"table_item\",\"props\":{\"content\":\"PNRR \\u2013 M4C2 \\u2013 Inversi\\u00f3n 2.3\",\"title\":\"Programa\"}},{\"type\":\"table_item\",\"props\":{\"content\":\"\n\n<p>H29J24000150008<\\\/p>\",\"title\":\"CUP\"}},{\"type\":\"table_item\",\"props\":{\"content\":\"\\u20ac 35.164\",\"title\":\"Importe financiado\"}}]}]},{\"type\":\"column\",\"props\":{\"image_position\":\"center-center\",\"position_sticky_breakpoint\":\"m\",\"width_medium\":\"1-3\"},\"children\":[{\"type\":\"grid\",\"props\":{\"content_column_breakpoint\":\"m\",\"filter_align\":\"left\",\"filter_all\":true,\"filter_grid_breakpoint\":\"m\",\"filter_grid_width\":\"auto\",\"filter_position\":\"top\",\"filter_style\":\"tab\",\"grid_default\":\"1\",\"grid_medium\":\"1\",\"icon_width\":80,\"image_align\":\"top\",\"image_grid_breakpoint\":\"m\",\"image_grid_width\":\"1-2\",\"image_svg_color\":\"emphasis\",\"item_animation\":true,\"lightbox_bg_close\":true,\"link_style\":\"default\",\"link_text\":\"Read more\",\"margin\":\"default\",\"meta_align\":\"above-title\",\"meta_element\":\"div\",\"meta_style\":\"h3\",\"panel_padding\":\"default\",\"panel_style\":\"card-primary\",\"show_content\":true,\"show_hover_image\":true,\"show_hover_video\":true,\"show_image\":true,\"show_link\":true,\"show_meta\":true,\"show_title\":true,\"show_video\":true,\"text_align\":\"center\",\"title_align\":\"top\",\"title_element\":\"h3\",\"title_grid_breakpoint\":\"m\",\"title_grid_width\":\"1-2\",\"title_hover_style\":\"reset\"},\"children\":[{\"type\":\"grid_item\",\"props\":{\"content\":\"<span style=\\\"font-size:14px\\\">Financiaci\\u00f3n p\\u00fablica del PNRR<\\\/span>\",\"meta\":\"SUBVENCI\\u00d3N FINANCIADA\",\"title\":\"\\u20ac 35.164\"}}]},{\"type\":\"grid\",\"props\":{\"content_column_breakpoint\":\"m\",\"filter_align\":\"left\",\"filter_all\":true,\"filter_grid_breakpoint\":\"m\",\"filter_grid_width\":\"auto\",\"filter_position\":\"top\",\"filter_style\":\"tab\",\"grid_default\":\"1\",\"grid_medium\":\"1\",\"icon_width\":80,\"image_align\":\"top\",\"image_grid_breakpoint\":\"m\",\"image_grid_width\":\"1-2\",\"image_svg_color\":\"emphasis\",\"item_animation\":true,\"lightbox_bg_close\":true,\"link_style\":\"default\",\"link_text\":\"Read more\",\"margin\":\"default\",\"meta_align\":\"above-title\",\"meta_element\":\"div\",\"meta_style\":\"h3\",\"panel_padding\":\"default\",\"panel_style\":\"card-primary\",\"show_content\":true,\"show_hover_image\":true,\"show_hover_video\":true,\"show_image\":true,\"show_link\":true,\"show_meta\":true,\"show_title\":true,\"show_video\":true,\"text_align\":\"center\",\"title_align\":\"top\",\"title_element\":\"h3\",\"title_grid_breakpoint\":\"m\",\"title_grid_width\":\"1-2\",\"title_hover_style\":\"reset\"},\"children\":[{\"type\":\"grid_item\",\"props\":{\"content\":\"\",\"meta\":\"C\\u00d3DIGO CUP\",\"title\":\"H29J24000150008\"}}]},{\"type\":\"grid\",\"props\":{\"content_column_breakpoint\":\"m\",\"css\":\".el-content{\\n\\tfont-size:18px;\\n}\",\"filter_align\":\"left\",\"filter_all\":true,\"filter_grid_breakpoint\":\"m\",\"filter_grid_width\":\"auto\",\"filter_position\":\"top\",\"filter_style\":\"tab\",\"grid_default\":\"1\",\"grid_medium\":\"1\",\"icon_width\":80,\"image_align\":\"top\",\"image_grid_breakpoint\":\"m\",\"image_grid_width\":\"1-2\",\"image_svg_color\":\"emphasis\",\"item_animation\":true,\"lightbox_bg_close\":true,\"link_style\":\"default\",\"link_text\":\"Read more\",\"margin\":\"default\",\"meta_align\":\"below-title\",\"meta_element\":\"div\",\"meta_style\":\"h5\",\"panel_padding\":\"default\",\"panel_style\":\"card-default\",\"show_content\":true,\"show_hover_image\":true,\"show_hover_video\":true,\"show_image\":true,\"show_link\":true,\"show_meta\":true,\"show_title\":true,\"show_video\":true,\"title_align\":\"top\",\"title_element\":\"h3\",\"title_grid_breakpoint\":\"m\",\"title_grid_width\":\"1-2\",\"title_hover_style\":\"reset\"},\"children\":[{\"type\":\"grid_item\",\"props\":{\"content\":\"Misi\\u00f3n 4 \\u2013 Educaci\\u00f3n e Investigaci\\u00f3n<br\\\/>\\nComponente 2 \\u2013 De la investigaci\\u00f3n a la empresa<br\\\/>\\nInversi\\u00f3n 2.3\",\"meta\":\"PNRR \\u2013 NextGenerationEU\",\"title\":\"Programa\"}},{\"type\":\"grid_item\",\"props\":{\"content\":\"Centro Nacional de Competencia para la Industria 4.0<br\\\/>\\n<b><a href=\\\"\\\\\\\\www.made-cc.eu\\\">www.made-cc.eu<\\\/a><\\\/b>\",\"meta\":\"MADE Competence Center\",\"title\":\"Organismo gestor\"}},{\"type\":\"grid_item\",\"props\":{\"content\":\"Ministerio de Empresas\\ny del \\u00abMade in Italy\\u00bb\",\"meta\":\"MIMIT\",\"title\":\"Ministerio promotor\"}}]}]}]}]},{\"type\":\"section\",\"props\":{\"height\":\"pixels\",\"height_viewport\":50,\"image_position\":\"center-center\",\"style\":\"primary\",\"title_breakpoint\":\"xl\",\"title_position\":\"top-left\",\"title_rotation\":\"left\",\"vertical_align\":\"middle\",\"width\":\"default\"},\"children\":[{\"type\":\"row\",\"children\":[{\"type\":\"column\",\"props\":{\"image_position\":\"center-center\",\"position_sticky_breakpoint\":\"m\"},\"children\":[{\"type\":\"headline\",\"props\":{\"content\":\"PROGETTO COFINANZIATO DA\",\"text_align\":\"center\",\"title_element\":\"h4\"}},{\"type\":\"grid\",\"props\":{\"content_column_breakpoint\":\"m\",\"filter_align\":\"left\",\"filter_all\":true,\"filter_grid_breakpoint\":\"m\",\"filter_grid_width\":\"auto\",\"filter_position\":\"top\",\"filter_style\":\"tab\",\"grid_column_align\":true,\"grid_default\":\"1\",\"grid_divider\":true,\"grid_medium\":\"3\",\"icon_width\":80,\"image_align\":\"top\",\"image_grid_breakpoint\":\"m\",\"image_grid_width\":\"1-2\",\"image_height\":100,\"image_loading\":true,\"image_svg_color\":\"emphasis\",\"item_animation\":true,\"lightbox_bg_close\":true,\"link_style\":\"default\",\"link_text\":\"Read more\",\"margin\":\"default\",\"meta_align\":\"below-title\",\"meta_element\":\"div\",\"meta_style\":\"text-meta\",\"show_content\":true,\"show_hover_image\":true,\"show_hover_video\":true,\"show_image\":true,\"show_link\":true,\"show_meta\":true,\"show_title\":true,\"show_video\":true,\"text_align\":\"center\",\"title_align\":\"top\",\"title_element\":\"h3\",\"title_grid_breakpoint\":\"m\",\"title_grid_width\":\"1-2\",\"title_hover_style\":\"reset\",\"title_style\":\"text-lead\"},\"children\":[{\"type\":\"grid_item\",\"props\":{\"image\":\"wp-content\\\/uploads\\\/2026\\\/04\\\/mimit.webp\",\"title\":\"MIMIT Ministero delle Imprese<br\\\/> e del Made in Italy\"}},{\"type\":\"grid_item\",\"props\":{\"image\":\"wp-content\\\/uploads\\\/2026\\\/04\\\/Flag_of_Europe.webp\",\"title\":\"NextGenerationEU\"}},{\"type\":\"grid_item\",\"props\":{\"content\":\"Finanziato dall'Unione Europea nell'ambito del programma NextGenerationEU\\n\",\"image\":\"\",\"title\":\"Piano Nazionale di<br\\\/> Ripresa e Resilienza\"}}]}]}]}]}],\"version\":\"1.0.0\"} --><\/p>\n","protected":false},"excerpt":{"rendered":"<p>PEGO SRL Proyecto PNRR Reindustrializaci\u00f3n del proceso de producci\u00f3n de la l\u00ednea de cuadros el\u00e9ctricos de la serie \u00abExpert\u00bb Proyecto cofinanciado por el Plan Nacional de Recuperaci\u00f3n y Resiliencia (PNRR) \u2013 Misi\u00f3n 4, Componente 2, Inversi\u00f3n 2.3 EL PROYECTO Reindustrializaci\u00f3n del proceso de fabricaci\u00f3n de la l\u00ednea de cuadros el\u00e9ctricos de la serie \u00abExpert\u00bb Pego [&hellip;]<\/p>\n","protected":false},"author":1,"featured_media":0,"parent":0,"menu_order":0,"comment_status":"closed","ping_status":"closed","template":"","meta":{"_acf_changed":false,"footnotes":""},"class_list":["post-18947","page","type-page","status-publish","hentry"],"acf":[],"_links":{"self":[{"href":"https:\/\/www.pego.it\/es\/wp-json\/wp\/v2\/pages\/18947","targetHints":{"allow":["GET"]}}],"collection":[{"href":"https:\/\/www.pego.it\/es\/wp-json\/wp\/v2\/pages"}],"about":[{"href":"https:\/\/www.pego.it\/es\/wp-json\/wp\/v2\/types\/page"}],"author":[{"embeddable":true,"href":"https:\/\/www.pego.it\/es\/wp-json\/wp\/v2\/users\/1"}],"replies":[{"embeddable":true,"href":"https:\/\/www.pego.it\/es\/wp-json\/wp\/v2\/comments?post=18947"}],"version-history":[{"count":14,"href":"https:\/\/www.pego.it\/es\/wp-json\/wp\/v2\/pages\/18947\/revisions"}],"predecessor-version":[{"id":18961,"href":"https:\/\/www.pego.it\/es\/wp-json\/wp\/v2\/pages\/18947\/revisions\/18961"}],"wp:attachment":[{"href":"https:\/\/www.pego.it\/es\/wp-json\/wp\/v2\/media?parent=18947"}],"curies":[{"name":"wp","href":"https:\/\/api.w.org\/{rel}","templated":true}]}}