{"id":18581,"date":"2025-10-22T10:56:58","date_gmt":"2025-10-22T10:56:58","guid":{"rendered":"https:\/\/www.pego.it\/configuratore-ape-gld\/"},"modified":"2025-11-05T09:38:34","modified_gmt":"2025-11-05T09:38:34","slug":"configurador-ape-gld","status":"publish","type":"page","link":"https:\/\/www.pego.it\/es\/configurador-ape-gld\/","title":{"rendered":"Configurador APE GLD"},"content":{"rendered":"\n        <div class=\"ape-gld-configurator\" data-configurator>\n            <div class=\"apegld-layout\">\n                <div class=\"apegld-left\">\n                    <!-- STEP 1 -->\n\t\t\t\t\t<section class=\"step step-1 is-active\" data-step=\"1\">\n\t\t\t\t\t  <header>\n\t\t\t\t\t\t<h3>1. \u00bfQu\u00e9 tipo de gas se utiliza en el sistema?<\/h3>\n\t\t\t\t\t  <\/header>\n\t\t\t\t\t  <div class=\"options\">\n\t\t\t\t\t\t<button class=\"opt\" data-q=\"gas\" data-value=\"A3\">\n\t\t\t\t\t\t  <span class=\"label\">A3<\/span>\n\t\t\t\t\t\t  <span class=\"tooltip\">Sensor de gas A3<br>(incluye R290, R600, R600a, R601, R170, R1270)<\/span>\n\t\t\t\t\t\t<\/button>\n\n\t\t\t\t\t\t<button class=\"opt\" data-q=\"gas\" data-value=\"R454C\">\n\t\t\t\t\t\t  <span class=\"label\">R454C<\/span>\n\t\t\t\t\t\t  <span class=\"tooltip\">Sensor de gas R454C<\/span>\n\t\t\t\t\t\t<\/button>\n\n\t\t\t\t\t\t<button class=\"opt\" data-q=\"gas\" data-value=\"CO2\">\n\t\t\t\t\t\t  <span class=\"label\">CO\u2082<\/span>\n\t\t\t\t\t\t  <span class=\"tooltip\">Sensor de gas R744 (CO\u2082)<\/span>\n\t\t\t\t\t\t<\/button>\n\n\t\t\t\t\t\t<button class=\"opt\" data-q=\"gas\" data-value=\"GRUPPO1\">\n\t\t\t\t\t\t  <span class=\"label\">Grupo 1<\/span>\n\t\t\t\t\t\t  <span class=\"tooltip\">Sensor de gas para refrigerantes del Grupo 1:<br>R32, R407A, R407C, R407F, R410A, R448A, R449A, R452A, R452B, R454A, R454B, R455A, R464A, R465A, R466A, R468A, R507A<\/span>\n\t\t\t\t\t\t<\/button>\n\t\t\t\t\t  <\/div>\n\t\t\t\t\t<\/section>\n\n\n                    <!-- STEP 2 -->\n                    <section class=\"step step-2 is-locked\" data-step=\"2\">\n                        <header>\n                            <h3>2. \u00bfCu\u00e1ntos puntos de detecci\u00f3n \/ cu\u00e1ntos sensores?<\/h3>\n                        <\/header>\n                        <div class=\"options dots\">\n                                                            <button class=\"opt dot\" data-q=\"sensors\" data-value=\"1\">\n                                    <span class=\"dot-num\">1<\/span>\n                                <\/button>\n                                                            <button class=\"opt dot\" data-q=\"sensors\" data-value=\"2\">\n                                    <span class=\"dot-num\">2<\/span>\n                                <\/button>\n                                                            <button class=\"opt dot\" data-q=\"sensors\" data-value=\"3\">\n                                    <span class=\"dot-num\">3<\/span>\n                                <\/button>\n                                                            <button class=\"opt dot\" data-q=\"sensors\" data-value=\"4\">\n                                    <span class=\"dot-num\">4<\/span>\n                                <\/button>\n                                                    <\/div>\n                        <div class=\"preview-line grid-4\">\n                                                            <div class=\"preview-box\" data-preview=\"sensor-1\"><\/div>\n                                                            <div class=\"preview-box\" data-preview=\"sensor-2\"><\/div>\n                                                            <div class=\"preview-box\" data-preview=\"sensor-3\"><\/div>\n                                                            <div class=\"preview-box\" data-preview=\"sensor-4\"><\/div>\n                                                    <\/div>\n                    <\/section>\n\n                    <!-- STEP 3 -->\n                    <section class=\"step step-3 is-locked\" data-step=\"3\">\n                        <header>\n                            <h3>3. \u00bfTambi\u00e9n necesita la funci\u00f3n APE (alarma de persona en la c\u00e1mara)?<\/h3>\n                        <\/header>\n                        <div class=\"options\">\n                            <button class=\"opt\" data-q=\"ape\" data-value=\"SI\"><span class=\"label\">S\u00cd<\/span><\/button>\n                            <button class=\"opt\" data-q=\"ape\" data-value=\"NO\"><span class=\"label\">NO<\/span><\/button>\n                        <\/div>\n                        <div class=\"preview-line\">\n                            <div class=\"preview-box\" data-preview=\"siren\"><\/div>\n                        <\/div>\n                    <\/section>\n\n                    <!-- STEP 4 -->\n\t\t\t\t\t<section class=\"step step-4 is-locked\" data-step=\"4\">\n\t\t\t\t\t  <header>\n\t\t\t\t\t\t<h3>4. Si se requiere la funci\u00f3n APE, \u00bfdesea a\u00f1adir botones?<\/h3>\n\t\t\t\t\t  <\/header>\n\n\t\t\t\t\t  <!-- Prima domanda SI \/ NO -->\n\t\t\t\t\t  <div class=\"options\">\n\t\t\t\t\t\t<button class=\"opt\" data-q=\"add_buttons\" data-value=\"SI\">\n\t\t\t\t\t\t  <span class=\"label\">S\u00cd<\/span>\n\t\t\t\t\t\t<\/button>\n\t\t\t\t\t\t<button class=\"opt\" data-q=\"add_buttons\" data-value=\"NO\">\n\t\t\t\t\t\t  <span class=\"label\">NO<\/span>\n\t\t\t\t\t\t<\/button>\n\t\t\t\t\t  <\/div>\n\n\t\t\t\t\t  <!-- Se SI \u2192 mostra da 1 a 3 -->\n\t\t\t\t\t<div class=\"options dots is-hidden\" data-subgroup=\"buttons-count\">\n\t\t\t\t\t  <p class=\"buttons-count-label\">5. \u00bfCu\u00e1ntos necesita?<\/p>\n\t\t\t\t\t  <div class=\"buttons-wrapper\">\n\t\t\t\t\t\t\t\t\t\t\t\t  <button class=\"opt dot\" data-q=\"buttons\" data-value=\"1\">\n\t\t\t\t\t\t\t<span class=\"dot-num\">1<\/span>\n\t\t\t\t\t\t  <\/button>\n\t\t\t\t\t\t\t\t\t\t\t\t  <button class=\"opt dot\" data-q=\"buttons\" data-value=\"2\">\n\t\t\t\t\t\t\t<span class=\"dot-num\">2<\/span>\n\t\t\t\t\t\t  <\/button>\n\t\t\t\t\t\t\t\t\t\t\t\t  <button class=\"opt dot\" data-q=\"buttons\" data-value=\"3\">\n\t\t\t\t\t\t\t<span class=\"dot-num\">3<\/span>\n\t\t\t\t\t\t  <\/button>\n\t\t\t\t\t\t\t\t\t\t\t\t<!-- quarta \u201ccasella\u201d vuota per mantenere l\u2019allineamento a 4 colonne -->\n\t\t\t\t\t\t<div class=\"dot-placeholder\"><\/div>\n\t\t\t\t\t  <\/div>\n\t\t\t\t\t<\/div>\n\n\n\t\t\t\t\t  <div class=\"preview-line grid-4\">\n\t\t\t\t\t\t\t\t\t\t\t\t  <div class=\"preview-box\" data-preview=\"button-1\"><\/div>\n\t\t\t\t\t\t\t\t\t\t\t\t  <div class=\"preview-box\" data-preview=\"button-2\"><\/div>\n\t\t\t\t\t\t\t\t\t\t\t\t  <div class=\"preview-box\" data-preview=\"button-3\"><\/div>\n\t\t\t\t\t\t\t\t\t\t\t  <\/div>\n\t\t\t\t\t<\/section>\n\n                <\/div>\n\n                <aside class=\"apegld-right\">\n                    <div class=\"sticky\">\n                        <div class=\"summary\">\n\t\t\t\t\t\t\t<h3 class=\"summary-title\">Configuraci\u00f3n seleccionada<\/h3>\n                            <p class=\"note\"><\/p>\n                            <table class=\"result-table\">\n                                <thead>\n                                    <tr>\n                                        <th>Piezas<\/th>\n                                        <th>C\u00f3digo<\/th>\n                                        <th>Producto<\/th>\n                                    <\/tr>\n                                <\/thead>\n                                <tbody data-results><\/tbody>\n                            <\/table>\n\t\t\t\t\t\t\t<!-- Pulsante invio configurazione -->\n\t\t\t\t\t\t\t<!--<div class=\"send-config-wrap\" style=\"display:none;\">\n\t\t\t\t\t\t\t\t<button type=\"button\" class=\"send-config-btn\">Invia configurazione<\/button>\n\t\t\t\t\t\t\t<\/div>\n\n\t\t\t\t\t\t\t\n\t\t\t\t\t\t\t<div class=\"send-config-form\" style=\"display:none;\">\n\t\t\t\t\t\t\t\t<h3>Desidero essere ricontattato per avere maggiori informazioni sul prodotto<\/h3>\n\t\t\t\t\t\t\t\t<p>Riceverai il riepilogo della tua configurazione e verrai ricontattato dai nostri esperti che sapranno rispondere ad ogni tua esigenza.<\/p>\n\n\t\t\t\t\t\t\t\t<form data-config-form>\n\t\t\t\t\t\t\t\t\t<div class=\"form-group\">\n\t\t\t\t\t\t\t\t\t\t<label>Nome e Cognome<\/label>\n\t\t\t\t\t\t\t\t\t\t<input type=\"text\" name=\"fullname\" required>\n\t\t\t\t\t\t\t\t\t<\/div>\n\t\t\t\t\t\t\t\t\t<div class=\"form-group\">\n\t\t\t\t\t\t\t\t\t\t<label>Email<\/label>\n\t\t\t\t\t\t\t\t\t\t<input type=\"email\" name=\"email\" required>\n\t\t\t\t\t\t\t\t\t<\/div>\n\t\t\t\t\t\t\t\t\t<div class=\"form-group\">\n\t\t\t\t\t\t\t\t\t\t<label>Note<\/label>\n\t\t\t\t\t\t\t\t\t\t<textarea name=\"notes\" rows=\"4\"><\/textarea>\n\t\t\t\t\t\t\t\t\t<\/div>\n\t\t\t\t\t\t\t\t\t<div class=\"form-actions\">\n\t\t\t\t\t\t\t\t\t\t<button type=\"submit\" class=\"submit-config\">Invia configurazione<\/button>\n\t\t\t\t\t\t\t\t\t\t<button type=\"button\" class=\"back-to-results\">Indietro<\/button>\n\t\t\t\t\t\t\t\t\t<\/div>\n\t\t\t\t\t\t\t\t<\/form>\n\t\t\t\t\t\t\t<\/div>\n-->\n                            <div class=\"actions-row\">\n\t\t\t\t\t\t\t\t<button type=\"button\" class=\"reset\">Restablecer configuraci\u00f3n<\/button>\n\t\t\t\t\t\t\t\t<!-- \n\t\t\t\t\t\t\t\t<div class=\"send-config-wrap\" style=\"display:none;\">\n\t\t\t\t\t\t\t\t\t<button type=\"button\" class=\"send-config-btn\">Invia configurazione<\/button>\n\t\t\t\t\t\t\t\t<\/div>\n\t\t\t\t\t\t\t\t-->\n\t\t\t\t\t\t\t<\/div>\n\t\t\t\t\t\t\t\n                        <\/div>\n\t\t\t\t\t\t<div class=\"hero-preview\">\n\t\t\t\t\t\t  <img decoding=\"async\" src=\"\" alt=\"Anteprima\" data-hero>\n\t\t\t\t\t\t<\/div>\n\n                    <\/div>\n                <\/aside>\n            <\/div>\n        <\/div>\n        \n","protected":false},"excerpt":{"rendered":"","protected":false},"author":1,"featured_media":0,"parent":0,"menu_order":0,"comment_status":"closed","ping_status":"closed","template":"","meta":{"_acf_changed":false,"footnotes":""},"class_list":["post-18581","page","type-page","status-publish","hentry"],"acf":[],"_links":{"self":[{"href":"https:\/\/www.pego.it\/es\/wp-json\/wp\/v2\/pages\/18581","targetHints":{"allow":["GET"]}}],"collection":[{"href":"https:\/\/www.pego.it\/es\/wp-json\/wp\/v2\/pages"}],"about":[{"href":"https:\/\/www.pego.it\/es\/wp-json\/wp\/v2\/types\/page"}],"author":[{"embeddable":true,"href":"https:\/\/www.pego.it\/es\/wp-json\/wp\/v2\/users\/1"}],"replies":[{"embeddable":true,"href":"https:\/\/www.pego.it\/es\/wp-json\/wp\/v2\/comments?post=18581"}],"version-history":[{"count":2,"href":"https:\/\/www.pego.it\/es\/wp-json\/wp\/v2\/pages\/18581\/revisions"}],"predecessor-version":[{"id":18584,"href":"https:\/\/www.pego.it\/es\/wp-json\/wp\/v2\/pages\/18581\/revisions\/18584"}],"wp:attachment":[{"href":"https:\/\/www.pego.it\/es\/wp-json\/wp\/v2\/media?parent=18581"}],"curies":[{"name":"wp","href":"https:\/\/api.w.org\/{rel}","templated":true}]}}