{"id":5244,"date":"2024-05-09T12:03:33","date_gmt":"2024-05-09T12:03:33","guid":{"rendered":"https:\/\/pego.it\/prodotti\/"},"modified":"2024-10-03T15:42:03","modified_gmt":"2024-10-03T15:42:03","slug":"produkte","status":"publish","type":"page","link":"https:\/\/www.pego.it\/de\/produkte\/","title":{"rendered":"Produkte"},"content":{"rendered":"<ul>\n<li>\n<div>\n<div class=\"uk-text-lead uk-position-relative\" data-id=\"page#0-0-0-0\" data-element=\"\">PEGO SRL<\/div>\n<div class=\"uk-heading-small uk-position-relative uk-margin-remove-top uk-width-large maxwidth400\" data-id=\"page#0-0-0-1\" data-element=\"\">Entdecken Sie die Produktkategorien<\/div>\n<div style=\"text-align: justify;\" class=\"maxwidth400\">\n<p><strong>PEGO hat sich auf den Bereich der K\u00e4lte- und Klimatechnik spezialisiert und bietet eine breite Palette von Produkten an, die f\u00fcr jede Anwendung geeignet sind.<\/strong> Die Produktion von Standard- und kundenspezifischen Rahmen erm\u00f6glicht es, alle spezifischen Kundenanforderungen zu erf\u00fcllen. Die breite Palette an Steuerelektronik f\u00fcr die Steuerung der K\u00fchlzelle, der Reifung, der F\u00e4llung, des G\u00e4rstopps, des K\u00fchlers und des TeleNET-\u00dcberwachungssystems erm\u00f6glicht die Steuerung aller Ihrer Einheiten.<\/p>\n<\/div>\n<\/div>\n<p><a href=\"\/prodotti\/termostati\"><\/a><\/p>\n<\/li>\n<li>\n<p><img decoding=\"async\" src=\"\/wp-content\/uploads\/2024\/08\/termostati-1.png\" alt=\"Produkte\"><\/p>\n<h3>Thermostate<\/h3>\n<p><a href=\"\/de\/produkte\/thermostate\/\"><\/a><\/p>\n<\/li>\n<li>\n<p><img decoding=\"async\" src=\"\/wp-content\/uploads\/2024\/08\/elettronica-modulare-8.png\" alt=\"Produkte\"><\/p>\n<h3>Modularelektronik<\/h3>\n<p><a href=\"\/de\/produkte\/modularelektronik\/\"><\/a><\/p>\n<\/li>\n<li>\n<p><img decoding=\"async\" src=\"\/wp-content\/uploads\/2024\/10\/quadri.png\" alt=\"Produkte\"><\/p>\n<h3>Schaltk\u00e4sten<\/h3>\n<p><a href=\"\/de\/produkte\/schaltkaesten\/\"><\/a><\/p>\n<\/li>\n<li>\n<p><img decoding=\"async\" src=\"\/wp-content\/uploads\/2024\/08\/nector-2.png\" alt=\"Produkte\"><\/p>\n<h3>Nector<\/h3>\n<p><a href=\"\/de\/produkte\/bedienfelder\/\"><\/a><\/p>\n<\/li>\n<li>\n<p><img decoding=\"async\" src=\"\/wp-content\/uploads\/2024\/10\/telenet.png\" alt=\"Produkte\"><\/p>\n<h3>\u00dcberwachung<\/h3>\n<p><a href=\"\/de\/produkte\/ueberwachung\/\"><\/a><\/p>\n<\/li>\n<li>\n<p><img decoding=\"async\" src=\"\/wp-content\/uploads\/2024\/08\/accessori.png\" alt=\"Produkte\"><\/p>\n<h3>Zubeh\u00f6r<\/h3>\n<p><a href=\"\/de\/produkte\/zubehoer\/\"><\/a><\/p>\n<\/li>\n<li>\n<p><img decoding=\"async\" src=\"\/wp-content\/uploads\/2024\/08\/illuminazione.png\" alt=\"Produkte\"><\/p>\n<h3>Ausleuchtung<\/h3>\n<p><a href=\"\/de\/produkte\/ausleuchtung\/\"><\/a><\/p>\n<\/li>\n<li>\n<p><img decoding=\"async\" src=\"\/wp-content\/uploads\/2024\/10\/umidificatori.png\" alt=\"Produkte\"><\/p>\n<h3>Luftbefeuchter<\/h3>\n<p><a href=\"\/de\/produkte\/luftbefeuchter\/\"><\/a><\/p>\n<\/li>\n<\/ul>\n<p><!--more--><br \/>\n<!-- {\"type\":\"layout\",\"children\":[{\"type\":\"section\",\"props\":{\"image_position\":\"center-center\",\"style\":\"default\",\"title_breakpoint\":\"xl\",\"title_position\":\"top-left\",\"title_rotation\":\"left\",\"vertical_align\":\"middle\",\"width\":\"xlarge\"},\"children\":[{\"type\":\"row\",\"children\":[{\"type\":\"column\",\"props\":{\"image_position\":\"center-center\",\"position_sticky_breakpoint\":\"m\"},\"children\":[{\"type\":\"grid\",\"props\":{\"class\":\"grid-products\",\"content_column_breakpoint\":\"m\",\"filter_align\":\"left\",\"filter_all\":true,\"filter_grid_breakpoint\":\"m\",\"filter_grid_width\":\"auto\",\"filter_position\":\"top\",\"filter_style\":\"tab\",\"grid_default\":\"1\",\"grid_medium\":\"3\",\"icon_width\":80,\"image_align\":\"top\",\"image_grid_breakpoint\":\"m\",\"image_grid_width\":\"1-2\",\"image_link\":true,\"image_svg_color\":\"emphasis\",\"item_animation\":true,\"link_style\":\"link-text\",\"link_text\":\"\",\"margin\":\"default\",\"meta_align\":\"below-title\",\"meta_element\":\"div\",\"meta_style\":\"text-meta\",\"show_content\":true,\"show_image\":true,\"show_link\":true,\"show_meta\":true,\"show_title\":true,\"title_align\":\"top\",\"title_element\":\"h3\",\"title_grid_breakpoint\":\"m\",\"title_grid_width\":\"1-2\",\"title_hover_style\":\"reset\",\"title_link\":true,\"title_margin\":\"remove\"},\"children\":[{\"type\":\"grid_item\",\"props\":{\"content\":\"\n\n<div class=\\\"uk-text-lead uk-position-relative\\\" data-id=\\\"page#0-0-0-0\\\" data-element=\\\"\\\">PEGO SRL<\\\/div>\\n\n\n<div class=\\\"uk-heading-small uk-position-relative uk-margin-remove-top uk-width-large maxwidth400\\\" data-id=\\\"page#0-0-0-1\\\" data-element=\\\"\\\">Entdecken Sie die Produktkategorien<\\\/div>\\n\n\n<div style=\\\"text-align: justify;\\\" class=\\\"maxwidth400\\\">\\n\n\n<p><strong>PEGO hat sich auf den Bereich der K\\u00e4lte- und Klimatechnik spezialisiert und bietet eine breite Palette von Produkten an, die f\\u00fcr jede Anwendung geeignet sind.<\\\/strong> Die Produktion von Standard- und kundenspezifischen Rahmen erm\\u00f6glicht es, alle spezifischen Kundenanforderungen zu erf\\u00fcllen. Die breite Palette an Steuerelektronik f\\u00fcr die Steuerung der K\\u00fchlzelle, der Reifung, der F\\u00e4llung, des G\\u00e4rstopps, des K\\u00fchlers und des TeleNET-\\u00dcberwachungssystems erm\\u00f6glicht die Steuerung aller Ihrer Einheiten.<\\\/p>\\n<\\\/div>\",\"image\":\"\",\"link\":\"\\\/prodotti\\\/termostati\",\"meta\":\"\",\"title\":\"\"}},{\"type\":\"grid_item\",\"props\":{\"image\":\"wp-content\\\/uploads\\\/2024\\\/08\\\/termostati-1.png\",\"link\":\"\\\/de\\\/produkte\\\/thermostate\\\/\",\"title\":\"Thermostate\"}},{\"type\":\"grid_item\",\"props\":{\"image\":\"wp-content\\\/uploads\\\/2024\\\/08\\\/elettronica-modulare-8.png\",\"link\":\"\\\/de\\\/produkte\\\/modularelektronik\\\/\",\"title\":\"Modularelektronik\"}},{\"type\":\"grid_item\",\"props\":{\"image\":\"wp-content\\\/uploads\\\/2024\\\/10\\\/quadri.png\",\"link\":\"\\\/de\\\/produkte\\\/schaltkaesten\\\/\",\"title\":\"Schaltk\\u00e4sten\"}},{\"type\":\"grid_item\",\"props\":{\"image\":\"wp-content\\\/uploads\\\/2024\\\/08\\\/nector-2.png\",\"link\":\"\\\/de\\\/produkte\\\/bedienfelder\\\/\",\"title\":\"Nector\"}},{\"type\":\"grid_item\",\"props\":{\"image\":\"wp-content\\\/uploads\\\/2024\\\/10\\\/telenet.png\",\"link\":\"\\\/de\\\/produkte\\\/ueberwachung\\\/\",\"title\":\"\\u00dcberwachung\"}},{\"type\":\"grid_item\",\"props\":{\"image\":\"wp-content\\\/uploads\\\/2024\\\/08\\\/accessori.png\",\"link\":\"\\\/de\\\/produkte\\\/zubehoer\\\/\",\"title\":\"Zubeh\\u00f6r\"}},{\"type\":\"grid_item\",\"props\":{\"image\":\"wp-content\\\/uploads\\\/2024\\\/08\\\/illuminazione.png\",\"link\":\"\\\/de\\\/produkte\\\/ausleuchtung\\\/\",\"title\":\"Ausleuchtung\"}},{\"type\":\"grid_item\",\"props\":{\"image\":\"wp-content\\\/uploads\\\/2024\\\/10\\\/umidificatori.png\",\"link\":\"\\\/de\\\/produkte\\\/luftbefeuchter\\\/\",\"title\":\"Luftbefeuchter\"}}]}]}]}]},{\"type\":\"section\",\"props\":{\"image_position\":\"center-center\",\"padding_remove_top\":false,\"style\":\"muted\",\"title_breakpoint\":\"xl\",\"title_position\":\"top-left\",\"title_rotation\":\"left\",\"vertical_align\":\"middle\",\"width\":\"default\"},\"children\":[{\"type\":\"row\",\"children\":[{\"type\":\"column\",\"props\":{\"image_position\":\"center-center\",\"position_sticky_breakpoint\":\"m\"},\"children\":[{\"type\":\"module_position\",\"props\":{\"breakpoint\":\"m\",\"content\":\"pego-configurator\",\"layout\":\"stack\"}}]}]}]}],\"version\":\"1.0.0\"} --><\/p>\n","protected":false},"excerpt":{"rendered":"<p>PEGO SRL Entdecken Sie die Produktkategorien PEGO hat sich auf den Bereich der K\u00e4lte- und Klimatechnik spezialisiert und bietet eine breite Palette von Produkten an, die f\u00fcr jede Anwendung geeignet sind. Die Produktion von Standard- und kundenspezifischen Rahmen erm\u00f6glicht es, alle spezifischen Kundenanforderungen zu erf\u00fcllen. Die breite Palette an Steuerelektronik f\u00fcr die Steuerung der K\u00fchlzelle, [&hellip;]<\/p>\n","protected":false},"author":1,"featured_media":0,"parent":0,"menu_order":0,"comment_status":"closed","ping_status":"closed","template":"","meta":{"_acf_changed":false,"footnotes":""},"class_list":["post-5244","page","type-page","status-publish","hentry"],"acf":[],"_links":{"self":[{"href":"https:\/\/www.pego.it\/de\/wp-json\/wp\/v2\/pages\/5244","targetHints":{"allow":["GET"]}}],"collection":[{"href":"https:\/\/www.pego.it\/de\/wp-json\/wp\/v2\/pages"}],"about":[{"href":"https:\/\/www.pego.it\/de\/wp-json\/wp\/v2\/types\/page"}],"author":[{"embeddable":true,"href":"https:\/\/www.pego.it\/de\/wp-json\/wp\/v2\/users\/1"}],"replies":[{"embeddable":true,"href":"https:\/\/www.pego.it\/de\/wp-json\/wp\/v2\/comments?post=5244"}],"version-history":[{"count":7,"href":"https:\/\/www.pego.it\/de\/wp-json\/wp\/v2\/pages\/5244\/revisions"}],"predecessor-version":[{"id":16905,"href":"https:\/\/www.pego.it\/de\/wp-json\/wp\/v2\/pages\/5244\/revisions\/16905"}],"wp:attachment":[{"href":"https:\/\/www.pego.it\/de\/wp-json\/wp\/v2\/media?parent=5244"}],"curies":[{"name":"wp","href":"https:\/\/api.w.org\/{rel}","templated":true}]}}