{"id":18936,"date":"2026-04-20T07:06:37","date_gmt":"2026-04-20T07:06:37","guid":{"rendered":"https:\/\/www.pego.it\/reindustrializzazione-del-processo-produttivo-della-linea-di-quadri-elettrici-serie-expert\/"},"modified":"2026-04-20T09:59:01","modified_gmt":"2026-04-20T09:59:01","slug":"reindustrialisierung-des-produktionsprozesses-der-schaltschrankreihe-der-serie-expert","status":"publish","type":"page","link":"https:\/\/www.pego.it\/de\/reindustrialisierung-des-produktionsprozesses-der-schaltschrankreihe-der-serie-expert\/","title":{"rendered":"Reindustrialisierung des Produktionsprozesses der Schaltschrankreihe der Serie \u201eExpert\u201c"},"content":{"rendered":"<div>PEGO SRL<\/div>\n<div>PNRR-Projekt<\/div>\n<div>\n<p style=\"text-align: right;\"><strong>Reindustrialisierung des Produktionsprozesses der Schaltschrankreihe \u201eExpert\u201c <\/strong> <br \/>Vom Nationalen Konjunktur- und Resilienzplan (PNRR) kofinanziertes Projekt \u2013 Mission 4, Komponente 2, Investition 2.3<\/p>\n<\/div>\n<div>DAS PROJEKT<\/div>\n<div>Reindustrialisierung des Produktionsprozesses der Schaltschrankreihe der Serie \u201eExpert\u201c<\/div>\n<div>Pego Srl hat ein strategisches Innovations- und Entwicklungsprojekt ins Leben gerufen, das auf die vollst\u00e4ndige Reindustrialisierung des Produktionsprozesses f\u00fcr die Schaltschrankreihe der Serien <strong>Expert<\/strong> abzielt. Die Initiative integriert fortschrittliche Technologien aus den Bereichen Automatisierung, Digitalisierung und industrielle Intelligenz, um die Qualit\u00e4t, Effizienz und Wettbewerbsf\u00e4higkeit des Produkts auf nationalen und internationalen M\u00e4rkten zu steigern.<\/div>\n<div>ZIELE DES PROJEKTS<\/div>\n<ul>\n<li>\n<div><strong>Automatisierung und Digitalisierung des Produktionszyklus<\/strong><br \/>\nEinf\u00fchrung automatisierter Systeme und digitaler Fertigungsl\u00f6sungen f\u00fcr die Produktion der Expert-Reihe, wodurch die Durchlaufzeiten verk\u00fcrzt und die Qualit\u00e4tskonstanz verbessert werden.<\/div>\n<\/li>\n<li>\n<div><strong>Industrielle Forschung und experimentelle Entwicklung<\/strong><br \/>\nDurchf\u00fchrung angewandter Forschungsaktivit\u00e4ten in Zusammenarbeit mit dem Wissenssystem, um neue technologische L\u00f6sungen zu entwickeln, die in das Produkt und den Prozess integriert werden.<\/div>\n<\/li>\n<li>\n<div><strong>Steigerung der Wettbewerbsf\u00e4higkeit des Unternehmens<br \/>\n<\/strong><br \/>\nAusbau der Produktionskapazit\u00e4ten und Verbesserung der Qualit\u00e4t der Endprodukte als Reaktion auf die steigende Nachfrage nach leistungsstarken Schaltschr\u00e4nken im Industriesektor.<\/div>\n<\/li>\n<li>\n<div><strong>Nachhaltigkeit und Verringerung der Umweltbelastung<\/strong><br \/>\nOptimierung des Einsatzes von Energie und Materialien im Produktionsprozess im Einklang mit den Umweltzielen des PNRR.\n<\/div>\n<\/li>\n<li>\n<div><strong>F\u00f6rderung des Humankapitals<br \/>\n<\/strong><br \/>\nSchulung des technischen und operativen Personals im Umgang mit den neu eingef\u00fchrten Technologien, wobei die Weiterqualifizierung und der Transfer fortgeschrittener Kompetenzen gef\u00f6rdert werden.<\/p>\n<\/div>\n<\/li>\n<\/ul>\n<div>VERWEISE AUF DIE AUSSCHREIBUNG UND DEN NATIONALEN PLAN<\/div>\n<ul>\n<li>\n<h3>MADE Competence Center \u2013 Ausschreibung zur Projektauswahl<\/h3>\n<div>\n<p>Das Projekt wurde im Rahmen der<span> <\/span><strong>Ausschreibung zur Auswahl von Projekten in den Bereichen Innovation, industrielle Forschung und experimentelle Entwicklung<\/strong><span> <\/span>ausgew\u00e4hlt, die von<span> <\/span><strong>MADE \u2013 Kompetenzzentrum f\u00fcr Industrie 4.0<\/strong> durchgef\u00fchrt wird, dem nationalen Kompetenzzentrum, das Unternehmen auf ihrem Weg zur digitalen und technologischen Transformation unterst\u00fctzt.<\/p>\n<\/div>\n<\/li>\n<li>\n<h3>PNRR \u2013 Aufgabe 4 \u00b7 Komponente 2 \u00b7 Investition 2.3<\/h3>\n<div>\n<p>Die Finanzierung erfolgt im Rahmen der<span> <\/span><strong>Mission 4 \u2013 Bildung und Forschung<\/strong>,<span> <\/span><strong>Komponente 2 \u2013 Von der Forschung zum Unternehmen<\/strong>,<span> <\/span><strong>Investition 2.3<\/strong><span> <\/span>des Nationalen Plans f\u00fcr Wiederaufbau und Resilienz (PNRR), finanziert durch die Europ\u00e4ische Union \u2013 NextGenerationEU. Die Investition unterst\u00fctzt Projekte im Bereich technologischer Innovation und industrieller Forschung, die in Zusammenarbeit mit den nationalen Kompetenzzentren durchgef\u00fchrt werden.<\/p>\n<\/div>\n<\/li>\n<\/ul>\n<div>INFORMATIONEN ZUM PROJEKT<\/div>\n<table>\n<tbody>\n<tr>\n<td>Projekttitel<\/td>\n<td>Reindustrialisierung des Produktionsprozesses der Schaltschrankreihe der Serie \u201eExpert\u201c<\/td>\n<\/tr>\n<tr>\n<td>Beg\u00fcnstigter<\/td>\n<td>Pego Srl<\/td>\n<\/tr>\n<tr>\n<td>Tr\u00e4ger<\/td>\n<td>MADE Competence Center<\/td>\n<\/tr>\n<tr>\n<td>Programm<\/td>\n<td>PNRR \u2013 M4C2 \u2013 Investition 2.3<\/td>\n<\/tr>\n<tr>\n<td>CUP<\/td>\n<td>\n<p>H29J24000150008<\/p>\n<\/td>\n<\/tr>\n<tr>\n<td>Finanzierter Betrag<\/td>\n<td>\u20ac 35.164<\/td>\n<\/tr>\n<\/tbody>\n<\/table>\n<div>\n<h3>\u20ac 35.164<\/h3>\n<p>FINANZIERTER BEITRAG<\/p>\n<div><span style=\"font-size:14px\">\u00d6ffentliche Finanzierung im Rahmen des PNRR<\/span>\n<\/div>\n<\/div>\n<div>\n<h3>H29J24000150008<\/h3>\n<p>CODICE CUP<\/p>\n<\/div>\n<ul>\n<li>\n<h3>Programm<\/h3>\n<p>PNRR \u2013 NextGenerationEU<\/p>\n<div>Aufgabe 4 \u2013 Bildung und Forschung<br \/>\nKomponente 2 \u2013 Von der Forschung zum Unternehmen<br \/>\nInvestition 2.3<\/div>\n<\/li>\n<li>\n<h3>Tr\u00e4ger<\/h3>\n<p>MADE Competence Center<\/p>\n<div>Nationales Kompetenzzentrum f\u00fcr Industrie 4.0<br \/>\n<b><a href=\"\/\/www.made-cc.eu\">www.made-cc.eu<\/a><\/b><\/div>\n<\/li>\n<li>\n<h3>Federf\u00fchrendes Ministerium<\/h3>\n<p>MIMIT<\/p>\n<div>Ministerium f\u00fcr Unternehmen<br \/>\nund \u201eMade in Italy\u201c<\/div>\n<\/li>\n<\/ul>\n<h4>PROGETTO COFINANZIATO DA<\/h4>\n<ul>\n<li>\n<p>        <img decoding=\"async\" src=\"\/wp-content\/uploads\/2026\/04\/mimit.webp\" alt=\"Reindustrialisierung des Produktionsprozesses der Schaltschrankreihe der Serie \u201eExpert\u201c\"><\/p>\n<h3>MIMIT Ministero delle Imprese<br \/> e del Made in Italy<\/h3>\n<\/li>\n<li>\n<p>        <img decoding=\"async\" src=\"\/wp-content\/uploads\/2026\/04\/Flag_of_Europe.webp\" alt=\"Reindustrialisierung des Produktionsprozesses der Schaltschrankreihe der Serie \u201eExpert\u201c\"><\/p>\n<h3>NextGenerationEU<\/h3>\n<\/li>\n<li>\n<h3>Piano Nazionale di<br \/> Ripresa e Resilienza<\/h3>\n<div>Finanziato dall&#8217;Unione Europea nell&#8217;ambito del programma NextGenerationEU\n<\/div>\n<\/li>\n<\/ul>\n<p><!--more--><br \/>\n<!-- {\"type\":\"layout\",\"children\":[{\"type\":\"section\",\"props\":{\"header_transparent\":true,\"header_transparent_text_color\":\"light\",\"height\":\"viewport\",\"height_viewport\":80,\"image\":\"wp-content\\\/uploads\\\/2026\\\/04\\\/pnrr-1.webp\",\"image_position\":\"center-center\",\"image_size\":\"cover\",\"style\":\"default\",\"title\":\"xz\",\"title_breakpoint\":\"xl\",\"title_position\":\"top-left\",\"title_rotation\":\"left\",\"vertical_align\":\"middle\",\"width\":\"default\"},\"children\":[{\"type\":\"row\",\"children\":[{\"type\":\"column\",\"props\":{\"image_position\":\"center-center\",\"position_sticky_breakpoint\":\"m\"}}]}]},{\"type\":\"section\",\"props\":{\"css\":\".el-section > .uk-container{\\n\\tmargin-top:-150px;\\n    background-color:#fff;\\n    padding-top:50px;\\n    padding-bottom:50px;\\n}\",\"image_position\":\"center-center\",\"padding\":\"none\",\"style\":\"muted\",\"title_breakpoint\":\"xl\",\"title_position\":\"top-left\",\"title_rotation\":\"left\",\"vertical_align\":\"middle\",\"width\":\"xlarge\"},\"children\":[{\"type\":\"row\",\"props\":{\"layout\":\"1-2,1-2\"},\"children\":[{\"type\":\"column\",\"props\":{\"image_position\":\"center-center\",\"position_sticky_breakpoint\":\"m\",\"width_medium\":\"1-2\"},\"children\":[{\"type\":\"headline\",\"props\":{\"content\":\"PEGO SRL\",\"margin_remove_bottom\":true,\"title_element\":\"div\",\"title_style\":\"text-lead\"}},{\"type\":\"headline\",\"props\":{\"content\":\"PNRR-Projekt\",\"margin_remove_top\":true,\"title_element\":\"div\",\"title_style\":\"heading-large\"}}]},{\"type\":\"column\",\"props\":{\"image_position\":\"center-center\",\"position_sticky_breakpoint\":\"m\",\"vertical_align\":\"middle\",\"width_medium\":\"1-2\"},\"children\":[{\"type\":\"text\",\"props\":{\"column_breakpoint\":\"m\",\"content\":\"\n\n<p style=\\\"text-align: right;\\\"><strong>Reindustrialisierung des Produktionsprozesses der Schaltschrankreihe \\u201eExpert\\u201c <\\\/strong> <br \\\/>Vom Nationalen Konjunktur- und Resilienzplan (PNRR) kofinanziertes Projekt \\u2013 Mission 4, Komponente 2, Investition 2.3<\\\/p>\",\"margin\":\"default\"}}]}]}]},{\"type\":\"section\",\"props\":{\"image_position\":\"center-center\",\"padding\":\"large\",\"style\":\"muted\",\"title_breakpoint\":\"xl\",\"title_position\":\"top-left\",\"title_rotation\":\"left\",\"vertical_align\":\"middle\",\"width\":\"xlarge\"},\"children\":[{\"type\":\"row\",\"props\":{\"layout\":\"2-3,1-3\"},\"children\":[{\"type\":\"column\",\"props\":{\"image_position\":\"center-center\",\"position_sticky_breakpoint\":\"m\",\"width_medium\":\"2-3\"},\"children\":[{\"type\":\"headline\",\"props\":{\"content\":\"DAS PROJEKT\",\"margin_remove_bottom\":true,\"title_element\":\"div\",\"title_style\":\"text-lead\"}},{\"type\":\"headline\",\"props\":{\"content\":\"Reindustrialisierung des Produktionsprozesses der Schaltschrankreihe der Serie \\u201eExpert\\u201c\",\"margin_remove_top\":true,\"title_element\":\"div\",\"title_style\":\"h2\"}},{\"type\":\"text\",\"props\":{\"column_breakpoint\":\"m\",\"content\":\"Pego Srl hat ein strategisches Innovations- und Entwicklungsprojekt ins Leben gerufen, das auf die vollst\\u00e4ndige Reindustrialisierung des Produktionsprozesses f\\u00fcr die Schaltschrankreihe der Serien <strong>Expert<\\\/strong> abzielt. Die Initiative integriert fortschrittliche Technologien aus den Bereichen Automatisierung, Digitalisierung und industrielle Intelligenz, um die Qualit\\u00e4t, Effizienz und Wettbewerbsf\\u00e4higkeit des Produkts auf nationalen und internationalen M\\u00e4rkten zu steigern.\",\"margin\":\"default\"}},{\"type\":\"headline\",\"props\":{\"content\":\"ZIELE DES PROJEKTS\",\"margin\":\"medium\",\"margin_remove_bottom\":true,\"title_element\":\"div\",\"title_style\":\"text-lead\"}},{\"type\":\"list\",\"props\":{\"column_breakpoint\":\"m\",\"css\":\".el-image{\\n\\twidth:30px;\\n    height:30px;\\n    background-color:#2c2c2c;\\n    border-radius:50%;\\n    display:flex;\\n    align-items:center;\\n    justify-content:center;\\n    color:#fff;\\n    margin-top:5px;\\n}\\n.el-image svg{\\n    filter: brightness(0) invert(1);\\n}\",\"image_align\":\"left\",\"image_svg_color\":\"emphasis\",\"image_vertical_align\":false,\"list_element\":\"ul\",\"list_horizontal_separator\":\", \",\"list_type\":\"vertical\",\"show_image\":true,\"show_link\":true},\"children\":[{\"type\":\"list_item\",\"props\":{\"content\":\"<strong>Automatisierung und Digitalisierung des Produktionszyklus<\\\/strong><br\\\/>\\nEinf\\u00fchrung automatisierter Systeme und digitaler Fertigungsl\\u00f6sungen f\\u00fcr die Produktion der Expert-Reihe, wodurch die Durchlaufzeiten verk\\u00fcrzt und die Qualit\\u00e4tskonstanz verbessert werden.\",\"icon\":\"check\"}},{\"type\":\"list_item\",\"props\":{\"content\":\"<strong>Industrielle Forschung und experimentelle Entwicklung<\\\/strong><br\\\/>\\nDurchf\\u00fchrung angewandter Forschungsaktivit\\u00e4ten in Zusammenarbeit mit dem Wissenssystem, um neue technologische L\\u00f6sungen zu entwickeln, die in das Produkt und den Prozess integriert werden.\",\"icon\":\"check\"}},{\"type\":\"list_item\",\"props\":{\"content\":\"<strong>Steigerung der Wettbewerbsf\\u00e4higkeit des Unternehmens\\n<\\\/strong><br\\\/>\\nAusbau der Produktionskapazit\\u00e4ten und Verbesserung der Qualit\\u00e4t der Endprodukte als Reaktion auf die steigende Nachfrage nach leistungsstarken Schaltschr\\u00e4nken im Industriesektor.\",\"icon\":\"check\"}},{\"type\":\"list_item\",\"props\":{\"content\":\"<strong>Nachhaltigkeit und Verringerung der Umweltbelastung<\\\/strong><br\\\/>\\nOptimierung des Einsatzes von Energie und Materialien im Produktionsprozess im Einklang mit den Umweltzielen des PNRR.\\n\",\"icon\":\"check\"}},{\"type\":\"list_item\",\"props\":{\"content\":\"<strong>F\\u00f6rderung des Humankapitals\\n<\\\/strong><br\\\/>\\nSchulung des technischen und operativen Personals im Umgang mit den neu eingef\\u00fchrten Technologien, wobei die Weiterqualifizierung und der Transfer fortgeschrittener Kompetenzen gef\\u00f6rdert werden.\\n\\n\",\"icon\":\"check\"}}]},{\"type\":\"headline\",\"props\":{\"content\":\"VERWEISE AUF DIE AUSSCHREIBUNG UND DEN NATIONALEN PLAN\",\"margin\":\"medium\",\"margin_remove_bottom\":true,\"title_element\":\"div\",\"title_style\":\"text-lead\"}},{\"type\":\"grid\",\"props\":{\"content_column_breakpoint\":\"m\",\"css\":\".el-item{\\n\\tborder-left:4px solid #4e4b4b;\\n}\",\"filter_align\":\"left\",\"filter_all\":true,\"filter_grid_breakpoint\":\"m\",\"filter_grid_width\":\"auto\",\"filter_position\":\"top\",\"filter_style\":\"tab\",\"grid_default\":\"1\",\"grid_medium\":\"1\",\"icon_width\":80,\"image_align\":\"top\",\"image_grid_breakpoint\":\"m\",\"image_grid_width\":\"1-2\",\"image_svg_color\":\"emphasis\",\"item_animation\":true,\"lightbox_bg_close\":true,\"link_style\":\"default\",\"link_text\":\"Read more\",\"margin\":\"default\",\"meta_align\":\"below-title\",\"meta_element\":\"div\",\"meta_style\":\"h5\",\"panel_image_no_padding\":false,\"panel_padding\":\"default\",\"panel_style\":\"card-default\",\"show_content\":true,\"show_hover_image\":true,\"show_hover_video\":true,\"show_image\":true,\"show_link\":true,\"show_meta\":true,\"show_title\":true,\"show_video\":true,\"title_align\":\"top\",\"title_element\":\"h3\",\"title_grid_breakpoint\":\"m\",\"title_grid_width\":\"1-2\",\"title_hover_style\":\"reset\"},\"children\":[{\"type\":\"grid_item\",\"props\":{\"content\":\"\n\n<p>Das Projekt wurde im Rahmen der<span> <\\\/span><strong>Ausschreibung zur Auswahl von Projekten in den Bereichen Innovation, industrielle Forschung und experimentelle Entwicklung<\\\/strong><span> <\\\/span>ausgew\\u00e4hlt, die von<span> <\\\/span><strong>MADE \\u2013 Kompetenzzentrum f\\u00fcr Industrie 4.0<\\\/strong> durchgef\\u00fchrt wird, dem nationalen Kompetenzzentrum, das Unternehmen auf ihrem Weg zur digitalen und technologischen Transformation unterst\\u00fctzt.<\\\/p>\",\"meta\":\"\",\"title\":\"MADE Competence Center \\u2013 Ausschreibung zur Projektauswahl\"}},{\"type\":\"grid_item\",\"props\":{\"content\":\"\n\n<p>Die Finanzierung erfolgt im Rahmen der<span> <\\\/span><strong>Mission 4 \\u2013 Bildung und Forschung<\\\/strong>,<span> <\\\/span><strong>Komponente 2 \\u2013 Von der Forschung zum Unternehmen<\\\/strong>,<span> <\\\/span><strong>Investition 2.3<\\\/strong><span> <\\\/span>des Nationalen Plans f\\u00fcr Wiederaufbau und Resilienz (PNRR), finanziert durch die Europ\\u00e4ische Union \\u2013 NextGenerationEU. Die Investition unterst\\u00fctzt Projekte im Bereich technologischer Innovation und industrieller Forschung, die in Zusammenarbeit mit den nationalen Kompetenzzentren durchgef\\u00fchrt werden.<\\\/p>\",\"meta\":\"\",\"title\":\"PNRR \\u2013 Aufgabe 4 \\u00b7 Komponente 2 \\u00b7 Investition 2.3\"}}]},{\"type\":\"headline\",\"props\":{\"content\":\"INFORMATIONEN ZUM PROJEKT\",\"margin\":\"medium\",\"margin_remove_bottom\":false,\"title_element\":\"div\",\"title_style\":\"text-lead\"}},{\"type\":\"table\",\"props\":{\"image_svg_color\":\"emphasis\",\"link_style\":\"default\",\"link_text\":\"Read more\",\"meta_style\":\"text-meta\",\"show_content\":true,\"show_image\":true,\"show_link\":true,\"show_meta\":true,\"show_title\":true,\"table_hover\":true,\"table_justify\":false,\"table_order\":\"1\",\"table_responsive\":\"overflow\",\"table_style\":\"striped\",\"table_width_meta\":\"shrink\",\"table_width_title\":\"shrink\"},\"children\":[{\"type\":\"table_item\",\"props\":{\"content\":\"Reindustrialisierung des Produktionsprozesses der Schaltschrankreihe der Serie \\u201eExpert\\u201c\",\"title\":\"Projekttitel\"}},{\"type\":\"table_item\",\"props\":{\"content\":\"Pego Srl\",\"title\":\"Beg\\u00fcnstigter\"}},{\"type\":\"table_item\",\"props\":{\"content\":\"MADE Competence Center\",\"title\":\"Tr\\u00e4ger\"}},{\"type\":\"table_item\",\"props\":{\"content\":\"PNRR \\u2013 M4C2 \\u2013 Investition 2.3\",\"title\":\"Programm\"}},{\"type\":\"table_item\",\"props\":{\"content\":\"\n\n<p>H29J24000150008<\\\/p>\",\"title\":\"CUP\"}},{\"type\":\"table_item\",\"props\":{\"content\":\"\\u20ac 35.164\",\"title\":\"Finanzierter Betrag\"}}]}]},{\"type\":\"column\",\"props\":{\"image_position\":\"center-center\",\"position_sticky_breakpoint\":\"m\",\"width_medium\":\"1-3\"},\"children\":[{\"type\":\"grid\",\"props\":{\"content_column_breakpoint\":\"m\",\"filter_align\":\"left\",\"filter_all\":true,\"filter_grid_breakpoint\":\"m\",\"filter_grid_width\":\"auto\",\"filter_position\":\"top\",\"filter_style\":\"tab\",\"grid_default\":\"1\",\"grid_medium\":\"1\",\"icon_width\":80,\"image_align\":\"top\",\"image_grid_breakpoint\":\"m\",\"image_grid_width\":\"1-2\",\"image_svg_color\":\"emphasis\",\"item_animation\":true,\"lightbox_bg_close\":true,\"link_style\":\"default\",\"link_text\":\"Read more\",\"margin\":\"default\",\"meta_align\":\"above-title\",\"meta_element\":\"div\",\"meta_style\":\"h3\",\"panel_padding\":\"default\",\"panel_style\":\"card-primary\",\"show_content\":true,\"show_hover_image\":true,\"show_hover_video\":true,\"show_image\":true,\"show_link\":true,\"show_meta\":true,\"show_title\":true,\"show_video\":true,\"text_align\":\"center\",\"title_align\":\"top\",\"title_element\":\"h3\",\"title_grid_breakpoint\":\"m\",\"title_grid_width\":\"1-2\",\"title_hover_style\":\"reset\"},\"children\":[{\"type\":\"grid_item\",\"props\":{\"content\":\"<span style=\\\"font-size:14px\\\">\\u00d6ffentliche Finanzierung im Rahmen des PNRR<\\\/span>\\n\",\"meta\":\"FINANZIERTER BEITRAG\",\"title\":\"\\u20ac 35.164\"}}]},{\"type\":\"grid\",\"props\":{\"content_column_breakpoint\":\"m\",\"filter_align\":\"left\",\"filter_all\":true,\"filter_grid_breakpoint\":\"m\",\"filter_grid_width\":\"auto\",\"filter_position\":\"top\",\"filter_style\":\"tab\",\"grid_default\":\"1\",\"grid_medium\":\"1\",\"icon_width\":80,\"image_align\":\"top\",\"image_grid_breakpoint\":\"m\",\"image_grid_width\":\"1-2\",\"image_svg_color\":\"emphasis\",\"item_animation\":true,\"lightbox_bg_close\":true,\"link_style\":\"default\",\"link_text\":\"Read more\",\"margin\":\"default\",\"meta_align\":\"above-title\",\"meta_element\":\"div\",\"meta_style\":\"h3\",\"panel_padding\":\"default\",\"panel_style\":\"card-primary\",\"show_content\":true,\"show_hover_image\":true,\"show_hover_video\":true,\"show_image\":true,\"show_link\":true,\"show_meta\":true,\"show_title\":true,\"show_video\":true,\"text_align\":\"center\",\"title_align\":\"top\",\"title_element\":\"h3\",\"title_grid_breakpoint\":\"m\",\"title_grid_width\":\"1-2\",\"title_hover_style\":\"reset\"},\"children\":[{\"type\":\"grid_item\",\"props\":{\"content\":\"\",\"meta\":\"CODICE CUP\",\"title\":\"H29J24000150008\"}}]},{\"type\":\"grid\",\"props\":{\"content_column_breakpoint\":\"m\",\"css\":\".el-content{\\n\\tfont-size:18px;\\n}\",\"filter_align\":\"left\",\"filter_all\":true,\"filter_grid_breakpoint\":\"m\",\"filter_grid_width\":\"auto\",\"filter_position\":\"top\",\"filter_style\":\"tab\",\"grid_default\":\"1\",\"grid_medium\":\"1\",\"icon_width\":80,\"image_align\":\"top\",\"image_grid_breakpoint\":\"m\",\"image_grid_width\":\"1-2\",\"image_svg_color\":\"emphasis\",\"item_animation\":true,\"lightbox_bg_close\":true,\"link_style\":\"default\",\"link_text\":\"Read more\",\"margin\":\"default\",\"meta_align\":\"below-title\",\"meta_element\":\"div\",\"meta_style\":\"h5\",\"panel_padding\":\"default\",\"panel_style\":\"card-default\",\"show_content\":true,\"show_hover_image\":true,\"show_hover_video\":true,\"show_image\":true,\"show_link\":true,\"show_meta\":true,\"show_title\":true,\"show_video\":true,\"title_align\":\"top\",\"title_element\":\"h3\",\"title_grid_breakpoint\":\"m\",\"title_grid_width\":\"1-2\",\"title_hover_style\":\"reset\"},\"children\":[{\"type\":\"grid_item\",\"props\":{\"content\":\"Aufgabe 4 \\u2013 Bildung und Forschung<br\\\/>\\nKomponente 2 \\u2013 Von der Forschung zum Unternehmen<br\\\/>\\nInvestition 2.3\",\"meta\":\"PNRR \\u2013 NextGenerationEU\",\"title\":\"Programm\"}},{\"type\":\"grid_item\",\"props\":{\"content\":\"Nationales Kompetenzzentrum f\\u00fcr Industrie 4.0<br\\\/>\\n<b><a href=\\\"\\\\\\\\www.made-cc.eu\\\">www.made-cc.eu<\\\/a><\\\/b>\",\"meta\":\"MADE Competence Center\",\"title\":\"Tr\\u00e4ger\"}},{\"type\":\"grid_item\",\"props\":{\"content\":\"Ministerium f\\u00fcr Unternehmen\\nund \\u201eMade in Italy\\u201c\",\"meta\":\"MIMIT\",\"title\":\"Federf\\u00fchrendes Ministerium\"}}]}]}]}]},{\"type\":\"section\",\"props\":{\"height\":\"pixels\",\"height_viewport\":50,\"image_position\":\"center-center\",\"style\":\"primary\",\"title_breakpoint\":\"xl\",\"title_position\":\"top-left\",\"title_rotation\":\"left\",\"vertical_align\":\"middle\",\"width\":\"default\"},\"children\":[{\"type\":\"row\",\"children\":[{\"type\":\"column\",\"props\":{\"image_position\":\"center-center\",\"position_sticky_breakpoint\":\"m\"},\"children\":[{\"type\":\"headline\",\"props\":{\"content\":\"PROGETTO COFINANZIATO DA\",\"text_align\":\"center\",\"title_element\":\"h4\"}},{\"type\":\"grid\",\"props\":{\"content_column_breakpoint\":\"m\",\"filter_align\":\"left\",\"filter_all\":true,\"filter_grid_breakpoint\":\"m\",\"filter_grid_width\":\"auto\",\"filter_position\":\"top\",\"filter_style\":\"tab\",\"grid_column_align\":true,\"grid_default\":\"1\",\"grid_divider\":true,\"grid_medium\":\"3\",\"icon_width\":80,\"image_align\":\"top\",\"image_grid_breakpoint\":\"m\",\"image_grid_width\":\"1-2\",\"image_height\":100,\"image_loading\":true,\"image_svg_color\":\"emphasis\",\"item_animation\":true,\"lightbox_bg_close\":true,\"link_style\":\"default\",\"link_text\":\"Read more\",\"margin\":\"default\",\"meta_align\":\"below-title\",\"meta_element\":\"div\",\"meta_style\":\"text-meta\",\"show_content\":true,\"show_hover_image\":true,\"show_hover_video\":true,\"show_image\":true,\"show_link\":true,\"show_meta\":true,\"show_title\":true,\"show_video\":true,\"text_align\":\"center\",\"title_align\":\"top\",\"title_element\":\"h3\",\"title_grid_breakpoint\":\"m\",\"title_grid_width\":\"1-2\",\"title_hover_style\":\"reset\",\"title_style\":\"text-lead\"},\"children\":[{\"type\":\"grid_item\",\"props\":{\"image\":\"wp-content\\\/uploads\\\/2026\\\/04\\\/mimit.webp\",\"title\":\"MIMIT Ministero delle Imprese<br\\\/> e del Made in Italy\"}},{\"type\":\"grid_item\",\"props\":{\"image\":\"wp-content\\\/uploads\\\/2026\\\/04\\\/Flag_of_Europe.webp\",\"title\":\"NextGenerationEU\"}},{\"type\":\"grid_item\",\"props\":{\"content\":\"Finanziato dall'Unione Europea nell'ambito del programma NextGenerationEU\\n\",\"image\":\"\",\"title\":\"Piano Nazionale di<br\\\/> Ripresa e Resilienza\"}}]}]}]}]}],\"version\":\"1.0.0\"} --><\/p>\n","protected":false},"excerpt":{"rendered":"<p>PEGO SRL PNRR-Projekt Reindustrialisierung des Produktionsprozesses der Schaltschrankreihe \u201eExpert\u201c Vom Nationalen Konjunktur- und Resilienzplan (PNRR) kofinanziertes Projekt \u2013 Mission 4, Komponente 2, Investition 2.3 DAS PROJEKT Reindustrialisierung des Produktionsprozesses der Schaltschrankreihe der Serie \u201eExpert\u201c Pego Srl hat ein strategisches Innovations- und Entwicklungsprojekt ins Leben gerufen, das auf die vollst\u00e4ndige Reindustrialisierung des Produktionsprozesses f\u00fcr die Schaltschrankreihe [&hellip;]<\/p>\n","protected":false},"author":1,"featured_media":0,"parent":0,"menu_order":0,"comment_status":"closed","ping_status":"closed","template":"","meta":{"_acf_changed":false,"footnotes":""},"class_list":["post-18936","page","type-page","status-publish","hentry"],"acf":[],"_links":{"self":[{"href":"https:\/\/www.pego.it\/de\/wp-json\/wp\/v2\/pages\/18936","targetHints":{"allow":["GET"]}}],"collection":[{"href":"https:\/\/www.pego.it\/de\/wp-json\/wp\/v2\/pages"}],"about":[{"href":"https:\/\/www.pego.it\/de\/wp-json\/wp\/v2\/types\/page"}],"author":[{"embeddable":true,"href":"https:\/\/www.pego.it\/de\/wp-json\/wp\/v2\/users\/1"}],"replies":[{"embeddable":true,"href":"https:\/\/www.pego.it\/de\/wp-json\/wp\/v2\/comments?post=18936"}],"version-history":[{"count":10,"href":"https:\/\/www.pego.it\/de\/wp-json\/wp\/v2\/pages\/18936\/revisions"}],"predecessor-version":[{"id":18946,"href":"https:\/\/www.pego.it\/de\/wp-json\/wp\/v2\/pages\/18936\/revisions\/18946"}],"wp:attachment":[{"href":"https:\/\/www.pego.it\/de\/wp-json\/wp\/v2\/media?parent=18936"}],"curies":[{"name":"wp","href":"https:\/\/api.w.org\/{rel}","templated":true}]}}