{"id":13847,"date":"2024-08-28T14:23:04","date_gmt":"2024-08-28T14:23:04","guid":{"rendered":"https:\/\/pego.it\/anwendungen\/beleuchtung\/"},"modified":"2024-09-27T13:36:56","modified_gmt":"2024-09-27T13:36:56","slug":"beleuchtung","status":"publish","type":"page","link":"https:\/\/www.pego.it\/de\/anwendungen\/beleuchtung\/","title":{"rendered":"Beleuchtung"},"content":{"rendered":"<div>PEGO SRL<\/div>\n<div>Beleuchtung<\/div>\n<div>\n<p style=\"text-align: right;\">Produkte f\u00fcr die Beleuchtung des K\u00fchlraums, die dank der Verwendung der LED-Technologie Energie sparen; Dar\u00fcber hinaus garantiert das moderne und schlanke Design einen minimalen Platzbedarf.<\/p>\n<\/div>\n<div><div class=\"pg_app_container\"><div class=\"pg_app_post_type uk-margin-large-bottom\"><span class=\"uk-h3\">Ausleuchtung<\/span><br\/><div class=\"uk-grid uk-margin-medium-bottom uk-margin-small-top\"><div class=\"uk-width-1-3@m uk-width-1-2@s uk-margin-bottom\"><a href=\"https:\/\/www.pego.it\/de\/produkte\/ausleuchtung\/expert-led\/\">\n                        <div class=\"pg_child_product_thumbnail\"><img loading=\"lazy\" decoding=\"async\" width=\"300\" height=\"282\" src=\"https:\/\/www.pego.it\/wp-content\/uploads\/2024\/06\/expert_led30-300x282.png\" class=\"attachment-medium size-medium wp-post-image\" alt=\"Beleuchtung\" srcset=\"https:\/\/www.pego.it\/wp-content\/uploads\/2024\/06\/expert_led30-300x282.png 300w, https:\/\/www.pego.it\/wp-content\/uploads\/2024\/06\/expert_led30-768x722.png 768w, https:\/\/www.pego.it\/wp-content\/uploads\/2024\/06\/expert_led30.png 852w\" sizes=\"(max-width: 300px) 100vw, 300px\" \/><\/div>\n                    <\/a><a href=\"https:\/\/www.pego.it\/de\/produkte\/ausleuchtung\/expert-led\/\" class=\"pg_prod_title\">EXPERT\u00a0LED<\/a><p class=\"pg_child_product_intro\">Die Deckenleuchte EXPERT LED stellt die ideale L\u00f6sung f\u00fcr die Beleuchtung Ihrer K\u00fchlzelle dar. Dank der Verwendung der LED-Technologie tr\u00e4gt sie zur Energieeinsparung bei, und dar\u00fcber hinaus sorgt das moderne und d\u00fcnne Design f\u00fcr extrem reduzierte Abmessungen.<\/p><a class=\"el-content uk-button uk-button-primary\" href=\"https:\/\/www.pego.it\/de\/produkte\/ausleuchtung\/expert-led\/\" uk-scroll=\"\">Erfahren Sie mehr<\/a><\/div><div class=\"uk-width-1-3@m uk-width-1-2@s uk-margin-bottom\"><a href=\"https:\/\/www.pego.it\/de\/produkte\/ausleuchtung\/expert-led-emergency\/\">\n                        <div class=\"pg_child_product_thumbnail\"><img loading=\"lazy\" decoding=\"async\" width=\"300\" height=\"282\" src=\"https:\/\/www.pego.it\/wp-content\/uploads\/2024\/10\/emergency-300x282.png\" class=\"attachment-medium size-medium wp-post-image\" alt=\"Beleuchtung\" srcset=\"https:\/\/www.pego.it\/wp-content\/uploads\/2024\/10\/emergency-300x282.png 300w, https:\/\/www.pego.it\/wp-content\/uploads\/2024\/10\/emergency-768x722.png 768w, https:\/\/www.pego.it\/wp-content\/uploads\/2024\/10\/emergency.png 852w\" sizes=\"(max-width: 300px) 100vw, 300px\" \/><\/div>\n                    <\/a><a href=\"https:\/\/www.pego.it\/de\/produkte\/ausleuchtung\/expert-led-emergency\/\" class=\"pg_prod_title\">EXPERT\u00a0LED\u00a0EMERGENCY<\/a><p class=\"pg_child_product_intro\">EXPERT LED EMERGENCY ist die optimale L\u00f6sung f\u00fcr die Notbeleuchtung Ihrer K\u00fchlzelle. Der Einsatz von LED-Technologie, der hochtransparente, abgedichtete Polycarbonat-Diffusor und die sorgf\u00e4ltige elektronische Steuerung des Energieverbrauchs garantieren beste Leistungen in Bezug auf Lichtstrom und Batterielebensdauer.<\/p><a class=\"el-content uk-button uk-button-primary\" href=\"https:\/\/www.pego.it\/de\/produkte\/ausleuchtung\/expert-led-emergency\/\" uk-scroll=\"\">Erfahren Sie mehr<\/a><\/div><div class=\"uk-width-1-3@m uk-width-1-2@s uk-margin-bottom\"><a href=\"https:\/\/www.pego.it\/de\/produkte\/ausleuchtung\/expert-led-lv\/\">\n                        <div class=\"pg_child_product_thumbnail\"><img loading=\"lazy\" decoding=\"async\" width=\"300\" height=\"282\" src=\"https:\/\/www.pego.it\/wp-content\/uploads\/2024\/06\/expert_led30-300x282.png\" class=\"attachment-medium size-medium wp-post-image\" alt=\"Beleuchtung\" srcset=\"https:\/\/www.pego.it\/wp-content\/uploads\/2024\/06\/expert_led30-300x282.png 300w, https:\/\/www.pego.it\/wp-content\/uploads\/2024\/06\/expert_led30-768x722.png 768w, https:\/\/www.pego.it\/wp-content\/uploads\/2024\/06\/expert_led30.png 852w\" sizes=\"(max-width: 300px) 100vw, 300px\" \/><\/div>\n                    <\/a><a href=\"https:\/\/www.pego.it\/de\/produkte\/ausleuchtung\/expert-led-lv\/\" class=\"pg_prod_title\">EXPERT\u00a0LED\u00a0LV<\/a><p class=\"pg_child_product_intro\">Die Deckenleuchte EXPERT LED LV stellt die ideale L\u00f6sung f\u00fcr die Beleuchtung Ihrer K\u00fchlzelle dar. Dank der Verwendung der LED-Technologie tr\u00e4gt sie zur Energieeinsparung bei, und dar\u00fcber hinaus sorgt das moderne und d\u00fcnne Design f\u00fcr extrem reduzierte Abmessungen.<\/p><a class=\"el-content uk-button uk-button-primary\" href=\"https:\/\/www.pego.it\/de\/produkte\/ausleuchtung\/expert-led-lv\/\" uk-scroll=\"\">Erfahren Sie mehr<\/a><\/div><div class=\"uk-width-1-3@m uk-width-1-2@s uk-margin-bottom\"><a href=\"https:\/\/www.pego.it\/de\/produkte\/ausleuchtung\/expert-led-meat\/\">\n                        <div class=\"pg_child_product_thumbnail\"><img loading=\"lazy\" decoding=\"async\" width=\"300\" height=\"282\" src=\"https:\/\/www.pego.it\/wp-content\/uploads\/2024\/06\/expert_led30-300x282.png\" class=\"attachment-medium size-medium wp-post-image\" alt=\"Beleuchtung\" srcset=\"https:\/\/www.pego.it\/wp-content\/uploads\/2024\/06\/expert_led30-300x282.png 300w, https:\/\/www.pego.it\/wp-content\/uploads\/2024\/06\/expert_led30-768x722.png 768w, https:\/\/www.pego.it\/wp-content\/uploads\/2024\/06\/expert_led30.png 852w\" sizes=\"(max-width: 300px) 100vw, 300px\" \/><\/div>\n                    <\/a><a href=\"https:\/\/www.pego.it\/de\/produkte\/ausleuchtung\/expert-led-meat\/\" class=\"pg_prod_title\">EXPERT\u00a0LED\u00a0MEAT<\/a><p class=\"pg_child_product_intro\">Die Deckenleuchte EXPERT LED MEAT ist die optimale L\u00f6sung f\u00fcr die Pr\u00e4sentation von Fleisch in einer gek\u00fchlten Umgebung. Das rosafarbene Licht hebt am besten die Frische des Fleischs hervor.\r\nEXPERT LED MEAT, Dank der Verwendung der LED-Technologie tr\u00e4gt sie zur Energieeinsparung bei, und dar\u00fcber hinaus sorgt das moderne und d\u00fcnne Design f\u00fcr extrem reduzierte Abmessungen.<\/p><a class=\"el-content uk-button uk-button-primary\" href=\"https:\/\/www.pego.it\/de\/produkte\/ausleuchtung\/expert-led-meat\/\" uk-scroll=\"\">Erfahren Sie mehr<\/a><\/div><\/div><\/div><\/div><\/div>\n<p><!--more--><br \/>\n<!-- {\"type\":\"layout\",\"children\":[{\"type\":\"section\",\"props\":{\"header_transparent\":true,\"header_transparent_text_color\":\"light\",\"height\":\"viewport\",\"height_viewport\":80,\"image\":\"wp-content\\\/uploads\\\/2024\\\/08\\\/illuminazione-2.jpg\",\"image_position\":\"center-center\",\"image_size\":\"cover\",\"style\":\"default\",\"title_breakpoint\":\"xl\",\"title_position\":\"top-left\",\"title_rotation\":\"left\",\"vertical_align\":\"middle\",\"width\":\"default\"},\"children\":[{\"type\":\"row\",\"children\":[{\"type\":\"column\",\"props\":{\"image_position\":\"center-center\",\"position_sticky_breakpoint\":\"m\"}}]}]},{\"type\":\"section\",\"props\":{\"css\":\".el-section > .uk-container{\\n\\tmargin-top:-150px;\\n    background-color:#fff;\\n    padding-top:50px;\\n    padding-bottom:50px;\\n}\",\"image_position\":\"center-center\",\"padding\":\"none\",\"style\":\"muted\",\"title_breakpoint\":\"xl\",\"title_position\":\"top-left\",\"title_rotation\":\"left\",\"vertical_align\":\"middle\",\"width\":\"xlarge\"},\"children\":[{\"type\":\"row\",\"props\":{\"layout\":\"1-2,1-2\"},\"children\":[{\"type\":\"column\",\"props\":{\"image_position\":\"center-center\",\"position_sticky_breakpoint\":\"m\",\"width_medium\":\"1-2\"},\"children\":[{\"type\":\"headline\",\"props\":{\"content\":\"PEGO SRL\",\"margin_remove_bottom\":true,\"title_element\":\"div\",\"title_style\":\"text-lead\"}},{\"type\":\"headline\",\"props\":{\"content\":\"Beleuchtung\",\"margin_remove_top\":true,\"title_element\":\"div\",\"title_style\":\"heading-medium\"}}]},{\"type\":\"column\",\"props\":{\"image_position\":\"center-center\",\"position_sticky_breakpoint\":\"m\",\"vertical_align\":\"middle\",\"width_medium\":\"1-2\"},\"children\":[{\"type\":\"text\",\"props\":{\"column_breakpoint\":\"m\",\"content\":\"\n\n<p style=\\\"text-align: right;\\\">Produkte f\\u00fcr die Beleuchtung des K\\u00fchlraums, die dank der Verwendung der LED-Technologie Energie sparen; Dar\\u00fcber hinaus garantiert das moderne und schlanke Design einen minimalen Platzbedarf.<\\\/p>\",\"margin\":\"default\"}}]}]}]},{\"type\":\"section\",\"props\":{\"image_position\":\"center-center\",\"style\":\"default\",\"title_breakpoint\":\"xl\",\"title_position\":\"top-left\",\"title_rotation\":\"left\",\"vertical_align\":\"middle\",\"width\":\"xlarge\"},\"children\":[{\"type\":\"row\",\"children\":[{\"type\":\"column\",\"props\":{\"image_position\":\"center-center\",\"position_sticky_breakpoint\":\"m\"},\"children\":[{\"type\":\"text\",\"props\":{\"column_breakpoint\":\"m\",\"content\":\"[pg_single_application]\",\"margin\":\"default\"}}]}]}]}],\"version\":\"1.0.0\"} --><\/p>\n","protected":false},"excerpt":{"rendered":"<p>PEGO SRL Beleuchtung Produkte f\u00fcr die Beleuchtung des K\u00fchlraums, die dank der Verwendung der LED-Technologie Energie sparen; Dar\u00fcber hinaus garantiert das moderne und schlanke Design einen minimalen Platzbedarf.<\/p>\n","protected":false},"author":1,"featured_media":9773,"parent":13702,"menu_order":0,"comment_status":"closed","ping_status":"closed","template":"","meta":{"_acf_changed":false,"footnotes":""},"class_list":["post-13847","page","type-page","status-publish","has-post-thumbnail","hentry"],"acf":[],"_links":{"self":[{"href":"https:\/\/www.pego.it\/de\/wp-json\/wp\/v2\/pages\/13847","targetHints":{"allow":["GET"]}}],"collection":[{"href":"https:\/\/www.pego.it\/de\/wp-json\/wp\/v2\/pages"}],"about":[{"href":"https:\/\/www.pego.it\/de\/wp-json\/wp\/v2\/types\/page"}],"author":[{"embeddable":true,"href":"https:\/\/www.pego.it\/de\/wp-json\/wp\/v2\/users\/1"}],"replies":[{"embeddable":true,"href":"https:\/\/www.pego.it\/de\/wp-json\/wp\/v2\/comments?post=13847"}],"version-history":[{"count":2,"href":"https:\/\/www.pego.it\/de\/wp-json\/wp\/v2\/pages\/13847\/revisions"}],"predecessor-version":[{"id":16571,"href":"https:\/\/www.pego.it\/de\/wp-json\/wp\/v2\/pages\/13847\/revisions\/16571"}],"up":[{"embeddable":true,"href":"https:\/\/www.pego.it\/de\/wp-json\/wp\/v2\/pages\/13702"}],"wp:featuredmedia":[{"embeddable":true,"href":"https:\/\/www.pego.it\/de\/wp-json\/wp\/v2\/media\/9773"}],"wp:attachment":[{"href":"https:\/\/www.pego.it\/de\/wp-json\/wp\/v2\/media?parent=13847"}],"curies":[{"name":"wp","href":"https:\/\/api.w.org\/{rel}","templated":true}]}}