{"id":13132,"date":"2024-08-19T12:16:38","date_gmt":"2024-08-19T12:16:38","guid":{"rendered":"https:\/\/pego.it\/unternehmen\/"},"modified":"2025-03-19T10:26:15","modified_gmt":"2025-03-19T10:26:15","slug":"unternehmen","status":"publish","type":"page","link":"https:\/\/www.pego.it\/de\/unternehmen\/","title":{"rendered":"Unternehmen"},"content":{"rendered":"<div>PEGO SRL<\/div>\n<div>Unternehmen<\/div>\n<div>\n<p><strong>Planung und Herstellung von Schaltschr\u00e4nken und elektronischen Steuerungen f\u00fcr die gewerbliche und industrielle K\u00fchlung und Klimatisierung.<br \/><\/strong>Herstellung von LUFTBEFEUCHTERN mit eingetauchten Elektroden.<\/p>\n<\/div>\n<div>Wer wir sind<\/div>\n<div>Schalttafeln f\u00fcr K\u00fchlanlagen<\/div>\n<div>PEGO wurde 1997 gegr\u00fcndet und hat sich im Laufe der Jahre als f\u00fchrendes Unternehmen in der Entwicklung und Herstellung von Schaltschr\u00e4nken f\u00fcr die K\u00e4lte- und Klimatechnik etabliert. <\/div>\n<div>\n<p>Neben einer sehr breiten Produktpalette im Katalog befasst sich PEGO auch mit der Planung und Herstellung von nicht standardm\u00e4\u00dfigen Schaltschr\u00e4nken, die nach den spezifischen Anforderungen des Kunden hergestellt werden.<\/p>\n<p>Aufgrund der langj\u00e4hrigen Erfahrung in der Branche hat PEGO auch eine Reihe von elektronischen Steuerungen speziell f\u00fcr K\u00e4lteanwendungen entwickelt und produziert, die sich durch eine einfache Programmierung und Verwendung auszeichnen. Parallel dazu hat sich PEGO auch auf die Entwicklung und Herstellung von Tauchelektroden-Dampfbefeuchtern spezialisiert, die f\u00fcr die Qualit\u00e4t der verwendeten Materialien und das Design bekannt sind.<\/p>\n<p>Die Palette der Luftbefeuchter eignet sich f\u00fcr vielf\u00e4ltige Anwendungen wie: Industrieanlagen, B\u00fcros, zivile Einrichtungen, Callcenter, Hotels, Museen, Buchhandlungen, technologische oder medizinische Einrichtungen, Tabakindustrie, Lebensmittelindustrie, Reifung, Holzindustrie, Papierfabriken, Druckindustrie und Wellness. Die hohe Professionalit\u00e4t der technischen B\u00fcros von PEGO f\u00fchrt zu einer schnellen Reaktion auf die Kunden, sowohl in der Planungs- und Angebotsphase des Produkts als auch im Kundendienst.<\/p>\n<p>Eine der St\u00e4rken von PEGO ist der st\u00e4ndige technische Telefonsupport, der nicht nur H\u00e4ndlern und Herstellern, sondern auch direkt den Installateuren f\u00fcr alle Anwendungsprobleme, die vor Ort auftreten k\u00f6nnen, angeboten wird. Das Ziel von PEGO ist es, immer technologisch fortschrittlichere und zuverl\u00e4ssigere Produkte zu entwerfen und herzustellen, um seine Kunden voll und ganz zufrieden zu stellen.<\/p>\n<p><span>Mit einer Produktion, die vollst\u00e4ndig in Italien im Werk Occhiobello (RO) mit erneuerbarer Energie und in v\u00f6lliger Energieautonomie hergestellt wird, wird PEGO in mehr als 50 L\u00e4ndern der Welt vertrieben.<\/span><\/p>\n<\/div>\n<p><img decoding=\"async\" src=\"\/wp-content\/uploads\/2024\/10\/foto_01.jpg\" alt=\"Unternehmen\"><br \/>\n<img decoding=\"async\" src=\"\/wp-content\/uploads\/2024\/10\/home_pego.jpg\" alt=\"Unternehmen\"><\/p>\n<ul>\n<li>\n<p>        <img decoding=\"async\" src=\"\/wp-content\/uploads\/2024\/10\/foto_03.jpg\" alt=\"Unternehmen\"><\/p>\n<\/li>\n<li>\n<p>        <img decoding=\"async\" src=\"\/wp-content\/uploads\/2024\/10\/foto_11.jpg\" alt=\"Unternehmen\"><\/p>\n<\/li>\n<li>\n<p>        <img decoding=\"async\" src=\"\/wp-content\/uploads\/2024\/10\/foto_12.jpg\" alt=\"Unternehmen\"><\/p>\n<\/li>\n<li>\n<p>        <img decoding=\"async\" src=\"\/wp-content\/uploads\/2024\/10\/foto_07.jpg\" alt=\"Unternehmen\"><\/p>\n<\/li>\n<li>\n<p>        <img decoding=\"async\" src=\"\/wp-content\/uploads\/2024\/10\/foto_08.jpg\" alt=\"Unternehmen\"><\/p>\n<\/li>\n<li>\n<p>        <img decoding=\"async\" src=\"\/wp-content\/uploads\/2024\/10\/foto_09.jpg\" alt=\"Unternehmen\"><\/p>\n<\/li>\n<li>\n<p>        <img decoding=\"async\" src=\"\/wp-content\/uploads\/2024\/10\/foto_10.jpg\" alt=\"Unternehmen\"><\/p>\n<\/li>\n<\/ul>\n<p><a href=\"\/wp-content\/uploads\/2025\/03\/Certificato-TUV-ISO-9001.pdf\"><img decoding=\"async\" src=\"\/wp-content\/uploads\/2025\/03\/iso.png\" alt=\"Unternehmen\"><\/a><\/p>\n<div>Zertifizierte Qualit\u00e4t<\/div>\n<div>Wir sind der Garant<br \/>f\u00fcr Ihren Erfolg<\/div>\n<div>\n<p><strong>Die Erfahrung in der Fertigung von Schaltk\u00e4sten jeder Art im Bereich der K\u00fchlung ist unsere beste Referenz und Garantie.<\/strong><br \/>Alle unsere Produkte werden mit hochwertigen Materialien und Ger\u00e4ten hergestellt. Ebenso werden die Produktionsverfahren laufend in \u00dcbereinstimmung mit den geltenden einschl\u00e4gigen EWG-Richtlinien und entsprechenden Bezugsnormen \u00fcberpr\u00fcft. <br \/>Sollte keines unserer Serienprodukte Ihren Anforderungen entsprechen, steht Ihnen unsere technische Abteilung f\u00fcr jedwede Beratung vom Entwurf von Schaltk\u00e4sten und elektronischen Ger\u00e4ten bis hin zur Fertigung von PC-gest\u00fctzten \u00dcberwachungs- und Kontrollsystemen zur Verf\u00fcgung.<\/p>\n<\/div>\n<p><!--more--><br \/>\n<!-- {\"type\":\"layout\",\"children\":[{\"type\":\"section\",\"props\":{\"header_transparent\":true,\"header_transparent_text_color\":\"light\",\"height\":\"viewport\",\"height_viewport\":80,\"image\":\"wp-content\\\/uploads\\\/2024\\\/10\\\/pego_azienda.jpg\",\"image_position\":\"center-center\",\"image_size\":\"cover\",\"style\":\"default\",\"title_breakpoint\":\"xl\",\"title_position\":\"top-left\",\"title_rotation\":\"left\",\"vertical_align\":\"middle\",\"width\":\"default\"},\"children\":[{\"type\":\"row\",\"children\":[{\"type\":\"column\",\"props\":{\"image_position\":\"center-center\",\"position_sticky_breakpoint\":\"m\"}}]}]},{\"type\":\"section\",\"props\":{\"css\":\".el-section > .uk-container{\\n\\tmargin-top:-150px;\\n    background-color:#fff;\\n    padding-top:50px;\\n    padding-bottom:50px;\\n}\",\"image_position\":\"center-center\",\"padding\":\"none\",\"style\":\"muted\",\"title_breakpoint\":\"xl\",\"title_position\":\"top-left\",\"title_rotation\":\"left\",\"vertical_align\":\"middle\",\"width\":\"large\"},\"children\":[{\"type\":\"row\",\"props\":{\"layout\":\"1-2,1-2\"},\"children\":[{\"type\":\"column\",\"props\":{\"image_position\":\"center-center\",\"position_sticky_breakpoint\":\"m\",\"width_medium\":\"1-2\"},\"children\":[{\"type\":\"headline\",\"props\":{\"content\":\"PEGO SRL\",\"margin_remove_bottom\":true,\"title_element\":\"div\",\"title_style\":\"text-lead\"}},{\"type\":\"headline\",\"props\":{\"content\":\"Unternehmen\",\"margin_remove_top\":true,\"title_element\":\"div\",\"title_style\":\"heading-large\"}}]},{\"type\":\"column\",\"props\":{\"image_position\":\"center-center\",\"position_sticky_breakpoint\":\"m\",\"vertical_align\":\"middle\",\"width_medium\":\"1-2\"},\"children\":[{\"type\":\"text\",\"props\":{\"column_breakpoint\":\"m\",\"content\":\"\n\n<p><strong>Planung und Herstellung von Schaltschr\\u00e4nken und elektronischen Steuerungen f\\u00fcr die gewerbliche und industrielle K\\u00fchlung und Klimatisierung.<br \\\/><\\\/strong>Herstellung von LUFTBEFEUCHTERN mit eingetauchten Elektroden.<\\\/p>\",\"margin\":\"default\",\"text_align\":\"right\",\"text_align_breakpoint\":\"s\"}}]}]}]},{\"type\":\"section\",\"props\":{\"image_position\":\"center-center\",\"padding\":\"large\",\"style\":\"muted\",\"title_breakpoint\":\"xl\",\"title_position\":\"top-left\",\"title_rotation\":\"left\",\"vertical_align\":\"middle\",\"width\":\"large\"},\"children\":[{\"type\":\"row\",\"props\":{\"layout\":\"1-2,1-2\"},\"children\":[{\"type\":\"column\",\"props\":{\"image_position\":\"center-center\",\"position_sticky_breakpoint\":\"m\",\"width_medium\":\"1-2\"},\"children\":[{\"type\":\"headline\",\"props\":{\"content\":\"Wer wir sind\",\"margin_remove_bottom\":true,\"title_element\":\"div\",\"title_style\":\"text-lead\"}},{\"type\":\"headline\",\"props\":{\"content\":\"Schalttafeln f\\u00fcr K\\u00fchlanlagen\",\"margin_remove_top\":true,\"title_element\":\"div\",\"title_style\":\"h1\"}},{\"type\":\"headline\",\"props\":{\"content\":\"PEGO wurde 1997 gegr\\u00fcndet und hat sich im Laufe der Jahre als f\\u00fchrendes Unternehmen in der Entwicklung und Herstellung von Schaltschr\\u00e4nken f\\u00fcr die K\\u00e4lte- und Klimatechnik etabliert. \",\"margin_remove_bottom\":true,\"title_element\":\"div\",\"title_style\":\"text-lead\"}},{\"type\":\"text\",\"props\":{\"column_breakpoint\":\"m\",\"content\":\"\n\n<p>Neben einer sehr breiten Produktpalette im Katalog befasst sich PEGO auch mit der Planung und Herstellung von nicht standardm\\u00e4\\u00dfigen Schaltschr\\u00e4nken, die nach den spezifischen Anforderungen des Kunden hergestellt werden.<\\\/p>\\n\n\n<p>Aufgrund der langj\\u00e4hrigen Erfahrung in der Branche hat PEGO auch eine Reihe von elektronischen Steuerungen speziell f\\u00fcr K\\u00e4lteanwendungen entwickelt und produziert, die sich durch eine einfache Programmierung und Verwendung auszeichnen. Parallel dazu hat sich PEGO auch auf die Entwicklung und Herstellung von Tauchelektroden-Dampfbefeuchtern spezialisiert, die f\\u00fcr die Qualit\\u00e4t der verwendeten Materialien und das Design bekannt sind.<\\\/p>\\n\n\n<p>Die Palette der Luftbefeuchter eignet sich f\\u00fcr vielf\\u00e4ltige Anwendungen wie: Industrieanlagen, B\\u00fcros, zivile Einrichtungen, Callcenter, Hotels, Museen, Buchhandlungen, technologische oder medizinische Einrichtungen, Tabakindustrie, Lebensmittelindustrie, Reifung, Holzindustrie, Papierfabriken, Druckindustrie und Wellness. Die hohe Professionalit\\u00e4t der technischen B\\u00fcros von PEGO f\\u00fchrt zu einer schnellen Reaktion auf die Kunden, sowohl in der Planungs- und Angebotsphase des Produkts als auch im Kundendienst.<\\\/p>\\n\n\n<p>Eine der St\\u00e4rken von PEGO ist der st\\u00e4ndige technische Telefonsupport, der nicht nur H\\u00e4ndlern und Herstellern, sondern auch direkt den Installateuren f\\u00fcr alle Anwendungsprobleme, die vor Ort auftreten k\\u00f6nnen, angeboten wird. Das Ziel von PEGO ist es, immer technologisch fortschrittlichere und zuverl\\u00e4ssigere Produkte zu entwerfen und herzustellen, um seine Kunden voll und ganz zufrieden zu stellen.<\\\/p>\\n\n\n<p><span>Mit einer Produktion, die vollst\\u00e4ndig in Italien im Werk Occhiobello (RO) mit erneuerbarer Energie und in v\\u00f6lliger Energieautonomie hergestellt wird, wird PEGO in mehr als 50 L\\u00e4ndern der Welt vertrieben.<\\\/span><\\\/p>\",\"margin\":\"default\"}}]},{\"type\":\"column\",\"props\":{\"image_position\":\"center-center\",\"position_sticky_breakpoint\":\"m\",\"width_medium\":\"1-2\"},\"children\":[{\"type\":\"image\",\"props\":{\"class\":\"about-img-1\",\"image\":\"wp-content\\\/uploads\\\/2024\\\/10\\\/foto_01.jpg\",\"image_height\":400,\"image_svg_color\":\"emphasis\",\"image_width\":520,\"margin\":\"default\",\"text_align\":\"center\",\"visibility\":\"m\"}},{\"type\":\"image\",\"props\":{\"class\":\"about-img-2\",\"image\":\"wp-content\\\/uploads\\\/2024\\\/10\\\/home_pego.jpg\",\"image_height\":400,\"image_svg_color\":\"emphasis\",\"image_width\":390,\"margin\":\"default\",\"visibility\":\"m\"}},{\"type\":\"slideshow\",\"props\":{\"image_height\":400,\"image_width\":520,\"link_style\":\"default\",\"link_text\":\"Read more\",\"margin\":\"large\",\"meta_align\":\"below-title\",\"meta_element\":\"div\",\"meta_style\":\"text-meta\",\"nav\":\"dotnav\",\"nav_align\":\"center\",\"nav_breakpoint\":\"s\",\"nav_position\":\"bottom-center\",\"nav_position_margin\":\"medium\",\"overlay_animation\":\"parallax\",\"overlay_position\":\"center-left\",\"show_content\":true,\"show_link\":true,\"show_meta\":true,\"show_thumbnail\":true,\"show_title\":true,\"slidenav\":\"\",\"slidenav_breakpoint\":\"s\",\"slidenav_margin\":\"medium\",\"slidenav_outside_breakpoint\":\"xl\",\"slideshow_autoplay\":true,\"slideshow_autoplay_interval\":\"3\",\"slideshow_autoplay_pause\":false,\"slideshow_min_height\":\"400\",\"slideshow_parallax\":false,\"thumbnav_height\":\"75\",\"thumbnav_svg_color\":\"emphasis\",\"thumbnav_width\":\"100\",\"title_element\":\"h3\"},\"children\":[{\"type\":\"slideshow_item\",\"props\":{\"image\":\"wp-content\\\/uploads\\\/2024\\\/10\\\/foto_03.jpg\",\"title\":\"\"}},{\"type\":\"slideshow_item\",\"props\":{\"image\":\"wp-content\\\/uploads\\\/2024\\\/10\\\/foto_11.jpg\",\"title\":\"\"}},{\"type\":\"slideshow_item\",\"props\":{\"image\":\"wp-content\\\/uploads\\\/2024\\\/10\\\/foto_12.jpg\",\"title\":\"\"}},{\"type\":\"slideshow_item\",\"props\":{\"image\":\"wp-content\\\/uploads\\\/2024\\\/10\\\/foto_07.jpg\",\"title\":\"\"}},{\"type\":\"slideshow_item\",\"props\":{\"image\":\"wp-content\\\/uploads\\\/2024\\\/10\\\/foto_08.jpg\",\"title\":\"\"}},{\"type\":\"slideshow_item\",\"props\":{\"image\":\"wp-content\\\/uploads\\\/2024\\\/10\\\/foto_09.jpg\",\"title\":\"\"}},{\"type\":\"slideshow_item\",\"props\":{\"image\":\"wp-content\\\/uploads\\\/2024\\\/10\\\/foto_10.jpg\",\"title\":\"\"}}]}]}]}]},{\"type\":\"section\",\"props\":{\"class\":\"company-last\",\"image_position\":\"center-center\",\"padding_remove_bottom\":true,\"padding_remove_top\":true,\"style\":\"muted\",\"title_breakpoint\":\"xl\",\"title_position\":\"top-left\",\"title_rotation\":\"left\",\"vertical_align\":\"middle\",\"width\":\"large\"},\"children\":[{\"type\":\"row\",\"props\":{\"layout\":\"1-3,2-3\"},\"children\":[{\"type\":\"column\",\"props\":{\"image_position\":\"center-center\",\"position_sticky_breakpoint\":\"m\",\"vertical_align\":\"middle\",\"width_medium\":\"1-3\"},\"children\":[{\"type\":\"image\",\"props\":{\"image\":\"wp-content\\\/uploads\\\/2025\\\/03\\\/iso.png\",\"image_svg_color\":\"emphasis\",\"link\":\"wp-content\\\/uploads\\\/2025\\\/03\\\/Certificato-TUV-ISO-9001.pdf\",\"margin\":\"default\",\"text_align\":\"center\"}}]},{\"type\":\"column\",\"props\":{\"image_position\":\"center-center\",\"position_sticky_breakpoint\":\"m\",\"width_medium\":\"2-3\"},\"children\":[{\"type\":\"headline\",\"props\":{\"content\":\"Zertifizierte Qualit\\u00e4t\",\"margin_remove_bottom\":true,\"position\":\"relative\",\"title_element\":\"div\",\"title_style\":\"text-lead\"}},{\"type\":\"headline\",\"props\":{\"content\":\"Wir sind der Garant<br \\\/>f\\u00fcr Ihren Erfolg\",\"margin_remove_top\":true,\"position\":\"relative\",\"title_element\":\"div\",\"title_style\":\"h1\"}},{\"type\":\"text\",\"props\":{\"column_breakpoint\":\"m\",\"content\":\"\n\n<p><strong>Die Erfahrung in der Fertigung von Schaltk\\u00e4sten jeder Art im Bereich der K\\u00fchlung ist unsere beste Referenz und Garantie.<\\\/strong><br \\\/>Alle unsere Produkte werden mit hochwertigen Materialien und Ger\\u00e4ten hergestellt. Ebenso werden die Produktionsverfahren laufend in \\u00dcbereinstimmung mit den geltenden einschl\\u00e4gigen EWG-Richtlinien und entsprechenden Bezugsnormen \\u00fcberpr\\u00fcft. <br \\\/>Sollte keines unserer Serienprodukte Ihren Anforderungen entsprechen, steht Ihnen unsere technische Abteilung f\\u00fcr jedwede Beratung vom Entwurf von Schaltk\\u00e4sten und elektronischen Ger\\u00e4ten bis hin zur Fertigung von PC-gest\\u00fctzten \\u00dcberwachungs- und Kontrollsystemen zur Verf\\u00fcgung.<\\\/p>\",\"margin\":\"default\"}}]}]}]},{\"type\":\"section\",\"props\":{\"height\":\"pixels\",\"height_viewport\":50,\"image_position\":\"center-center\",\"style\":\"muted\",\"title_breakpoint\":\"xl\",\"title_position\":\"top-left\",\"title_rotation\":\"left\",\"vertical_align\":\"middle\",\"width\":\"default\"},\"children\":[{\"type\":\"row\",\"children\":[{\"type\":\"column\",\"props\":{\"image_position\":\"center-center\",\"position_sticky_breakpoint\":\"m\"}}]}]}],\"version\":\"1.0.0\"} --><\/p>\n","protected":false},"excerpt":{"rendered":"<p>PEGO SRL Unternehmen Planung und Herstellung von Schaltschr\u00e4nken und elektronischen Steuerungen f\u00fcr die gewerbliche und industrielle K\u00fchlung und Klimatisierung.Herstellung von LUFTBEFEUCHTERN mit eingetauchten Elektroden. Wer wir sind Schalttafeln f\u00fcr K\u00fchlanlagen PEGO wurde 1997 gegr\u00fcndet und hat sich im Laufe der Jahre als f\u00fchrendes Unternehmen in der Entwicklung und Herstellung von Schaltschr\u00e4nken f\u00fcr die K\u00e4lte- und [&hellip;]<\/p>\n","protected":false},"author":1,"featured_media":0,"parent":0,"menu_order":0,"comment_status":"closed","ping_status":"closed","template":"","meta":{"_acf_changed":false,"footnotes":""},"class_list":["post-13132","page","type-page","status-publish","hentry"],"acf":[],"_links":{"self":[{"href":"https:\/\/www.pego.it\/de\/wp-json\/wp\/v2\/pages\/13132","targetHints":{"allow":["GET"]}}],"collection":[{"href":"https:\/\/www.pego.it\/de\/wp-json\/wp\/v2\/pages"}],"about":[{"href":"https:\/\/www.pego.it\/de\/wp-json\/wp\/v2\/types\/page"}],"author":[{"embeddable":true,"href":"https:\/\/www.pego.it\/de\/wp-json\/wp\/v2\/users\/1"}],"replies":[{"embeddable":true,"href":"https:\/\/www.pego.it\/de\/wp-json\/wp\/v2\/comments?post=13132"}],"version-history":[{"count":8,"href":"https:\/\/www.pego.it\/de\/wp-json\/wp\/v2\/pages\/13132\/revisions"}],"predecessor-version":[{"id":17945,"href":"https:\/\/www.pego.it\/de\/wp-json\/wp\/v2\/pages\/13132\/revisions\/17945"}],"wp:attachment":[{"href":"https:\/\/www.pego.it\/de\/wp-json\/wp\/v2\/media?parent=13132"}],"curies":[{"name":"wp","href":"https:\/\/api.w.org\/{rel}","templated":true}]}}